{"id":261,"date":"2020-10-02T11:58:00","date_gmt":"2020-10-02T10:58:00","guid":{"rendered":"https:\/\/saltisimo.com\/?page_id=261"},"modified":"2024-02-13T14:08:44","modified_gmt":"2024-02-13T14:08:44","slug":"sal-daveiro-y-flor-de-sal","status":"publish","type":"page","link":"https:\/\/saltisimo.com\/es\/sal-daveiro-y-flor-de-sal\/","title":{"rendered":"Sal de Aveiro"},"content":{"rendered":"\t\t<div data-elementor-type=\"wp-page\" data-elementor-id=\"261\" class=\"elementor elementor-261\" data-elementor-post-type=\"page\">\n\t\t\t\t\t\t<section class=\"elementor-section elementor-top-section elementor-element elementor-element-5633bc0b elementor-section-boxed elementor-section-height-default elementor-section-height-default elementor-invisible\" data-id=\"5633bc0b\" data-element_type=\"section\" data-e-type=\"section\" data-settings=\"{&quot;animation&quot;:&quot;rotateInDownLeft&quot;}\">\n\t\t\t\t\t\t<div class=\"elementor-container elementor-column-gap-default\">\n\t\t\t\t\t<div class=\"elementor-column elementor-col-100 elementor-top-column elementor-element elementor-element-5aaa7f1d\" data-id=\"5aaa7f1d\" data-element_type=\"column\" data-e-type=\"column\">\n\t\t\t<div class=\"elementor-widget-wrap\">\n\t\t\t\t\t\t\t<\/div>\n\t\t<\/div>\n\t\t\t\t\t<\/div>\n\t\t<\/section>\n\t\t\t\t<section class=\"elementor-section elementor-top-section elementor-element elementor-element-f4400b elementor-section-stretched elementor-section-boxed elementor-section-height-default elementor-section-height-default\" data-id=\"f4400b\" data-element_type=\"section\" data-e-type=\"section\" data-settings=\"{&quot;background_background&quot;:&quot;classic&quot;,&quot;background_motion_fx_motion_fx_scrolling&quot;:&quot;yes&quot;,&quot;background_motion_fx_translateY_effect&quot;:&quot;yes&quot;,&quot;background_motion_fx_translateY_speed&quot;:{&quot;unit&quot;:&quot;px&quot;,&quot;size&quot;:10,&quot;sizes&quot;:[]},&quot;background_motion_fx_devices&quot;:[&quot;desktop&quot;,&quot;tablet&quot;],&quot;stretch_section&quot;:&quot;section-stretched&quot;,&quot;background_motion_fx_translateY_affectedRange&quot;:{&quot;unit&quot;:&quot;%&quot;,&quot;size&quot;:&quot;&quot;,&quot;sizes&quot;:{&quot;start&quot;:0,&quot;end&quot;:100}}}\">\n\t\t\t\t\t\t\t<div class=\"elementor-background-overlay\"><\/div>\n\t\t\t\t\t\t\t<div class=\"elementor-container elementor-column-gap-default\">\n\t\t\t\t\t<div class=\"elementor-column elementor-col-100 elementor-top-column elementor-element elementor-element-5a77b486\" data-id=\"5a77b486\" data-element_type=\"column\" data-e-type=\"column\">\n\t\t\t<div class=\"elementor-widget-wrap elementor-element-populated\">\n\t\t\t\t\t\t<div class=\"elementor-element elementor-element-2daa128f elementor-widget elementor-widget-heading\" data-id=\"2daa128f\" data-element_type=\"widget\" data-e-type=\"widget\" data-widget_type=\"heading.default\">\n\t\t\t\t<div class=\"elementor-widget-container\">\n\t\t\t\t\t<h1 class=\"elementor-heading-title elementor-size-default\">Le sel d&rsquo;Aveiro<\/h1>\t\t\t\t<\/div>\n\t\t\t\t<\/div>\n\t\t\t\t\t<\/div>\n\t\t<\/div>\n\t\t\t\t\t<\/div>\n\t\t<\/section>\n\t\t\t\t<section class=\"elementor-section elementor-top-section elementor-element elementor-element-575e67cb elementor-section-stretched elementor-section-boxed elementor-section-height-default elementor-section-height-default\" data-id=\"575e67cb\" data-element_type=\"section\" data-e-type=\"section\" data-settings=\"{&quot;background_background&quot;:&quot;classic&quot;,&quot;stretch_section&quot;:&quot;section-stretched&quot;}\">\n\t\t\t\t\t\t\t<div class=\"elementor-background-overlay\"><\/div>\n\t\t\t\t\t\t\t<div class=\"elementor-container elementor-column-gap-default\">\n\t\t\t\t\t<div class=\"elementor-column elementor-col-50 elementor-top-column elementor-element elementor-element-2d7badaa elementor-invisible\" data-id=\"2d7badaa\" data-element_type=\"column\" data-e-type=\"column\" data-settings=\"{&quot;animation&quot;:&quot;rotateInUpLeft&quot;}\">\n\t\t\t<div class=\"elementor-widget-wrap elementor-element-populated\">\n\t\t\t\t\t\t<div class=\"elementor-element elementor-element-59c93f58 elementor-widget elementor-widget-image\" data-id=\"59c93f58\" data-element_type=\"widget\" data-e-type=\"widget\" data-widget_type=\"image.default\">\n\t\t\t\t<div class=\"elementor-widget-container\">\n\t\t\t\t\t\t\t\t\t\t\t\t\t\t\t<img fetchpriority=\"high\" decoding=\"async\" width=\"635\" height=\"635\" src=\"https:\/\/i0.wp.com\/saltisimo.com\/wp-content\/uploads\/2020\/09\/sel-daveiro-2.jpg?fit=635%2C635&amp;ssl=1\" class=\"attachment-full size-full wp-image-278\" alt=\"gros sel d&#039;Aveiro\" srcset=\"https:\/\/i0.wp.com\/saltisimo.com\/wp-content\/uploads\/2020\/09\/sel-daveiro-2.jpg?w=635&amp;ssl=1 635w, https:\/\/i0.wp.com\/saltisimo.com\/wp-content\/uploads\/2020\/09\/sel-daveiro-2.jpg?resize=300%2C300&amp;ssl=1 300w, https:\/\/i0.wp.com\/saltisimo.com\/wp-content\/uploads\/2020\/09\/sel-daveiro-2.jpg?resize=150%2C150&amp;ssl=1 150w, https:\/\/i0.wp.com\/saltisimo.com\/wp-content\/uploads\/2020\/09\/sel-daveiro-2.jpg?resize=600%2C600&amp;ssl=1 600w, https:\/\/i0.wp.com\/saltisimo.com\/wp-content\/uploads\/2020\/09\/sel-daveiro-2.jpg?resize=100%2C100&amp;ssl=1 100w\" sizes=\"(max-width: 635px) 100vw, 635px\" \/>\t\t\t\t\t\t\t\t\t\t\t\t\t\t\t<\/div>\n\t\t\t\t<\/div>\n\t\t\t\t<div class=\"elementor-element elementor-element-3e7a975 elementor-align-center elementor-widget elementor-widget-button\" data-id=\"3e7a975\" data-element_type=\"widget\" data-e-type=\"widget\" data-widget_type=\"button.default\">\n\t\t\t\t<div class=\"elementor-widget-container\">\n\t\t\t\t\t\t\t\t\t<div class=\"elementor-button-wrapper\">\n\t\t\t\t\t<a class=\"elementor-button elementor-button-link elementor-size-sm\" href=\"https:\/\/saltisimo.com\/categorie-produit\/sel-aromatique-du-portugal\/\">\n\t\t\t\t\t\t<span class=\"elementor-button-content-wrapper\">\n\t\t\t\t\t\t\t\t\t<span class=\"elementor-button-text\">Visiter notre boutique<\/span>\n\t\t\t\t\t<\/span>\n\t\t\t\t\t<\/a>\n\t\t\t\t<\/div>\n\t\t\t\t\t\t\t\t<\/div>\n\t\t\t\t<\/div>\n\t\t\t\t\t<\/div>\n\t\t<\/div>\n\t\t\t\t<div class=\"elementor-column elementor-col-50 elementor-top-column elementor-element elementor-element-1fdc7928 elementor-invisible\" data-id=\"1fdc7928\" data-element_type=\"column\" data-e-type=\"column\" data-settings=\"{&quot;animation&quot;:&quot;fadeInRight&quot;}\">\n\t\t\t<div class=\"elementor-widget-wrap elementor-element-populated\">\n\t\t\t\t\t\t<div class=\"elementor-element elementor-element-4a906883 elementor-widget elementor-widget-heading\" data-id=\"4a906883\" data-element_type=\"widget\" data-e-type=\"widget\" data-widget_type=\"heading.default\">\n\t\t\t\t<div class=\"elementor-widget-container\">\n\t\t\t\t\t<h6 class=\"elementor-heading-title elementor-size-default\">SaltiSimo pr\u00e9sente<\/h6>\t\t\t\t<\/div>\n\t\t\t\t<\/div>\n\t\t\t\t<div class=\"elementor-element elementor-element-6a8b30e4 elementor-widget elementor-widget-heading\" data-id=\"6a8b30e4\" data-element_type=\"widget\" data-e-type=\"widget\" data-widget_type=\"heading.default\">\n\t\t\t\t<div class=\"elementor-widget-container\">\n\t\t\t\t\t<h2 class=\"elementor-heading-title elementor-size-default\">Gros sel et fleur de sel d'Aveiro<\/h2>\t\t\t\t<\/div>\n\t\t\t\t<\/div>\n\t\t\t\t<div class=\"elementor-element elementor-element-623badd8 elementor-widget elementor-widget-text-editor\" data-id=\"623badd8\" data-element_type=\"widget\" data-e-type=\"widget\" data-widget_type=\"text-editor.default\">\n\t\t\t\t<div class=\"elementor-widget-container\">\n\t\t\t\t\t\t\t\t\t<p>Le sel et la fleur de sel d\u2019Aveiro sont encore r\u00e9colt\u00e9s manuellement.<\/p><p>C&rsquo;est un sel de mer, sans additifs, qui n\u2019est ni raffin\u00e9 ni lav\u00e9 apr\u00e8s avoir \u00e9t\u00e9 r\u00e9colt\u00e9, ce qui fait de lui un sel naturel.\u00a0Ils sont si blanc et brillant, qu\u2019ils sont magnifiques \u00e0 voir naturellement.\u00a0<\/p><p>On le reconna\u00eet car sa forme est irr\u00e9guli\u00e8re et ses\u00a0 cristaux sont \u00e9pais, homog\u00e8nes et compacts, de purs diamants, car durs \u00e0 casser manuellement.\u00a0<\/p><p>La \u00abFleur de sel d\u2019Aveiro\u00bb est plus fragile comme du cristal, elle est compos\u00e9e de petits cristaux, dont certains sont dispos\u00e9s en roseaux, faciles \u00e0 d\u00e9faire avec les doigts.<\/p>\t\t\t\t\t\t\t\t<\/div>\n\t\t\t\t<\/div>\n\t\t\t\t<div class=\"elementor-element elementor-element-47b4fa2 elementor-widget elementor-widget-text-editor\" data-id=\"47b4fa2\" data-element_type=\"widget\" data-e-type=\"widget\" data-widget_type=\"text-editor.default\">\n\t\t\t\t<div class=\"elementor-widget-container\">\n\t\t\t\t\t\t\t\t\t<p>Le sel et la fleur ont des caract\u00e9ristiques uniques qui r\u00e9sultent de leur propre m\u00e9thode de production ancestrale et artisanale. Le climat ainsi que l\u2019environnement favorisent cette excellence. Le m\u00e9lange apport\u00e9 par l\u2019oc\u00e9an atlantique et la biodiversit\u00e9 pr\u00e9sente dans la <a href=\"https:\/\/portobeautiful.com\/aveiro-le-venise-portugais\/\" target=\"_blank\" rel=\"nofollow noopener\">Ria de Aveiro<\/a> leur donnent un go\u00fbt unique de violette.\u00a0<\/p><p>Le produit est principalement compos\u00e9 de chlorure de sodium, y compris d&rsquo;autres \u00e9l\u00e9ments tels que le calcium, le magn\u00e9sium, le potassium, le fer et l&rsquo;iode, et bien d\u2019autres encore.<\/p>\t\t\t\t\t\t\t\t<\/div>\n\t\t\t\t<\/div>\n\t\t\t\t\t<\/div>\n\t\t<\/div>\n\t\t\t\t\t<\/div>\n\t\t<\/section>\n\t\t\t\t<section class=\"elementor-section elementor-top-section elementor-element elementor-element-6e889267 elementor-section-stretched elementor-section-boxed elementor-section-height-default elementor-section-height-default\" data-id=\"6e889267\" data-element_type=\"section\" data-e-type=\"section\" data-settings=\"{&quot;stretch_section&quot;:&quot;section-stretched&quot;,&quot;background_background&quot;:&quot;classic&quot;}\">\n\t\t\t\t\t\t<div class=\"elementor-container elementor-column-gap-default\">\n\t\t\t\t\t<div class=\"elementor-column elementor-col-50 elementor-top-column elementor-element elementor-element-213bdabb elementor-invisible\" data-id=\"213bdabb\" data-element_type=\"column\" data-e-type=\"column\" data-settings=\"{&quot;animation&quot;:&quot;fadeInLeft&quot;}\">\n\t\t\t<div class=\"elementor-widget-wrap elementor-element-populated\">\n\t\t\t\t\t\t<div class=\"elementor-element elementor-element-14786d0 elementor-widget elementor-widget-heading\" data-id=\"14786d0\" data-element_type=\"widget\" data-e-type=\"widget\" data-widget_type=\"heading.default\">\n\t\t\t\t<div class=\"elementor-widget-container\">\n\t\t\t\t\t<h6 class=\"elementor-heading-title elementor-size-default\">FAQ<\/h6>\t\t\t\t<\/div>\n\t\t\t\t<\/div>\n\t\t\t\t<div class=\"elementor-element elementor-element-4da2c42a elementor-widget elementor-widget-heading\" data-id=\"4da2c42a\" data-element_type=\"widget\" data-e-type=\"widget\" data-widget_type=\"heading.default\">\n\t\t\t\t<div class=\"elementor-widget-container\">\n\t\t\t\t\t<h2 class=\"elementor-heading-title elementor-size-default\">Questions les plus courantes <\/h2>\t\t\t\t<\/div>\n\t\t\t\t<\/div>\n\t\t\t\t\t<\/div>\n\t\t<\/div>\n\t\t\t\t<div class=\"elementor-column elementor-col-50 elementor-top-column elementor-element elementor-element-112c73e9 elementor-invisible\" data-id=\"112c73e9\" data-element_type=\"column\" data-e-type=\"column\" data-settings=\"{&quot;background_background&quot;:&quot;classic&quot;,&quot;animation&quot;:&quot;fadeInRight&quot;}\">\n\t\t\t<div class=\"elementor-widget-wrap elementor-element-populated\">\n\t\t\t\t\t\t<div class=\"elementor-element elementor-element-69fd6db elementor-widget elementor-widget-toggle\" data-id=\"69fd6db\" data-element_type=\"widget\" data-e-type=\"widget\" data-widget_type=\"toggle.default\">\n\t\t\t\t<div class=\"elementor-widget-container\">\n\t\t\t\t\t\t\t<div class=\"elementor-toggle\">\n\t\t\t\t\t\t\t<div class=\"elementor-toggle-item\">\n\t\t\t\t\t<div id=\"elementor-tab-title-1111\" class=\"elementor-tab-title\" data-tab=\"1\" role=\"button\" aria-controls=\"elementor-tab-content-1111\" aria-expanded=\"false\">\n\t\t\t\t\t\t\t\t\t\t\t\t<span class=\"elementor-toggle-icon elementor-toggle-icon-right\" aria-hidden=\"true\">\n\t\t\t\t\t\t\t\t\t\t\t\t\t\t\t<span class=\"elementor-toggle-icon-closed\"><i class=\"fas fa-chevron-down\"><\/i><\/span>\n\t\t\t\t\t\t\t\t<span class=\"elementor-toggle-icon-opened\"><i class=\"elementor-toggle-icon-opened fas fa-chevron-up\"><\/i><\/span>\n\t\t\t\t\t\t\t\t\t\t\t\t\t<\/span>\n\t\t\t\t\t\t\t\t\t\t\t\t<a class=\"elementor-toggle-title\" tabindex=\"0\">Qu'est-ce que Saltisimo et en quoi consiste l'Or Blanc d'Aveiro ?<\/a>\n\t\t\t\t\t<\/div>\n\n\t\t\t\t\t<div id=\"elementor-tab-content-1111\" class=\"elementor-tab-content elementor-clearfix\" data-tab=\"1\" role=\"region\" aria-labelledby=\"elementor-tab-title-1111\"><p><em>SaltiSimo est notre marque renomm\u00e9e d&rsquo;assaisonnements d&rsquo;exception, et l&rsquo;Or Blanc d&rsquo;Aveiro est l&rsquo;un de nos produits phares. Il s&rsquo;agit d&rsquo;un m\u00e9lange unique de gros sel d&rsquo;Aveiro et d&rsquo;un \u00e9l\u00e9ment pr\u00e9cieux, cr\u00e9ant ainsi une saveur in\u00e9gal\u00e9e.<\/em><\/p><\/div>\n\t\t\t\t<\/div>\n\t\t\t\t\t\t\t<div class=\"elementor-toggle-item\">\n\t\t\t\t\t<div id=\"elementor-tab-title-1112\" class=\"elementor-tab-title\" data-tab=\"2\" role=\"button\" aria-controls=\"elementor-tab-content-1112\" aria-expanded=\"false\">\n\t\t\t\t\t\t\t\t\t\t\t\t<span class=\"elementor-toggle-icon elementor-toggle-icon-right\" aria-hidden=\"true\">\n\t\t\t\t\t\t\t\t\t\t\t\t\t\t\t<span class=\"elementor-toggle-icon-closed\"><i class=\"fas fa-chevron-down\"><\/i><\/span>\n\t\t\t\t\t\t\t\t<span class=\"elementor-toggle-icon-opened\"><i class=\"elementor-toggle-icon-opened fas fa-chevron-up\"><\/i><\/span>\n\t\t\t\t\t\t\t\t\t\t\t\t\t<\/span>\n\t\t\t\t\t\t\t\t\t\t\t\t<a class=\"elementor-toggle-title\" tabindex=\"0\">Qu'est-ce qui rend l'Or Blanc d'Aveiro si sp\u00e9cial parmi les assaisonnements ?<\/a>\n\t\t\t\t\t<\/div>\n\n\t\t\t\t\t<div id=\"elementor-tab-content-1112\" class=\"elementor-tab-content elementor-clearfix\" data-tab=\"2\" role=\"region\" aria-labelledby=\"elementor-tab-title-1112\"><p><em>L&rsquo;Or Blanc d&rsquo;Aveiro est exceptionnel en raison de la combinaison du caract\u00e8re puissant du gros sel d&rsquo;Aveiro avec la noblesse de son ingr\u00e9dient secret. Cette alliance cr\u00e9e une exp\u00e9rience gustative unique qui sublime vos plats.<\/em><\/p><\/div>\n\t\t\t\t<\/div>\n\t\t\t\t\t\t\t<div class=\"elementor-toggle-item\">\n\t\t\t\t\t<div id=\"elementor-tab-title-1113\" class=\"elementor-tab-title\" data-tab=\"3\" role=\"button\" aria-controls=\"elementor-tab-content-1113\" aria-expanded=\"false\">\n\t\t\t\t\t\t\t\t\t\t\t\t<span class=\"elementor-toggle-icon elementor-toggle-icon-right\" aria-hidden=\"true\">\n\t\t\t\t\t\t\t\t\t\t\t\t\t\t\t<span class=\"elementor-toggle-icon-closed\"><i class=\"fas fa-chevron-down\"><\/i><\/span>\n\t\t\t\t\t\t\t\t<span class=\"elementor-toggle-icon-opened\"><i class=\"elementor-toggle-icon-opened fas fa-chevron-up\"><\/i><\/span>\n\t\t\t\t\t\t\t\t\t\t\t\t\t<\/span>\n\t\t\t\t\t\t\t\t\t\t\t\t<a class=\"elementor-toggle-title\" tabindex=\"0\">Comment utiliser l'Or Blanc d'Aveiro dans la cuisine ?<\/a>\n\t\t\t\t\t<\/div>\n\n\t\t\t\t\t<div id=\"elementor-tab-content-1113\" class=\"elementor-tab-content elementor-clearfix\" data-tab=\"3\" role=\"region\" aria-labelledby=\"elementor-tab-title-1113\"><p><em>L&rsquo;Or Blanc d&rsquo;Aveiro est polyvalent. Vous pouvez l&rsquo;utiliser en brut pour ajouter une touche d&rsquo;\u00e9l\u00e9gance \u00e0 vos plats ou le moudre \u00e0 l&rsquo;aide d&rsquo;un moulin \u00e0 \u00e9pices pour r\u00e9guler la quantit\u00e9 d&rsquo;assaisonnement et lib\u00e9rer les ar\u00f4mes. Il est id\u00e9al pour sublimer une vari\u00e9t\u00e9 de recettes, des plats principaux aux desserts.<\/em><\/p><\/div>\n\t\t\t\t<\/div>\n\t\t\t\t\t\t\t<div class=\"elementor-toggle-item\">\n\t\t\t\t\t<div id=\"elementor-tab-title-1114\" class=\"elementor-tab-title\" data-tab=\"4\" role=\"button\" aria-controls=\"elementor-tab-content-1114\" aria-expanded=\"false\">\n\t\t\t\t\t\t\t\t\t\t\t\t<span class=\"elementor-toggle-icon elementor-toggle-icon-right\" aria-hidden=\"true\">\n\t\t\t\t\t\t\t\t\t\t\t\t\t\t\t<span class=\"elementor-toggle-icon-closed\"><i class=\"fas fa-chevron-down\"><\/i><\/span>\n\t\t\t\t\t\t\t\t<span class=\"elementor-toggle-icon-opened\"><i class=\"elementor-toggle-icon-opened fas fa-chevron-up\"><\/i><\/span>\n\t\t\t\t\t\t\t\t\t\t\t\t\t<\/span>\n\t\t\t\t\t\t\t\t\t\t\t\t<a class=\"elementor-toggle-title\" tabindex=\"0\">Comment puis-je conserver au mieux l'Or Blanc d'Aveiro pour pr\u00e9server sa fra\u00eecheur et ses ar\u00f4mes ?<\/a>\n\t\t\t\t\t<\/div>\n\n\t\t\t\t\t<div id=\"elementor-tab-content-1114\" class=\"elementor-tab-content elementor-clearfix\" data-tab=\"4\" role=\"region\" aria-labelledby=\"elementor-tab-title-1114\"><p><em>Nos produits sont livr\u00e9s dans un emballage herm\u00e9tique pour garantir leur fra\u00eecheur. Nous vous conseillons de transf\u00e9rer l&rsquo;Or Blanc d&rsquo;Aveiro dans un contenant opaque pour une conservation optimale. Ainsi, vous pourrez pr\u00e9server la richesse de ses ar\u00f4mes et de sa saveur.<\/em><\/p><\/div>\n\t\t\t\t<\/div>\n\t\t\t\t\t\t\t\t\t\t<script type=\"application\/ld+json\">{\"@context\":\"https:\\\/\\\/schema.org\",\"@type\":\"FAQPage\",\"mainEntity\":[{\"@type\":\"Question\",\"name\":\"Qu'est-ce que Saltisimo et en quoi consiste l'Or Blanc d'Aveiro ?\",\"acceptedAnswer\":{\"@type\":\"Answer\",\"text\":\"<p><em>SaltiSimo est notre marque renomm\\u00e9e d&rsquo;assaisonnements d&rsquo;exception, et l&rsquo;Or Blanc d&rsquo;Aveiro est l&rsquo;un de nos produits phares. Il s&rsquo;agit d&rsquo;un m\\u00e9lange unique de gros sel d&rsquo;Aveiro et d&rsquo;un \\u00e9l\\u00e9ment pr\\u00e9cieux, cr\\u00e9ant ainsi une saveur in\\u00e9gal\\u00e9e.<\\\/em><\\\/p>\"}},{\"@type\":\"Question\",\"name\":\"Qu'est-ce qui rend l'Or Blanc d'Aveiro si sp\\u00e9cial parmi les assaisonnements ?\",\"acceptedAnswer\":{\"@type\":\"Answer\",\"text\":\"<p><em>L&rsquo;Or Blanc d&rsquo;Aveiro est exceptionnel en raison de la combinaison du caract\\u00e8re puissant du gros sel d&rsquo;Aveiro avec la noblesse de son ingr\\u00e9dient secret. Cette alliance cr\\u00e9e une exp\\u00e9rience gustative unique qui sublime vos plats.<\\\/em><\\\/p>\"}},{\"@type\":\"Question\",\"name\":\"Comment utiliser l'Or Blanc d'Aveiro dans la cuisine ?\",\"acceptedAnswer\":{\"@type\":\"Answer\",\"text\":\"<p><em>L&rsquo;Or Blanc d&rsquo;Aveiro est polyvalent. Vous pouvez l&rsquo;utiliser en brut pour ajouter une touche d&rsquo;\\u00e9l\\u00e9gance \\u00e0 vos plats ou le moudre \\u00e0 l&rsquo;aide d&rsquo;un moulin \\u00e0 \\u00e9pices pour r\\u00e9guler la quantit\\u00e9 d&rsquo;assaisonnement et lib\\u00e9rer les ar\\u00f4mes. Il est id\\u00e9al pour sublimer une vari\\u00e9t\\u00e9 de recettes, des plats principaux aux desserts.<\\\/em><\\\/p>\"}},{\"@type\":\"Question\",\"name\":\"Comment puis-je conserver au mieux l'Or Blanc d'Aveiro pour pr\\u00e9server sa fra\\u00eecheur et ses ar\\u00f4mes ?\",\"acceptedAnswer\":{\"@type\":\"Answer\",\"text\":\"<p><em>Nos produits sont livr\\u00e9s dans un emballage herm\\u00e9tique pour garantir leur fra\\u00eecheur. Nous vous conseillons de transf\\u00e9rer l&rsquo;Or Blanc d&rsquo;Aveiro dans un contenant opaque pour une conservation optimale. Ainsi, vous pourrez pr\\u00e9server la richesse de ses ar\\u00f4mes et de sa saveur.<\\\/em><\\\/p>\"}}]}<\/script>\n\t\t\t\t\t<\/div>\n\t\t\t\t\t\t<\/div>\n\t\t\t\t<\/div>\n\t\t\t\t\t<\/div>\n\t\t<\/div>\n\t\t\t\t\t<\/div>\n\t\t<\/section>\n\t\t\t\t<\/div>\n\t\t","protected":false},"excerpt":{"rendered":"<p>Visite nuestra tienda SaltiSimo presenta Sal gruesa y flor de sal de Aveiro Sal gruesa y flor de sal de Aveiro...<\/p>","protected":false},"author":1,"featured_media":0,"parent":0,"menu_order":0,"comment_status":"closed","ping_status":"closed","template":"","meta":{"footnotes":""},"class_list":["post-261","page","type-page","status-publish","hentry"],"jetpack_sharing_enabled":true,"_links":{"self":[{"href":"https:\/\/saltisimo.com\/es\/wp-json\/wp\/v2\/pages\/261","targetHints":{"allow":["GET"]}}],"collection":[{"href":"https:\/\/saltisimo.com\/es\/wp-json\/wp\/v2\/pages"}],"about":[{"href":"https:\/\/saltisimo.com\/es\/wp-json\/wp\/v2\/types\/page"}],"author":[{"embeddable":true,"href":"https:\/\/saltisimo.com\/es\/wp-json\/wp\/v2\/users\/1"}],"replies":[{"embeddable":true,"href":"https:\/\/saltisimo.com\/es\/wp-json\/wp\/v2\/comments?post=261"}],"version-history":[{"count":0,"href":"https:\/\/saltisimo.com\/es\/wp-json\/wp\/v2\/pages\/261\/revisions"}],"wp:attachment":[{"href":"https:\/\/saltisimo.com\/es\/wp-json\/wp\/v2\/media?parent=261"}],"curies":[{"name":"wp","href":"https:\/\/api.w.org\/{rel}","templated":true}]}}