{"id":3,"date":"2020-09-07T12:11:16","date_gmt":"2020-09-07T10:11:16","guid":{"rendered":"http:\/\/saltisimo.com\/?page_id=3"},"modified":"2024-02-09T11:13:39","modified_gmt":"2024-02-09T11:13:39","slug":"politica-de-privacidad","status":"publish","type":"page","link":"https:\/\/saltisimo.com\/es\/politica-de-privacidad\/","title":{"rendered":"Informaci\u00f3n jur\u00eddica"},"content":{"rendered":"<div data-elementor-type=\"wp-page\" data-elementor-id=\"3\" class=\"elementor elementor-3\" data-elementor-post-type=\"page\">\n\t\t\t\t\t\t<section class=\"elementor-section elementor-top-section elementor-element elementor-element-13f92287 elementor-section-height-min-height elementor-section-items-stretch elementor-section-boxed elementor-section-height-default\" data-id=\"13f92287\" data-element_type=\"section\" data-e-type=\"section\" data-settings=\"{&quot;background_background&quot;:&quot;classic&quot;}\">\n\t\t\t\t\t\t\t<div class=\"elementor-background-overlay\"><\/div>\n\t\t\t\t\t\t\t<div class=\"elementor-container elementor-column-gap-default\">\n\t\t\t\t\t<div class=\"elementor-column elementor-col-100 elementor-top-column elementor-element elementor-element-33e7c7ea\" data-id=\"33e7c7ea\" data-element_type=\"column\" data-e-type=\"column\">\n\t\t\t<div class=\"elementor-widget-wrap elementor-element-populated\">\n\t\t\t\t\t\t<section class=\"elementor-section elementor-inner-section elementor-element elementor-element-3452821d elementor-section-full_width elementor-section-height-default elementor-section-height-default\" data-id=\"3452821d\" data-element_type=\"section\" data-e-type=\"section\">\n\t\t\t\t\t\t<div class=\"elementor-container elementor-column-gap-default\">\n\t\t\t\t\t<div class=\"elementor-column elementor-col-50 elementor-inner-column elementor-element elementor-element-695a6a76\" data-id=\"695a6a76\" data-element_type=\"column\" data-e-type=\"column\">\n\t\t\t<div class=\"elementor-widget-wrap\">\n\t\t\t\t\t\t\t<\/div>\n\t\t<\/div>\n\t\t\t\t<div class=\"elementor-column elementor-col-50 elementor-inner-column elementor-element elementor-element-2a812d13\" data-id=\"2a812d13\" data-element_type=\"column\" data-e-type=\"column\">\n\t\t\t<div class=\"elementor-widget-wrap elementor-element-populated\">\n\t\t\t\t\t\t<div class=\"elementor-element elementor-element-66ae46b6 elementor-widget elementor-widget-heading\" data-id=\"66ae46b6\" data-element_type=\"widget\" data-e-type=\"widget\" data-widget_type=\"heading.default\">\n\t\t\t\t<div class=\"elementor-widget-container\">\n\t\t\t\t\t<h2 class=\"elementor-heading-title elementor-size-default\">Informaci\u00f3n jur\u00eddica<\/h2>\t\t\t\t<\/div>\n\t\t\t\t<\/div>\n\t\t\t\t\t<\/div>\n\t\t<\/div>\n\t\t\t\t\t<\/div>\n\t\t<\/section>\n\t\t\t\t\t<\/div>\n\t\t<\/div>\n\t\t\t\t\t<\/div>\n\t\t<\/section>\n\t\t\t\t<section class=\"elementor-section elementor-top-section elementor-element elementor-element-45d3951d elementor-section-boxed elementor-section-height-default elementor-section-height-default\" data-id=\"45d3951d\" data-element_type=\"section\" data-e-type=\"section\" data-settings=\"{&quot;background_background&quot;:&quot;classic&quot;}\">\n\t\t\t\t\t\t\t<div class=\"elementor-background-overlay\"><\/div>\n\t\t\t\t\t\t\t<div class=\"elementor-container elementor-column-gap-default\">\n\t\t\t\t\t<div class=\"elementor-column elementor-col-100 elementor-top-column elementor-element elementor-element-6f7aecce\" data-id=\"6f7aecce\" data-element_type=\"column\" data-e-type=\"column\" data-settings=\"{&quot;background_background&quot;:&quot;classic&quot;}\">\n\t\t\t<div class=\"elementor-widget-wrap elementor-element-populated\">\n\t\t\t\t\t\t<section class=\"elementor-section elementor-inner-section elementor-element elementor-element-658b3bc3 elementor-section-height-min-height elementor-section-full_width elementor-section-height-default\" data-id=\"658b3bc3\" data-element_type=\"section\" data-e-type=\"section\" data-settings=\"{&quot;shape_divider_top&quot;:&quot;split&quot;,&quot;shape_divider_bottom&quot;:&quot;split&quot;,&quot;background_background&quot;:&quot;gradient&quot;}\">\n\t\t\t\t\t<div class=\"elementor-shape elementor-shape-top\" aria-hidden=\"true\" data-negative=\"false\">\n\t\t\t<svg xmlns=\"http:\/\/www.w3.org\/2000\/svg\" viewbox=\"0 0 1000 20\" preserveaspectratio=\"none\">\n\t<path class=\"elementor-shape-fill\" d=\"M0,0v3c0,0,393.8,0,483.4,0c9.2,0,16.6,7.4,16.6,16.6c0-9.1,7.4-16.6,16.6-16.6C606.2,3,1000,3,1000,3V0H0z\"\/>\n<\/svg>\t\t<\/div>\n\t\t\t\t<div class=\"elementor-shape elementor-shape-bottom\" aria-hidden=\"true\" data-negative=\"false\">\n\t\t\t<svg xmlns=\"http:\/\/www.w3.org\/2000\/svg\" viewbox=\"0 0 1000 20\" preserveaspectratio=\"none\">\n\t<path class=\"elementor-shape-fill\" d=\"M0,0v3c0,0,393.8,0,483.4,0c9.2,0,16.6,7.4,16.6,16.6c0-9.1,7.4-16.6,16.6-16.6C606.2,3,1000,3,1000,3V0H0z\"\/>\n<\/svg>\t\t<\/div>\n\t\t\t\t\t<div class=\"elementor-container elementor-column-gap-wider\">\n\t\t\t\t\t<div class=\"elementor-column elementor-col-50 elementor-inner-column elementor-element elementor-element-26a4ae58\" data-id=\"26a4ae58\" data-element_type=\"column\" data-e-type=\"column\" data-settings=\"{&quot;background_background&quot;:&quot;classic&quot;}\">\n\t\t\t<div class=\"elementor-widget-wrap elementor-element-populated\">\n\t\t\t\t\t\t<div class=\"elementor-element elementor-element-cc7d46f elementor-widget elementor-widget-spacer\" data-id=\"cc7d46f\" data-element_type=\"widget\" data-e-type=\"widget\" data-widget_type=\"spacer.default\">\n\t\t\t\t<div class=\"elementor-widget-container\">\n\t\t\t\t\t\t\t<div class=\"elementor-spacer\">\n\t\t\t<div class=\"elementor-spacer-inner\"><\/div>\n\t\t<\/div>\n\t\t\t\t\t\t<\/div>\n\t\t\t\t<\/div>\n\t\t\t\t\t<\/div>\n\t\t<\/div>\n\t\t\t\t<div class=\"elementor-column elementor-col-50 elementor-inner-column elementor-element elementor-element-272309c3\" data-id=\"272309c3\" data-element_type=\"column\" data-e-type=\"column\" data-settings=\"{&quot;background_background&quot;:&quot;classic&quot;}\">\n\t\t\t<div class=\"elementor-widget-wrap elementor-element-populated\">\n\t\t\t\t\t\t<div class=\"elementor-element elementor-element-65b65ff3 elementor-widget elementor-widget-text-editor\" data-id=\"65b65ff3\" data-element_type=\"widget\" data-e-type=\"widget\" data-widget_type=\"text-editor.default\">\n\t\t\t\t<div class=\"elementor-widget-container\">\n\t\t\t\t\t\t\t\t\t<div class=\"nv-single-page-wrap col\"><div class=\"nv-content-wrap entry-content\"><h2>\u00bfQui\u00e9nes somos?<\/h2><p>En este momento est\u00e1 conectado al sitio web SaltiSimo.com, publicado por\u00a0<\/p><p><strong>D.F.O.A. CONSULTING, LDA<\/strong><\/p><p><strong>NIPC: 513288759<\/strong><\/p><p><strong>Direcci\u00f3n: rua Gaspar Corte Real ,301 - 3885-580 Esmoriz Portugal.<\/strong><\/p><h3>Protecci\u00f3n de la propiedad intelectual<\/h3><p>Todos los contenidos del sitio\u00a0<a href=\"https:\/\/saltisimo.com\/es\/\" target=\"_blank\" rel=\"noopener\">www.saltisimo.com<\/a>\u00a0im\u00e1genes y fotos est\u00e1 protegido por derechos de propiedad intelectual. Queda terminantemente prohibida la reproducci\u00f3n total o parcial de cualquier elemento de nuestro sitio sin el consentimiento previo por escrito del responsable de la empresa.<\/p><h3>Informaci\u00f3n sobre las cookies<\/h3><p>Al consultar nuestro sitio <strong>www.saltisimo.com<\/strong>Las cookies se colocan en su ordenador, tel\u00e9fono m\u00f3vil o tableta. Nuestra web est\u00e1 dise\u00f1ada para estar especialmente atenta a las necesidades y expectativas de nuestros clientes. Esta es una de las razones por las que utilizamos cookies, por ejemplo para identificarle y acceder a su cuenta, gestionar su cesta de pedidos, recordar sus visitas y personalizar las ofertas que le proponemos.<\/p><h3>\u00bfQu\u00e9 es una galleta?<\/h3><p>Una cookie es un peque\u00f1o archivo de texto que se coloca en su ordenador cuando visita un sitio o ve un anuncio. Su finalidad principal es recopilar informaci\u00f3n sobre su navegaci\u00f3n en los sitios y ofrecerle servicios personalizados.<\/p><p>Las cookies son gestionadas en su ordenador por su navegador web.<\/p><h3>Diferentes tipos de cookies<\/h3><p>En nuestros sitios web se utilizan diferentes tipos de cookies con distintos fines. Algunas son necesarias para que usted utilice nuestro sitio.<\/p><p><strong>Cookies estrictamente necesarias :<\/strong><\/p><p>Le permiten utilizar las principales funciones de nuestro sitio (por ejemplo, utilizar la cesta de la compra o acceder a su cuenta). Sin estas cookies, no podr\u00e1 utilizar nuestros sitios con normalidad.<br \/>Se trata de cookies colocadas por <strong>www.saltisimo.com<\/strong>.<\/p><p><strong>Cookies anal\u00edticas<\/strong><\/p><p>Nos permiten controlar el uso y el rendimiento de nuestro sitio y mejorar su funcionamiento (por ejemplo, las p\u00e1ginas m\u00e1s consultadas, las b\u00fasquedas de los usuarios en el motor de b\u00fasqueda, etc.).<br \/>Se trata de cookies colocadas por Google.<\/p><p><strong>Cookies publicitarias<\/strong><\/p><p>Nuestros sitios web no contienen cookies publicitarias.<\/p><\/div><\/div><div class=\"nv-sidebar-wrap col-sm-12 nv-right blog-sidebar\"><aside id=\"secondary\" role=\"complementary\"><div id=\"custom_html-5\" class=\"widget_text widget widget_custom_html\">\u00a0<\/div><div id=\"custom_html-7\" class=\"widget_text widget widget_custom_html\"><div class=\"textwidget custom-html-widget\"><form id=\"mc4wp-form-2\" class=\"mc4wp-form mc4wp-form-4270 mc4wp-form-theme mc4wp-form-theme-red\" method=\"post\" data-id=\"4270\" data-name=\"\" action=\"\"><div class=\"mc4wp-form-fields\">\u00a0<\/div><input type=\"hidden\" name=\"trp-form-language\" value=\"es\"\/><\/form><\/div><\/div><\/aside><\/div>\t\t\t\t\t\t\t\t<\/div>\n\t\t\t\t<\/div>\n\t\t\t\t\t<\/div>\n\t\t<\/div>\n\t\t\t\t\t<\/div>\n\t\t<\/section>\n\t\t\t\t\t<\/div>\n\t\t<\/div>\n\t\t\t\t\t<\/div>\n\t\t<\/section>\n\t\t\t\t<section class=\"elementor-section elementor-top-section elementor-element elementor-element-79741bb5 elementor-section-boxed elementor-section-height-default elementor-section-height-default\" data-id=\"79741bb5\" data-element_type=\"section\" data-e-type=\"section\" data-settings=\"{&quot;background_background&quot;:&quot;classic&quot;,&quot;shape_divider_top&quot;:&quot;book&quot;,&quot;shape_divider_top_negative&quot;:&quot;yes&quot;}\">\n\t\t\t\t\t<div class=\"elementor-shape elementor-shape-top\" aria-hidden=\"true\" data-negative=\"true\">\n\t\t\t<svg xmlns=\"http:\/\/www.w3.org\/2000\/svg\" viewbox=\"0 0 1000 100\" preserveaspectratio=\"none\">\n\t<path class=\"elementor-shape-fill\" d=\"M806,94.7C619.5,90,500,20.3,500,1.7c-1,18.6-117.5,88.3-306,93C92,97.2,0,97.9,0,97.9v-0l0,0v2.3h1000v-2.3 C1000,97.7,920.3,97.6,806,94.7z M350,65.1L350,65.1L350,65.1L350,65.1z\"\/>\n<\/svg>\n\t\t<\/div>\n\t\t\t\t\t<div class=\"elementor-container elementor-column-gap-default\">\n\t\t\t\t\t<div class=\"elementor-column elementor-col-100 elementor-top-column elementor-element elementor-element-4db2e4b4\" data-id=\"4db2e4b4\" data-element_type=\"column\" data-e-type=\"column\">\n\t\t\t<div class=\"elementor-widget-wrap\">\n\t\t\t\t\t\t\t<\/div>\n\t\t<\/div>\n\t\t\t\t\t<\/div>\n\t\t<\/section>\n\t\t\t\t<\/div>","protected":false},"excerpt":{"rendered":"<p>Informaci\u00f3n legal \u00bfQui\u00e9nes somos? Actualmente est\u00e1 conectado a la p\u00e1gina web SaltiSimo.com, editada por D.F.O.A. CONSULTING, LDA NIPC: 513288759 Direcci\u00f3n: ...<\/p>","protected":false},"author":1,"featured_media":0,"parent":0,"menu_order":0,"comment_status":"closed","ping_status":"closed","template":"","meta":{"footnotes":""},"class_list":["post-3","page","type-page","status-publish","hentry"],"jetpack_sharing_enabled":true,"_links":{"self":[{"href":"https:\/\/saltisimo.com\/es\/wp-json\/wp\/v2\/pages\/3","targetHints":{"allow":["GET"]}}],"collection":[{"href":"https:\/\/saltisimo.com\/es\/wp-json\/wp\/v2\/pages"}],"about":[{"href":"https:\/\/saltisimo.com\/es\/wp-json\/wp\/v2\/types\/page"}],"author":[{"embeddable":true,"href":"https:\/\/saltisimo.com\/es\/wp-json\/wp\/v2\/users\/1"}],"replies":[{"embeddable":true,"href":"https:\/\/saltisimo.com\/es\/wp-json\/wp\/v2\/comments?post=3"}],"version-history":[{"count":0,"href":"https:\/\/saltisimo.com\/es\/wp-json\/wp\/v2\/pages\/3\/revisions"}],"wp:attachment":[{"href":"https:\/\/saltisimo.com\/es\/wp-json\/wp\/v2\/media?parent=3"}],"curies":[{"name":"wp","href":"https:\/\/api.w.org\/{rel}","templated":true}]}}