{"id":1251,"date":"2021-01-18T14:29:07","date_gmt":"2021-01-18T14:29:07","guid":{"rendered":"https:\/\/saltisimo.com\/?post_type=product&#038;p=1251"},"modified":"2025-09-22T15:39:07","modified_gmt":"2025-09-22T14:39:07","slug":"sal-gorda-anis-naranja-confitado-2","status":"publish","type":"product","link":"https:\/\/saltisimo.com\/es\/producto\/sal-gorda-anis-naranja-confitado-2\/","title":{"rendered":"Sal con an\u00eds y naranja confitada"},"content":{"rendered":"<h2><strong>Sal con an\u00eds y naranja confitada, <\/strong>un viaje culinario en pocos granos<\/h2>\n<p>Si busca un ingrediente excepcional para realzar sus platos, \u00a1no busque m\u00e1s! Nuestra sal confitada de naranja y an\u00eds satisfar\u00e1 sus expectativas m\u00e1s exigentes en cuanto a sabor y calidad.<\/p>\n<h3><strong>Una mezcla de elevaci\u00f3n y sutileza<\/strong>:<\/h3>\n<p>Nuestro condimento de altura es una armoniosa fusi\u00f3n de sal gruesa de Aveiro, con su poderoso car\u00e1cter y su noble sabor a violeta, acompa\u00f1ada de an\u00eds, naranja confitada y una sutil mezcla de cinco pimientas. Estos sabores forman una poderosa alianza dispuesta a sublimar cada uno de sus platos. D\u00e9jese llevar por la armon\u00eda que se revela en cada grano de este condimento excepcional.<\/p>\n<h3><strong>Cocine m\u00e1s f\u00e1cilmente con nuestros condimentos aromatizados<\/strong>:<\/h3>\n<p>Atr\u00e1s quedaron los d\u00edas en que ten\u00eda que buscar en su cocina multitud de condimentos. Nuestro condimento de altura ha sido dise\u00f1ado para simplificar su experiencia culinaria. A veces basta con una cucharada de nuestro condimento para emprender un viaje a trav\u00e9s de los sabores y las especias.<\/p>\n<h3><strong>Preservar la frescura y la intensidad de los aromas<\/strong>:<\/h3>\n<p>Estamos decididos a mantener la alta calidad de nuestros condimentos. Cada producto se entrega en envases herm\u00e9ticamente cerrados para garantizar la frescura y la intensidad de sus sabores. Para una conservaci\u00f3n \u00f3ptima, le recomendamos que transfiera nuestros condimentos a un recipiente opaco.<\/p>\n<h3><strong>Uso vers\u00e1til<\/strong>:<\/h3>\n<p>Nuestra sal puede utilizarse tal cual o en un molinillo de especias. El molinillo le permite regular su consumo de sal al tiempo que libera los aromas de las especias sin triturar. Sea cual sea su preferencia, podr\u00e1 realzar sus platos con facilidad.<\/p>\n<p>Regale a sus papilas gustativas una experiencia de sabor \u00fanica con nuestro condimento de altura. Redescubra la magia de la cocina con esta refinada mezcla que promete llevar cada plato al siguiente nivel.<\/p>\n<p style=\"text-align: center;\"><strong>D\u00e9jese tentar por la excelencia gastron\u00f3mica, pida ya su sal SaltiSimo y convierta sus comidas en una experiencia memorable.<\/strong><\/p>","protected":false},"excerpt":{"rendered":"<p>Descubra nuestra Sal con an\u00eds y naranja confitada, una combinaci\u00f3n \u00fanica para elevar sus platos en un instante.<\/p>","protected":false},"featured_media":2246,"comment_status":"open","ping_status":"closed","template":"","meta":{"jetpack_publicize_message":"Gros sel \u00e0 l'anis","jetpack_publicize_feature_enabled":true,"jetpack_social_post_already_shared":true,"jetpack_social_options":{"image_generator_settings":{"template":"highway","default_image_id":0,"font":"","enabled":false},"version":2}},"product_brand":[],"product_cat":[54,17],"product_tag":[59,24],"class_list":{"0":"post-1251","1":"product","2":"type-product","3":"status-publish","4":"has-post-thumbnail","6":"product_cat-gros-sel-aromatique","7":"product_cat-sel-aromatique-du-portugal","8":"product_tag-anise","9":"product_tag-gros-sel","11":"first","12":"instock","13":"taxable","14":"shipping-taxable","15":"purchasable","16":"product-type-simple"},"bundled_by":["3584"],"bundle_stock_status":"instock","bundle_stock_quantity":null,"bundle_virtual":false,"bundle_layout":"","bundle_add_to_cart_form_location":"","bundle_editable_in_cart":false,"bundle_sold_individually_context":"","bundle_item_grouping":"","bundle_min_size":"","bundle_max_size":"","bundle_price":[],"bundled_items":[],"bundle_sell_ids":[],"jetpack_publicize_connections":[],"jetpack_sharing_enabled":true,"_links":{"self":[{"href":"https:\/\/saltisimo.com\/es\/wp-json\/wp\/v2\/product\/1251","targetHints":{"allow":["GET"]}}],"collection":[{"href":"https:\/\/saltisimo.com\/es\/wp-json\/wp\/v2\/product"}],"about":[{"href":"https:\/\/saltisimo.com\/es\/wp-json\/wp\/v2\/types\/product"}],"replies":[{"embeddable":true,"href":"https:\/\/saltisimo.com\/es\/wp-json\/wp\/v2\/comments?post=1251"}],"wp:featuredmedia":[{"embeddable":true,"href":"https:\/\/saltisimo.com\/es\/wp-json\/wp\/v2\/media\/2246"}],"wp:attachment":[{"href":"https:\/\/saltisimo.com\/es\/wp-json\/wp\/v2\/media?parent=1251"}],"wp:term":[{"taxonomy":"product_brand","embeddable":true,"href":"https:\/\/saltisimo.com\/es\/wp-json\/wp\/v2\/product_brand?post=1251"},{"taxonomy":"product_cat","embeddable":true,"href":"https:\/\/saltisimo.com\/es\/wp-json\/wp\/v2\/product_cat?post=1251"},{"taxonomy":"product_tag","embeddable":true,"href":"https:\/\/saltisimo.com\/es\/wp-json\/wp\/v2\/product_tag?post=1251"}],"curies":[{"name":"wp","href":"https:\/\/api.w.org\/{rel}","templated":true}]}}