{"id":1264,"date":"2021-01-19T11:13:19","date_gmt":"2021-01-19T11:13:19","guid":{"rendered":"https:\/\/saltisimo.com\/?post_type=product&#038;p=1264"},"modified":"2025-09-22T15:54:49","modified_gmt":"2025-09-22T14:54:49","slug":"sal-gruesa-con-albahaca","status":"publish","type":"product","link":"https:\/\/saltisimo.com\/es\/produit\/gros-sel-au-basilic\/","title":{"rendered":"Sal de albahaca"},"content":{"rendered":"<h2><strong>Sal de albahaca<\/strong>la excelencia culinaria a su alcance<\/h2>\n<p>\u00bfBusca un ingrediente excepcional para realzar sus creaciones culinarias? No busque m\u00e1s. SaltiSimo tiene la respuesta a sus expectativas m\u00e1s exigentes en t\u00e9rminos de sabor y calidad.<\/p>\n<h3><strong>Una mezcla de elevaci\u00f3n y sutileza<\/strong>:<\/h3>\n<p>Nuestro Condimento Elevado es una verdadera obra de arte culinaria, que combina la robustez del mineral de grano grueso de Aveiro con la nobleza de la especia inmaculada, realzada por la fragancia hechizante de la albahaca y un sutil toque de ajo. Estos cuatro elementos forman una poderosa alianza dispuesta a sublimar cada uno de sus platos. D\u00e9jese llevar por la armon\u00eda de sabores que revela cada grano de este condimento excepcional.<\/p>\n<h3><strong>Cocine m\u00e1s f\u00e1cilmente con nuestros condimentos aromatizados<\/strong>:<\/h3>\n<p>Atr\u00e1s quedaron los d\u00edas en los que ten\u00eda que buscar en su cocina multitud de condimentos. Nuestro Condimento Elevado ha sido dise\u00f1ado para simplificar su experiencia culinaria. A veces basta con una cucharada de nuestro condimento para emprender un viaje a trav\u00e9s de los sabores y las especias.<\/p>\n<h3><strong>Preservar la frescura y la intensidad de los aromas<\/strong>:<\/h3>\n<p>Nos comprometemos a mantener la calidad superior de nuestro condimento High Seasoning. Cada producto se entrega en envases herm\u00e9ticamente cerrados para garantizar la frescura y la intensidad de sus sabores. Para una conservaci\u00f3n \u00f3ptima, le recomendamos que transfiera nuestro condimento a un recipiente opaco.<\/p>\n<h3><strong>Uso vers\u00e1til<\/strong>:<\/h3>\n<p>Los productos SaltiSimo son extraordinariamente vers\u00e1tiles. Puede utilizarlos tal cual para dar un toque de elegancia a sus platos, o triturarlos con un molinillo de especias para controlar la cantidad de condimento y liberar los aromas de las especias sin triturar. Sea cual sea su elecci\u00f3n, quedar\u00e1 encantado con la forma en que realzan sus creaciones culinarias.<\/p>\n<p>Regale a sus papilas gustativas una experiencia de sabor \u00fanica con nuestro condimento de albahaca. Redescubra la magia de la cocina con esta refinada mezcla que promete llevar cada plato al siguiente nivel.<\/p>\n<p style=\"text-align: center;\"><strong>D\u00e9jese tentar por la excelencia gastron\u00f3mica, pida ya su Sal de Albahaca SaltiSimo y convierta sus comidas en una experiencia memorable.<\/strong><\/p>","protected":false},"excerpt":{"rendered":"<p>Descubra la sal de albahaca SaltiSimo para realzar sus platos con facilidad. Una atrevida fusi\u00f3n de sabores lista para llevarte a un viaje culinario.<\/p>","protected":false},"featured_media":1280,"comment_status":"open","ping_status":"closed","template":"","meta":{"jetpack_publicize_message":"Gros sel sp\u00e9cial p\u00e2tes","jetpack_publicize_feature_enabled":true,"jetpack_social_post_already_shared":true,"jetpack_social_options":{"image_generator_settings":{"template":"highway","default_image_id":0,"font":"","enabled":false},"version":2}},"product_brand":[],"product_cat":[54,17],"product_tag":[24],"class_list":{"0":"post-1264","1":"product","2":"type-product","3":"status-publish","4":"has-post-thumbnail","6":"product_cat-gros-sel-aromatique","7":"product_cat-sel-aromatique-du-portugal","8":"product_tag-gros-sel","10":"first","11":"instock","12":"taxable","13":"shipping-taxable","14":"purchasable","15":"product-type-simple"},"bundled_by":["3584"],"bundle_stock_status":"instock","bundle_stock_quantity":null,"bundle_virtual":false,"bundle_layout":"","bundle_add_to_cart_form_location":"","bundle_editable_in_cart":false,"bundle_sold_individually_context":"","bundle_item_grouping":"","bundle_min_size":"","bundle_max_size":"","bundle_price":[],"bundled_items":[],"bundle_sell_ids":[],"jetpack_publicize_connections":[],"jetpack_sharing_enabled":true,"_links":{"self":[{"href":"https:\/\/saltisimo.com\/es\/wp-json\/wp\/v2\/product\/1264","targetHints":{"allow":["GET"]}}],"collection":[{"href":"https:\/\/saltisimo.com\/es\/wp-json\/wp\/v2\/product"}],"about":[{"href":"https:\/\/saltisimo.com\/es\/wp-json\/wp\/v2\/types\/product"}],"replies":[{"embeddable":true,"href":"https:\/\/saltisimo.com\/es\/wp-json\/wp\/v2\/comments?post=1264"}],"wp:featuredmedia":[{"embeddable":true,"href":"https:\/\/saltisimo.com\/es\/wp-json\/wp\/v2\/media\/1280"}],"wp:attachment":[{"href":"https:\/\/saltisimo.com\/es\/wp-json\/wp\/v2\/media?parent=1264"}],"wp:term":[{"taxonomy":"product_brand","embeddable":true,"href":"https:\/\/saltisimo.com\/es\/wp-json\/wp\/v2\/product_brand?post=1264"},{"taxonomy":"product_cat","embeddable":true,"href":"https:\/\/saltisimo.com\/es\/wp-json\/wp\/v2\/product_cat?post=1264"},{"taxonomy":"product_tag","embeddable":true,"href":"https:\/\/saltisimo.com\/es\/wp-json\/wp\/v2\/product_tag?post=1264"}],"curies":[{"name":"wp","href":"https:\/\/api.w.org\/{rel}","templated":true}]}}