{"id":147,"date":"2020-09-28T12:07:59","date_gmt":"2020-09-28T11:07:59","guid":{"rendered":"https:\/\/saltisimo.com\/?post_type=product&#038;p=147"},"modified":"2025-09-22T15:51:41","modified_gmt":"2025-09-22T14:51:41","slug":"sal-gorda-con-curry-daveiro","status":"publish","type":"product","link":"https:\/\/saltisimo.com\/es\/producto\/sal-gorda-con-curry-daveiro\/","title":{"rendered":"Sal de curry"},"content":{"rendered":"<h2><strong>Sal de curry, u<\/strong>na explosi\u00f3n de sabores ex\u00f3ticos<\/h2>\n<p>\u00bfBusca un ingrediente excepcional para realzar sus creaciones culinarias? No busque m\u00e1s. Nuestra sal es la respuesta a sus expectativas m\u00e1s exigentes en cuanto a sabor y calidad.<\/p>\n<h3><strong>Una mezcla de elevaci\u00f3n y exotismo<\/strong>:<\/h3>\n<p>Nuestra sal es una verdadera obra de arte culinaria, que combina la potencia de nuestro oro blanco de Aveiro con el noble sabor de la violeta, a\u00f1adiendo el ex\u00f3tico calor del curry de Madr\u00e1s y la dulzura del coco. Esta fusi\u00f3n de sabores crea una combinaci\u00f3n inigualable lista para realzar cualquier plato. D\u00e9jese llevar por la armon\u00eda de sabores ex\u00f3ticos que bailan en cada grano de este condimento excepcional.<\/p>\n<h3><strong>Facilite sus creaciones culinarias con nuestros condimentos aromatizados<\/strong>:<\/h3>\n<p>Atr\u00e1s quedaron los d\u00edas en los que hab\u00eda que rebuscar en la cocina en busca de multitud de condimentos. Nuestro condimento ha sido dise\u00f1ado para simplificar su experiencia culinaria. A veces basta con una cucharada de nuestro condimento para emprender un viaje a trav\u00e9s de los sabores y las especias.<\/p>\n<h3><strong>Preservar la frescura y la intensidad de los aromas<\/strong>:<\/h3>\n<p>Nos comprometemos a mantener la calidad superior de nuestro condimento. Cada producto se entrega en envases herm\u00e9ticamente cerrados para garantizar la frescura y la intensidad de sus ex\u00f3ticos sabores. Para una conservaci\u00f3n \u00f3ptima, le recomendamos que transfiera nuestro condimento a un recipiente opaco.<\/p>\n<h3><strong>Uso vers\u00e1til para sus creaciones culinarias<\/strong>:<\/h3>\n<p>Los productos Saveurs Exotiques ofrecen una versatilidad extraordinaria. Puede utilizarlos tal cual para dar un toque de elegancia a sus platos, o triturarlos con un molinillo de especias para controlar la cantidad de condimento y liberar los aromas de las especias sin triturar. Sea cual sea su elecci\u00f3n, quedar\u00e1 encantado con la forma en que realzan sus creaciones culinarias.<\/p>\n<p>Regale a sus papilas gustativas una experiencia de sabor \u00fanica con nuestra sal de curry. Redescubra la magia de la cocina con esta ex\u00f3tica mezcla que promete llevar cada plato al siguiente nivel.<\/p>","protected":false},"excerpt":{"rendered":"<p>Descubra nuestra sal de curry, el ingrediente secreto que realzar\u00e1 sus platos en un instante. Una atrevida fusi\u00f3n de sabores ex\u00f3ticos.<\/p>","protected":false},"featured_media":686,"comment_status":"open","ping_status":"closed","template":"","meta":{"jetpack_publicize_message":"","jetpack_publicize_feature_enabled":true,"jetpack_social_post_already_shared":false,"jetpack_social_options":{"image_generator_settings":{"template":"highway","default_image_id":0,"font":"","enabled":false},"version":2}},"product_brand":[],"product_cat":[17,54],"product_tag":[25,24],"class_list":{"0":"post-147","1":"product","2":"type-product","3":"status-publish","4":"has-post-thumbnail","6":"product_cat-sel-aromatique-du-portugal","7":"product_cat-gros-sel-aromatique","8":"product_tag-curry","9":"product_tag-gros-sel","11":"first","12":"instock","13":"taxable","14":"shipping-taxable","15":"purchasable","16":"product-type-variable"},"bundled_by":["3584"],"bundle_stock_status":"instock","bundle_stock_quantity":null,"bundle_virtual":false,"bundle_layout":"","bundle_add_to_cart_form_location":"","bundle_editable_in_cart":false,"bundle_sold_individually_context":"","bundle_item_grouping":"","bundle_min_size":"","bundle_max_size":"","bundle_price":[],"bundled_items":[],"bundle_sell_ids":[],"jetpack_publicize_connections":[],"jetpack_sharing_enabled":true,"_links":{"self":[{"href":"https:\/\/saltisimo.com\/es\/wp-json\/wp\/v2\/product\/147","targetHints":{"allow":["GET"]}}],"collection":[{"href":"https:\/\/saltisimo.com\/es\/wp-json\/wp\/v2\/product"}],"about":[{"href":"https:\/\/saltisimo.com\/es\/wp-json\/wp\/v2\/types\/product"}],"replies":[{"embeddable":true,"href":"https:\/\/saltisimo.com\/es\/wp-json\/wp\/v2\/comments?post=147"}],"wp:featuredmedia":[{"embeddable":true,"href":"https:\/\/saltisimo.com\/es\/wp-json\/wp\/v2\/media\/686"}],"wp:attachment":[{"href":"https:\/\/saltisimo.com\/es\/wp-json\/wp\/v2\/media?parent=147"}],"wp:term":[{"taxonomy":"product_brand","embeddable":true,"href":"https:\/\/saltisimo.com\/es\/wp-json\/wp\/v2\/product_brand?post=147"},{"taxonomy":"product_cat","embeddable":true,"href":"https:\/\/saltisimo.com\/es\/wp-json\/wp\/v2\/product_cat?post=147"},{"taxonomy":"product_tag","embeddable":true,"href":"https:\/\/saltisimo.com\/es\/wp-json\/wp\/v2\/product_tag?post=147"}],"curies":[{"name":"wp","href":"https:\/\/api.w.org\/{rel}","templated":true}]}}