{"id":155,"date":"2020-09-28T12:19:20","date_gmt":"2020-09-28T11:19:20","guid":{"rendered":"https:\/\/saltisimo.com\/?post_type=product&#038;p=155"},"modified":"2025-09-22T15:47:44","modified_gmt":"2025-09-22T14:47:44","slug":"sal-de-asar-aveiro","status":"publish","type":"product","link":"https:\/\/saltisimo.com\/es\/producto\/sal-de-asar-aveiro\/","title":{"rendered":"Sal para asar"},"content":{"rendered":"<h2><strong>Sal para asar<\/strong>una audaz fusi\u00f3n de aromas<\/h2>\n<p>Si busca un ingrediente excepcional para realzar sus platos a la parrilla, \u00a1no busque m\u00e1s! Nuestro condimento para parrilla es la respuesta a sus expectativas m\u00e1s exigentes en cuanto a sabor y calidad.<\/p>\n<h3><strong>Una mezcla de elevaci\u00f3n y refinamiento<\/strong>:<\/h3>\n<p>Nuestro condimento para parrilla es una creaci\u00f3n culinaria que combina la fuerza del mineral de Aveiro con la nobleza de la violeta, combinada con hierbas de Provenza, pimienta blanca fuerte y una exquisita selecci\u00f3n de especias y hierbas arom\u00e1ticas. Esta combinaci\u00f3n forma una alianza incomparable, lista para sublimar cada bocado de su carne a la parrilla. D\u00e9jese llevar por la armon\u00eda de sabores que bailan en cada grano de este condimento excepcional.<\/p>\n<h3><strong>Cocine m\u00e1s f\u00e1cilmente con nuestros condimentos aromatizados<\/strong>:<\/h3>\n<p>Atr\u00e1s quedaron los d\u00edas en los que ten\u00eda que buscar en su cocina multitud de condimentos. Nuestro condimento para asar ha sido dise\u00f1ado para simplificar su experiencia culinaria. A veces basta con una cucharada de nuestro condimento para emprender un viaje a trav\u00e9s de los sabores y las especias.<\/p>\n<h3><strong>Conserva la frescura y la riqueza de los sabores<\/strong>:<\/h3>\n<p>Nos comprometemos a mantener la calidad superior de nuestros condimentos para parrilla. Cada producto se entrega en envases herm\u00e9ticamente cerrados para garantizar su frescura y rico sabor. Para una conservaci\u00f3n \u00f3ptima, le recomendamos que transfiera nuestro condimento a un recipiente opaco.<\/p>\n<h3><strong>Uso vers\u00e1til para sus parrillas<\/strong>:<\/h3>\n<p>Los productos SaltiSimo pueden utilizarse de varias formas. Puede utilizarlos tal cual para dar un toque de elegancia a sus parrilladas, o triturarlos con un molinillo de especias para controlar la cantidad de condimento y liberar los aromas de las especias sin triturar. Sea cual sea su elecci\u00f3n, quedar\u00e1 encantado con la forma en que realzan sus platos a la parrilla.<\/p>\n<p>Regale a sus papilas gustativas una experiencia de sabor \u00fanica con nuestro condimento para parrilla. Redescubra la magia de la parrilla con esta refinada mezcla que promete llevar cada barbacoa al siguiente nivel.<\/p>\n<p>D\u00e9jese tentar por la excelencia culinaria, pida ya su sal grill y convierta sus comidas en una experiencia memorable.<\/p>","protected":false},"excerpt":{"rendered":"<p>Descubra nuestro condimento para asar, una audaz fusi\u00f3n de sabores para realzar sus platos a la parrilla en un abrir y cerrar de ojos. Un condimento irresistible para una barbacoa de \u00e9xito.<\/p>","protected":false},"featured_media":2277,"comment_status":"open","ping_status":"closed","template":"","meta":{"jetpack_publicize_message":"","jetpack_publicize_feature_enabled":true,"jetpack_social_post_already_shared":false,"jetpack_social_options":{"image_generator_settings":{"template":"highway","default_image_id":0,"font":"","enabled":false},"version":2}},"product_brand":[],"product_cat":[17,54],"product_tag":[42,24],"class_list":{"0":"post-155","1":"product","2":"type-product","3":"status-publish","4":"has-post-thumbnail","6":"product_cat-sel-aromatique-du-portugal","7":"product_cat-gros-sel-aromatique","8":"product_tag-grillade","9":"product_tag-gros-sel","11":"first","12":"instock","13":"taxable","14":"shipping-taxable","15":"purchasable","16":"product-type-simple"},"bundled_by":[],"bundle_stock_status":"instock","bundle_stock_quantity":null,"bundle_virtual":false,"bundle_layout":"","bundle_add_to_cart_form_location":"","bundle_editable_in_cart":false,"bundle_sold_individually_context":"","bundle_item_grouping":"","bundle_min_size":"","bundle_max_size":"","bundle_price":[],"bundled_items":[],"bundle_sell_ids":[],"jetpack_publicize_connections":[],"jetpack_sharing_enabled":true,"_links":{"self":[{"href":"https:\/\/saltisimo.com\/es\/wp-json\/wp\/v2\/product\/155","targetHints":{"allow":["GET"]}}],"collection":[{"href":"https:\/\/saltisimo.com\/es\/wp-json\/wp\/v2\/product"}],"about":[{"href":"https:\/\/saltisimo.com\/es\/wp-json\/wp\/v2\/types\/product"}],"replies":[{"embeddable":true,"href":"https:\/\/saltisimo.com\/es\/wp-json\/wp\/v2\/comments?post=155"}],"wp:featuredmedia":[{"embeddable":true,"href":"https:\/\/saltisimo.com\/es\/wp-json\/wp\/v2\/media\/2277"}],"wp:attachment":[{"href":"https:\/\/saltisimo.com\/es\/wp-json\/wp\/v2\/media?parent=155"}],"wp:term":[{"taxonomy":"product_brand","embeddable":true,"href":"https:\/\/saltisimo.com\/es\/wp-json\/wp\/v2\/product_brand?post=155"},{"taxonomy":"product_cat","embeddable":true,"href":"https:\/\/saltisimo.com\/es\/wp-json\/wp\/v2\/product_cat?post=155"},{"taxonomy":"product_tag","embeddable":true,"href":"https:\/\/saltisimo.com\/es\/wp-json\/wp\/v2\/product_tag?post=155"}],"curies":[{"name":"wp","href":"https:\/\/api.w.org\/{rel}","templated":true}]}}