{"id":172,"date":"2020-09-28T13:46:23","date_gmt":"2020-09-28T12:46:23","guid":{"rendered":"https:\/\/saltisimo.com\/?post_type=product&#038;p=172"},"modified":"2024-05-02T11:44:47","modified_gmt":"2024-05-02T10:44:47","slug":"flor-de-sal-daveiro","status":"publish","type":"product","link":"https:\/\/saltisimo.com\/es\/producto\/flor-de-sal-daveiro\/","title":{"rendered":"Flor de sal"},"content":{"rendered":"<h1><strong>Flor de sal, u<\/strong>una caricia de pureza salada<\/h1>\n<h2>\u00bfQu\u00e9 es la flor de sal de Aveiro?<\/h2>\n<p>La flor de sal, verdadera joya de las salinas, es una fina capa de cristales blancos de una pureza excepcional. Se forma de forma natural en la superficie de estas marismas gracias a la acci\u00f3n evaporativa del viento y a la influencia del oc\u00e9ano Atl\u00e1ntico. Los cristales de flor de sal suelen ser granos grandes, de entre 0 y 4 mm, y su textura es granulosa, blanda y ligeramente h\u00fameda al tacto.<\/p>\n<p>La pureza de la flor de sal se debe a que no entra en contacto con el suelo de las marismas, lo que preserva su brillante blancura.<\/p>\n<h3><strong>\u00bfC\u00f3mo lo incorpora a su cocina?<\/strong><\/h3>\n<p>La flor de sal es famosa por su delicadeza y su capacidad para resaltar lo mejor de los platos. A diferencia de la sal gorda, se disuelve muy r\u00e1pidamente en contacto con los alimentos. Puede a\u00f1adirla con moderaci\u00f3n a todas sus preparaciones culinarias, fr\u00edas o calientes, para enriquecer naturalmente sus sabores sin sobrecargarlos.<\/p>\n<h3><strong>Almacenamiento y uso<\/strong><\/h3>\n<p>Para preservar la frescura y la intensidad de sus aromas, nuestra flor de sal se envasa meticulosamente en un recipiente herm\u00e9tico. Cuando la abra, le recomendamos que la transfiera a un recipiente opaco para su \u00f3ptima conservaci\u00f3n.<\/p>\n<p>La flor de sal es excepcionalmente vers\u00e1til en la cocina. Puede utilizarla tal cual para espolvorearla sutilmente sobre sus platos antes de servirlos, a\u00f1adiendo un toque de elegancia a sus creaciones culinarias. Si prefiere ajustar la cantidad de sal, utilice un molinillo de especias para triturar la flor de sal, liberando los aromas de las especias sin triturar y personalizando la intensidad del salado seg\u00fan sus preferencias.<\/p>\n<p>Fleur de Sel es un tesoro gustativo que transforma cada plato en una experiencia inolvidable. Descubra su excelencia salada, pida ahora su Fleur de Sel y realce sus comidas como nunca.<\/p>","protected":false},"excerpt":{"rendered":"<p>Descubra la Flor de Sal de Aveiro, un toque de pureza salada para realzar sus platos. Una fina capa de cristales blancos que se forma de forma natural en la superficie de las salinas.<\/p>","protected":false},"featured_media":2248,"comment_status":"open","ping_status":"closed","template":"","meta":{"jetpack_publicize_message":"","jetpack_publicize_feature_enabled":true,"jetpack_social_post_already_shared":false,"jetpack_social_options":{"image_generator_settings":{"template":"highway","default_image_id":0,"font":"","enabled":false},"version":2}},"product_brand":[],"product_cat":[19],"product_tag":[37],"class_list":{"0":"post-172","1":"product","2":"type-product","3":"status-publish","4":"has-post-thumbnail","6":"product_cat-sel-nature-du-portugal","7":"product_tag-fleur-de-sel","9":"first","10":"instock","11":"taxable","12":"shipping-taxable","13":"purchasable","14":"product-type-variable","15":"has-default-attributes"},"bundled_by":["3584"],"bundle_stock_status":"instock","bundle_stock_quantity":null,"bundle_virtual":false,"bundle_layout":"","bundle_add_to_cart_form_location":"","bundle_editable_in_cart":false,"bundle_sold_individually_context":"","bundle_item_grouping":"","bundle_min_size":"","bundle_max_size":"","bundle_price":[],"bundled_items":[],"bundle_sell_ids":[],"jetpack_publicize_connections":[],"jetpack_sharing_enabled":true,"_links":{"self":[{"href":"https:\/\/saltisimo.com\/es\/wp-json\/wp\/v2\/product\/172","targetHints":{"allow":["GET"]}}],"collection":[{"href":"https:\/\/saltisimo.com\/es\/wp-json\/wp\/v2\/product"}],"about":[{"href":"https:\/\/saltisimo.com\/es\/wp-json\/wp\/v2\/types\/product"}],"replies":[{"embeddable":true,"href":"https:\/\/saltisimo.com\/es\/wp-json\/wp\/v2\/comments?post=172"}],"wp:featuredmedia":[{"embeddable":true,"href":"https:\/\/saltisimo.com\/es\/wp-json\/wp\/v2\/media\/2248"}],"wp:attachment":[{"href":"https:\/\/saltisimo.com\/es\/wp-json\/wp\/v2\/media?parent=172"}],"wp:term":[{"taxonomy":"product_brand","embeddable":true,"href":"https:\/\/saltisimo.com\/es\/wp-json\/wp\/v2\/product_brand?post=172"},{"taxonomy":"product_cat","embeddable":true,"href":"https:\/\/saltisimo.com\/es\/wp-json\/wp\/v2\/product_cat?post=172"},{"taxonomy":"product_tag","embeddable":true,"href":"https:\/\/saltisimo.com\/es\/wp-json\/wp\/v2\/product_tag?post=172"}],"curies":[{"name":"wp","href":"https:\/\/api.w.org\/{rel}","templated":true}]}}