{"id":3203,"date":"2024-05-22T13:20:05","date_gmt":"2024-05-22T12:20:05","guid":{"rendered":"https:\/\/saltisimo.com\/?post_type=product&#038;p=3203"},"modified":"2024-10-04T13:48:07","modified_gmt":"2024-10-04T12:48:07","slug":"pack-aromatico-olivo-hojas","status":"publish","type":"product","link":"https:\/\/saltisimo.com\/es\/producto\/pack-aromatico-olivo-hojas\/","title":{"rendered":"D\u00fao arom\u00e1tico - Laurel y olivo"},"content":{"rendered":"<h2>Pack d\u00fao arom\u00e1tico - Laurel y hojas de olivo<\/h2>\n<p data-sourcepos=\"9:1-9:241\">Sum\u00e9rjase en un antiguo ritual de bienestar con nuestro d\u00fao arom\u00e1tico. Este d\u00fao de laurel y hojas de olivo, s\u00edmbolos de purificaci\u00f3n y protecci\u00f3n, le invita a crear una atm\u00f3sfera relajante y revitalizante en su hogar.<\/p>\n<p data-sourcepos=\"11:1-11:195\"><strong>Hojas de laurel :<\/strong> Conocidas por sus propiedades purificadoras y su encantadora fragancia, nuestras hojas de laurel cuidadosamente seleccionadas le transportar\u00e1n a un capullo de tranquilidad.<\/p>\n<p data-sourcepos=\"13:1-13:96\"><strong>Hojas de olivo :<\/strong> S\u00edmbolos de paz y longevidad, nuestras hojas de olivo recogidas a mano son un verdadero tesoro de la naturaleza, que aportan un toque de serenidad a su vida cotidiana.<\/p>\n<h3 data-sourcepos=\"15:1-15:33\"><strong>\u00bfPor qu\u00e9 elegir nuestro d\u00fao?<\/strong><\/h3>\n<ul data-sourcepos=\"17:1-20:24\">\n<li data-sourcepos=\"17:1-17:138\"><strong>Cultivo natural :<\/strong> Nuestros \u00e1rboles crecen sin pesticidas ni productos qu\u00edmicos, respetando el medio ambiente y su salud.<\/li>\n<li data-sourcepos=\"18:1-18:152\"><strong>Seleccionados a mano :<\/strong> Nuestras hojas se recogen cuidadosamente, se lavan en agua clara y se secan de forma natural para preservar todas sus virtudes.<\/li>\n<li data-sourcepos=\"19:1-19:128\"><strong>Calidad artesanal :<\/strong> Preferimos el envasado manual para garantizar la frescura y calidad de nuestros productos.<\/li>\n<li data-sourcepos=\"20:1-20:24\"><strong>Beneficios ancestrales :<\/strong> Redescubra los poderes ancestrales de estas plantas sagradas para armonizar su cuerpo y su mente.<\/li>\n<\/ul>\n<h3 data-sourcepos=\"22:1-22:28\"><strong>Modo de empleo :<\/strong><\/h3>\n<p data-sourcepos=\"24:1-24:41\">\u00a1D\u00e9 rienda suelta a su creatividad!<\/p>\n<ul data-sourcepos=\"26:1-29:0\">\n<li data-sourcepos=\"26:1-26:98\"><strong>Distribuya<\/strong> unas cuantas hojas en un cuenco de agua caliente para disfrutar de su relajante aroma.<\/li>\n<li data-sourcepos=\"27:1-27:83\"><strong>Cree<\/strong> bolsitas perfumadas para guardar en los cajones o debajo de la almohada.<\/li>\n<li data-sourcepos=\"28:1-29:0\"><strong>A\u00f1adir<\/strong> las hojas para sus rituales de meditaci\u00f3n o relajaci\u00f3n.<\/li>\n<\/ul>\n<h3 data-sourcepos=\"30:1-30:22\"><strong>Nuestro compromiso:<\/strong><\/h3>\n<p data-sourcepos=\"32:1-32:79\"><a href=\"https:\/\/saltisimo.com\/es\/quien-es-saltisimo\/\">Saltisimo<\/a> se compromete a ofrecerle productos naturales de la m\u00e1xima calidad, elaborados con m\u00e9todos de cultivo respetuosos con el medio ambiente.<\/p>\n<p data-sourcepos=\"34:1-34:17\">","protected":false},"excerpt":{"rendered":"<p>Este d\u00fao de hojas de laurel y olivo, s\u00edmbolos de purificaci\u00f3n y protecci\u00f3n, le invita a crear una atm\u00f3sfera relajante en su hogar. Recogidas a mano y cultivadas de forma natural, estas hojas le ofrecen sus beneficios ancestrales para armonizar su cuerpo y su mente. Disfrute de sus encantadores aromas en difusi\u00f3n, en bolsitas perfumadas o durante sus rituales de relajaci\u00f3n.<\/p>","protected":false},"featured_media":3204,"comment_status":"open","ping_status":"closed","template":"","meta":{"jetpack_publicize_message":"Duo aromatique - Feuilles de laurier & olivier","jetpack_publicize_feature_enabled":true,"jetpack_social_post_already_shared":true,"jetpack_social_options":{"image_generator_settings":{"template":"highway","default_image_id":0,"font":"","enabled":false},"version":2}},"product_brand":[],"product_cat":[96],"product_tag":[98,99],"class_list":{"0":"post-3203","1":"product","2":"type-product","3":"status-publish","4":"has-post-thumbnail","6":"product_cat-bien-etre-nature","7":"product_tag-feuille-dolivier","8":"product_tag-laurier-sauce","10":"first","11":"instock","12":"taxable","13":"shipping-taxable","14":"purchasable","15":"product-type-woosb"},"bundled_by":[],"bundle_stock_status":"instock","bundle_stock_quantity":null,"bundle_virtual":false,"bundle_layout":"","bundle_add_to_cart_form_location":"","bundle_editable_in_cart":false,"bundle_sold_individually_context":"","bundle_item_grouping":"","bundle_min_size":"","bundle_max_size":"","bundle_price":[],"bundled_items":[],"bundle_sell_ids":[],"jetpack_publicize_connections":[],"jetpack_sharing_enabled":true,"_links":{"self":[{"href":"https:\/\/saltisimo.com\/es\/wp-json\/wp\/v2\/product\/3203","targetHints":{"allow":["GET"]}}],"collection":[{"href":"https:\/\/saltisimo.com\/es\/wp-json\/wp\/v2\/product"}],"about":[{"href":"https:\/\/saltisimo.com\/es\/wp-json\/wp\/v2\/types\/product"}],"replies":[{"embeddable":true,"href":"https:\/\/saltisimo.com\/es\/wp-json\/wp\/v2\/comments?post=3203"}],"wp:featuredmedia":[{"embeddable":true,"href":"https:\/\/saltisimo.com\/es\/wp-json\/wp\/v2\/media\/3204"}],"wp:attachment":[{"href":"https:\/\/saltisimo.com\/es\/wp-json\/wp\/v2\/media?parent=3203"}],"wp:term":[{"taxonomy":"product_brand","embeddable":true,"href":"https:\/\/saltisimo.com\/es\/wp-json\/wp\/v2\/product_brand?post=3203"},{"taxonomy":"product_cat","embeddable":true,"href":"https:\/\/saltisimo.com\/es\/wp-json\/wp\/v2\/product_cat?post=3203"},{"taxonomy":"product_tag","embeddable":true,"href":"https:\/\/saltisimo.com\/es\/wp-json\/wp\/v2\/product_tag?post=3203"}],"curies":[{"name":"wp","href":"https:\/\/api.w.org\/{rel}","templated":true}]}}