{"id":3205,"date":"2024-05-20T13:02:27","date_gmt":"2024-05-20T12:02:27","guid":{"rendered":"https:\/\/saltisimo.com\/?post_type=product&#038;p=3205"},"modified":"2024-10-04T13:48:09","modified_gmt":"2024-10-04T12:48:09","slug":"trio-de-sal-marina-espuma-de-flor-de-sal-gruesa-2","status":"publish","type":"product","link":"https:\/\/saltisimo.com\/es\/producto\/trio-de-sal-marina-espuma-de-flor-de-sal-gruesa-2\/","title":{"rendered":"Tr\u00edo de sal marina - Sal gruesa, Flor y Espuma"},"content":{"rendered":"<h2>Tr\u00edo de sal marina gourmet - Sal gorda, Fleur de Sel &amp; \u00c9cume de Sel<\/h2>\n<p data-sourcepos=\"9:1-9:237\">Convierta sus platos en creaciones culinarias con nuestro <strong>tr\u00edo gourmet de sal marina<\/strong>. Este estuche re\u00fane tres tesoros de las marismas saladas: el <a href=\"https:\/\/saltisimo.com\/es\/producto\/sal-gorda-daveiro\/\">sal gorda<\/a>flor de sal y<a href=\"https:\/\/saltisimo.com\/es\/producto\/espuma-de-sal-daveiro\/\">espuma de sal<\/a>cada uno con su propia textura e intensidad.<\/p>\n<p data-sourcepos=\"11:1-11:168\"><strong>Sal gruesa :<\/strong> Indispensable en la cocina, nuestra sal gorda recolectada a mano aporta un sabor intenso y una textura crujiente a sus platos cocinados a fuego lento, carnes a la parrilla y verduras.<\/p>\n<p data-sourcepos=\"13:1-13:103\"><strong>Flor de sal :<\/strong> Delicada y preciosa, nuestra flor de sal se recolecta en la superficie de las salinas. Sus cristales fundentes liberan una explosi\u00f3n de sabores marinos, ideal para realzar sus carnes, pescados y postres.<\/p>\n<p data-sourcepos=\"15:1-15:212\"><strong>Escuma de sal :<\/strong> Rara y ligera, nuestra espuma de sal se forma de forma natural con el viento y las olas. Su textura aireada y su sabor sutil la convierten en un condimento excepcional para sus platos m\u00e1s refinados.<\/p>\n<h3 data-sourcepos=\"17:1-17:33\"><strong>\u00bfPor qu\u00e9 elegir nuestro tr\u00edo?<\/strong><\/h3>\n<ul data-sourcepos=\"19:1-20:31\">\n<li data-sourcepos=\"19:1-19:152\"><strong>Hecho a mano :<\/strong> Nuestras sales proceden de salinas tradicionales, donde el saber hacer ancestral se ha transmitido de generaci\u00f3n en generaci\u00f3n.<\/li>\n<li data-sourcepos=\"20:1-20:31\"><strong>Seleccionados a mano :<\/strong> Cada grano de sal se cosecha a mano con pasi\u00f3n y respeto por la naturaleza.<\/li>\n<li data-sourcepos=\"21:1-21:141\"><strong>Pureza natural :<\/strong> Nuestras sales no se someten a ning\u00fan tratamiento qu\u00edmico, por lo que conservan toda su riqueza en minerales y oligoelementos.<\/li>\n<li data-sourcepos=\"22:1-23:0\"><strong>Sabores aut\u00e9nticos :<\/strong> Descubra la esencia misma del mar en cada pizca de sal.<\/li>\n<\/ul>\n<h3 data-sourcepos=\"24:1-24:28\"><strong>Modo de empleo :<\/strong><\/h3>\n<ul data-sourcepos=\"26:1-27:93\">\n<li data-sourcepos=\"26:1-26:83\"><strong>Sal gruesa :<\/strong> Util\u00edcelo para cocinar pasta, arroz, verduras y carne.<\/li>\n<li data-sourcepos=\"27:1-27:93\"><strong>Flor de sal :<\/strong> Espolvor\u00e9elo como toque final en sus platos para realzar sus sabores.<\/li>\n<li data-sourcepos=\"28:1-29:0\"><strong>Escuma de sal :<\/strong> Espolvorear delicadamente sobre pescados, mariscos, carpaccios y postres.<\/li>\n<\/ul>\n<h3 data-sourcepos=\"30:1-30:22\"><strong>Nuestro compromiso:<\/strong><\/h3>\n<p data-sourcepos=\"32:1-32:127\">Saltisimo se compromete a ofrecerle productos excepcionales, elaborados de forma artesanal y respetuosa con el medio ambiente.<\/p>\n<p data-sourcepos=\"34:1-34:77\"><strong>\u00a1Descubra las m\u00faltiples facetas de la sal marina con nuestro Trio Gourmand!<\/strong><\/p>","protected":false},"excerpt":{"rendered":"<p>Realce sus platos con nuestro Tr\u00edo Gourmand de Sel de Mer: sal gorda, flor de sal y sal de mar, recolectadas a mano en salinas tradicionales. Una explosi\u00f3n de sabores marinos para la alta cocina.<\/p>","protected":false},"featured_media":3207,"comment_status":"open","ping_status":"closed","template":"","meta":{"jetpack_publicize_message":"","jetpack_publicize_feature_enabled":true,"jetpack_social_post_already_shared":true,"jetpack_social_options":{"image_generator_settings":{"template":"highway","default_image_id":0,"font":"","enabled":false},"version":2}},"product_brand":[],"product_cat":[19],"product_tag":[48,37,24],"class_list":{"0":"post-3205","1":"product","2":"type-product","3":"status-publish","4":"has-post-thumbnail","6":"product_cat-sel-nature-du-portugal","7":"product_tag-ecume","8":"product_tag-fleur-de-sel","9":"product_tag-gros-sel","11":"first","12":"instock","13":"taxable","14":"shipping-taxable","15":"purchasable","16":"product-type-woosb"},"bundled_by":[],"bundle_stock_status":"instock","bundle_stock_quantity":null,"bundle_virtual":false,"bundle_layout":"","bundle_add_to_cart_form_location":"","bundle_editable_in_cart":false,"bundle_sold_individually_context":"","bundle_item_grouping":"","bundle_min_size":"","bundle_max_size":"","bundle_price":[],"bundled_items":[],"bundle_sell_ids":[],"jetpack_publicize_connections":[],"jetpack_sharing_enabled":true,"_links":{"self":[{"href":"https:\/\/saltisimo.com\/es\/wp-json\/wp\/v2\/product\/3205","targetHints":{"allow":["GET"]}}],"collection":[{"href":"https:\/\/saltisimo.com\/es\/wp-json\/wp\/v2\/product"}],"about":[{"href":"https:\/\/saltisimo.com\/es\/wp-json\/wp\/v2\/types\/product"}],"replies":[{"embeddable":true,"href":"https:\/\/saltisimo.com\/es\/wp-json\/wp\/v2\/comments?post=3205"}],"wp:featuredmedia":[{"embeddable":true,"href":"https:\/\/saltisimo.com\/es\/wp-json\/wp\/v2\/media\/3207"}],"wp:attachment":[{"href":"https:\/\/saltisimo.com\/es\/wp-json\/wp\/v2\/media?parent=3205"}],"wp:term":[{"taxonomy":"product_brand","embeddable":true,"href":"https:\/\/saltisimo.com\/es\/wp-json\/wp\/v2\/product_brand?post=3205"},{"taxonomy":"product_cat","embeddable":true,"href":"https:\/\/saltisimo.com\/es\/wp-json\/wp\/v2\/product_cat?post=3205"},{"taxonomy":"product_tag","embeddable":true,"href":"https:\/\/saltisimo.com\/es\/wp-json\/wp\/v2\/product_tag?post=3205"}],"curies":[{"name":"wp","href":"https:\/\/api.w.org\/{rel}","templated":true}]}}