{"id":3545,"date":"2025-10-17T10:46:33","date_gmt":"2025-10-17T09:46:33","guid":{"rendered":"https:\/\/saltisimo.com\/?post_type=product&#038;p=3545"},"modified":"2025-10-17T10:46:34","modified_gmt":"2025-10-17T09:46:34","slug":"hojas-de-eucalipto-portugal","status":"publish","type":"product","link":"https:\/\/saltisimo.com\/es\/producto\/hojas-de-eucalipto-portugal\/","title":{"rendered":"Hojas de eucalipto"},"content":{"rendered":"<h2><b>Hojas de eucalipto portugu\u00e9s<\/b><\/h2>\n<p class=\"p3\">Descubra la autenticidad de las hojas <strong>d'<\/strong><span class=\"s2\"><b>Eucalipto portugu\u00e9s<\/b><\/span>cultivadas sin fertilizantes ni pesticidas, entonces <span class=\"s2\"><b>selecci\u00f3n de<\/b><\/span> y <span class=\"s2\"><b>secado natural<\/b><\/span> al aire libre.<\/p>\n<p class=\"p3\">Utilizado durante generaciones por su <span class=\"s2\"><b>propiedades purificantes y calmantes<\/b><\/span>El eucalipto es una planta esencial en la fitoterapia tradicional. Su fragancia fresca y potente hace maravillas en infusiones, fumigaciones o simplemente colgado en una habitaci\u00f3n para purificar el aire.<\/p>\n<h3><b>Beneficios naturales (para el bienestar) :<\/b><\/h3>\n<ul>\n<li class=\"p4\"><span class=\"s3\">Promueve <\/span>respiraci\u00f3n m\u00e1s libre<\/li>\n<li class=\"p4\"><span class=\"s3\">Calma <\/span>dolencias invernales leves<\/li>\n<li class=\"p3\">Fragancia purificante, efecto refrescante<\/li>\n<li class=\"p3\"><span class=\"s3\">Ideal para <\/span>ba\u00f1o de vapor o decoraci\u00f3n natural<b><\/b><\/li>\n<\/ul>\n<h3><b>Modo de empleo :<\/b><\/h3>\n<ul>\n<li class=\"p3\"><span class=\"s2\"><b>En infusi\u00f3n<\/b><\/span> Verter agua hirviendo sobre un pu\u00f1ado de hojas, tapar y dejar en infusi\u00f3n de 5 a 7 minutos.<\/li>\n<li class=\"p3\"><span class=\"s2\"><b>Inhalaci\u00f3n<\/b><\/span> Sumerge un pu\u00f1ado de hojas en un recipiente con agua caliente, c\u00fabrete la cabeza con una toalla y respira profundamente.<\/li>\n<li class=\"p3\"><span class=\"s2\"><b>Para decorar<\/b><\/span> Colgar ramas en una habitaci\u00f3n o en la ducha para que liberen su fragancia bajo el efecto del vapor.<\/li>\n<\/ul>\n<h3><b>\u00bfPor qu\u00e9 elegir nuestro eucalipto?<\/b><\/h3>\n<p class=\"p3\">Porque es <span class=\"s2\">aut\u00e9ntico, puro, sin procesar<\/span>Se recolecta cuidadosamente siguiendo un m\u00e9todo tradicional que respeta la planta y sus propiedades naturales. Porque procede de un jard\u00edn, no de un almac\u00e9n. Porque huele a Portugal.<\/p>","protected":false},"excerpt":{"rendered":"<p>Recogido a mano, este eucalipto portugu\u00e9s se seca de forma natural para preservar toda su fragancia y sus beneficios.<br \/>\nIdeal para infusionar, vaporizar o colgar en la ducha para conseguir una atm\u00f3sfera fresca y purificadora.<\/p>","protected":false},"featured_media":3563,"comment_status":"open","ping_status":"closed","template":"","meta":{"jetpack_publicize_message":"","jetpack_publicize_feature_enabled":true,"jetpack_social_post_already_shared":true,"jetpack_social_options":{"image_generator_settings":{"template":"highway","default_image_id":0,"font":"","enabled":false},"version":2}},"product_brand":[132],"product_cat":[96],"product_tag":[133],"class_list":{"0":"post-3545","1":"product","2":"type-product","3":"status-publish","4":"has-post-thumbnail","6":"product_brand-saltisimo","7":"product_cat-bien-etre-nature","8":"product_tag-eucalyptus","10":"first","11":"instock","12":"taxable","13":"shipping-taxable","14":"purchasable","15":"product-type-simple"},"bundled_by":[],"bundle_stock_status":"instock","bundle_stock_quantity":null,"bundle_virtual":false,"bundle_layout":"","bundle_add_to_cart_form_location":"","bundle_editable_in_cart":false,"bundle_sold_individually_context":"","bundle_item_grouping":"","bundle_min_size":"","bundle_max_size":"","bundle_price":[],"bundled_items":[],"bundle_sell_ids":[],"jetpack_publicize_connections":[],"jetpack_sharing_enabled":true,"_links":{"self":[{"href":"https:\/\/saltisimo.com\/es\/wp-json\/wp\/v2\/product\/3545","targetHints":{"allow":["GET"]}}],"collection":[{"href":"https:\/\/saltisimo.com\/es\/wp-json\/wp\/v2\/product"}],"about":[{"href":"https:\/\/saltisimo.com\/es\/wp-json\/wp\/v2\/types\/product"}],"replies":[{"embeddable":true,"href":"https:\/\/saltisimo.com\/es\/wp-json\/wp\/v2\/comments?post=3545"}],"wp:featuredmedia":[{"embeddable":true,"href":"https:\/\/saltisimo.com\/es\/wp-json\/wp\/v2\/media\/3563"}],"wp:attachment":[{"href":"https:\/\/saltisimo.com\/es\/wp-json\/wp\/v2\/media?parent=3545"}],"wp:term":[{"taxonomy":"product_brand","embeddable":true,"href":"https:\/\/saltisimo.com\/es\/wp-json\/wp\/v2\/product_brand?post=3545"},{"taxonomy":"product_cat","embeddable":true,"href":"https:\/\/saltisimo.com\/es\/wp-json\/wp\/v2\/product_cat?post=3545"},{"taxonomy":"product_tag","embeddable":true,"href":"https:\/\/saltisimo.com\/es\/wp-json\/wp\/v2\/product_tag?post=3545"}],"curies":[{"name":"wp","href":"https:\/\/api.w.org\/{rel}","templated":true}]}}