{"id":3584,"date":"2025-11-04T14:02:09","date_gmt":"2025-11-04T14:02:09","guid":{"rendered":"https:\/\/saltisimo.com\/?post_type=product&#038;p=3584"},"modified":"2026-01-28T15:04:13","modified_gmt":"2026-01-28T15:04:13","slug":"caja-regalo-de-navidad-sal-de-la-abuela","status":"publish","type":"product","link":"https:\/\/saltisimo.com\/es\/producto\/caja-regalo-de-navidad-sal-de-la-abuela\/","title":{"rendered":"Set de Regalo de Navidad - Sal da Av\u00f3"},"content":{"rendered":"<h2><b>Caja regalo de Navidad - Sal da Av\u00f3, la sal de la abuela<\/b><\/h2>\n<p class=\"p1\"><b>Un peque\u00f1o regalo, un gran s\u00edmbolo.<\/b><b><\/b><\/p>\n<p class=\"p2\">Porque no siempre tenemos un gran presupuesto, pero siempre queremos dar placer...<\/p>\n<p class=\"p2\">Este <span class=\"s1\"><b>Caja de Navidad<\/b><\/span> en torno a la sal artesanal portuguesa es sencilla, sincera y llena de significado.<\/p>\n<p class=\"p2\">Es el tipo de regalo que un nieto o nieta har\u00eda a su abuela de coraz\u00f3n, con un gui\u00f1o a la tradici\u00f3n.<\/p>\n<h3><b>Ofrecer sal, un gesto ancestral<\/b><\/h3>\n<p class=\"p2\">Durante siglos, ofrecer <a href=\"https:\/\/saltisimo.com\/es\/producto\/daveiro-sal-grande-de-navidad\/\">sal<\/a> es un acto simb\u00f3lico:<\/p>\n<p class=\"p1\"><span class=\"s3\">Habla de la <\/span><b>protecci\u00f3n<\/b><span class=\"s3\">, el <\/span><b>oportunidad<\/b><span class=\"s3\">, el <\/span><b>lealtad<\/b><span class=\"s3\"> y el <\/span><b>un gusto duradero por los lazos familiares<\/b><span class=\"s3\">.<\/span><\/p>\n<p class=\"p2\">En muchas culturas, es un <span class=\"s1\"><b>un discreto pero poderoso amuleto de la suerte<\/b><\/span>, que ofrecemos decir: <i>\u201cQue a tu vida nunca le falte sabor\u201d.\u201d<\/i><i><\/i><\/p>\n<p class=\"p2\">Con este <span class=\"s1\"><b>\u201cSal da Av\u00f3\u201d<\/b><\/span>, Est\u00e1s ofreciendo mucho m\u00e1s que un producto. Un recuerdo de Portugal, un gesto de transmisi\u00f3n, una declaraci\u00f3n de amor familiar tan sabrosa como un buen plato.<\/p>\n<h3><b>Un producto portugu\u00e9s 100 % hecho a mano<\/b><\/h3>\n<ul>\n<li class=\"p2\">Recogidas a mano en las salinas de Aveiro<\/li>\n<li class=\"p2\">Sin refinar, secado al sol de forma natural<\/li>\n<li class=\"p2\">Cuidadosamente empaquetado en un formato listo para regalar<\/li>\n<\/ul>\n<h3><b>El set de regalo de Navidad perfecto para...<\/b><\/h3>\n<ul>\n<li class=\"p2\">A <span class=\"s1\">abuela<\/span> que ama cocinar<\/li>\n<li class=\"p2\">A <span class=\"s1\">regalo emocional<\/span> con presupuesto<\/li>\n<li class=\"p2\">A <span class=\"s1\">memoria simb\u00f3lica<\/span> para meter en una cesta gourmet<\/li>\n<li class=\"p2\">A <span class=\"s1\">aut\u00e9ntico regalo<\/span> para las fiestas<\/li>\n<\/ul>","protected":false},"excerpt":{"rendered":"<p class=\"p1\"><b>Caja personalizable - Elecci\u00f3n de hasta 3 sales<\/b><b><\/b><\/p>\n<p class=\"p3\">Cree su propia caja seleccionando <span class=\"s1\"><b>hasta 3 sales artesanales<\/b><\/span> de nuestra colecci\u00f3n. Una idea de regalo a medida, inspirada en Portugal y llena de sabor.<\/p>","protected":false},"featured_media":3587,"comment_status":"open","ping_status":"closed","template":"","meta":{"jetpack_publicize_message":"","jetpack_publicize_feature_enabled":true,"jetpack_social_post_already_shared":true,"jetpack_social_options":{"image_generator_settings":{"template":"highway","default_image_id":0,"font":"","enabled":false},"version":2}},"product_brand":[132],"product_cat":[57],"product_tag":[142,143],"class_list":{"0":"post-3584","1":"product","2":"type-product","3":"status-publish","4":"has-post-thumbnail","6":"product_brand-saltisimo","7":"product_cat-editions-limitees","8":"product_tag-coffret","9":"product_tag-noel","11":"first","12":"outofstock","13":"sold-individually","14":"taxable","15":"shipping-taxable","16":"purchasable","17":"product-type-bundle"},"bundled_by":[],"bundle_stock_status":"outofstock","bundle_stock_quantity":0,"bundle_virtual":false,"bundle_layout":"grid","bundle_add_to_cart_form_location":"after_summary","bundle_editable_in_cart":false,"bundle_sold_individually_context":"product","bundle_item_grouping":"noindent","bundle_min_size":3,"bundle_max_size":3,"bundle_price":{"price":{"min":{"incl_tax":"9.9","excl_tax":"8.04878"},"max":{"incl_tax":"9.9","excl_tax":"8.04878"}},"regular_price":{"min":{"incl_tax":"9.9","excl_tax":"8.04878"},"max":{"incl_tax":"9.9","excl_tax":"8.04878"}}},"bundled_items":[{"bundled_item_id":7,"product_id":2058,"menu_order":0,"quantity_min":1,"quantity_max":1,"quantity_default":1,"priced_individually":false,"shipped_individually":false,"override_title":false,"title":"Sal con pimienta blanca","override_description":true,"description":"","optional":true,"hide_thumbnail":false,"discount":"","override_variations":false,"allowed_variations":[],"override_default_variation_attributes":false,"default_variation_attributes":[],"single_product_visibility":"visible","cart_visibility":"visible","order_visibility":"visible","single_product_price_visibility":"visible","cart_price_visibility":"visible","order_price_visibility":"visible","stock_status":"in_stock"},{"bundled_item_id":8,"product_id":2050,"menu_order":1,"quantity_min":1,"quantity_max":1,"quantity_default":1,"priced_individually":false,"shipped_individually":false,"override_title":false,"title":"Sal de 5 pimientas","override_description":true,"description":"","optional":true,"hide_thumbnail":false,"discount":"","override_variations":false,"allowed_variations":[],"override_default_variation_attributes":false,"default_variation_attributes":[],"single_product_visibility":"visible","cart_visibility":"visible","order_visibility":"visible","single_product_price_visibility":"visible","cart_price_visibility":"visible","order_price_visibility":"visible","stock_status":"in_stock"},{"bundled_item_id":9,"product_id":167,"menu_order":2,"quantity_min":1,"quantity_max":1,"quantity_default":1,"priced_individually":false,"shipped_individually":false,"override_title":false,"title":"Sal Tex-Mex","override_description":true,"description":"","optional":true,"hide_thumbnail":false,"discount":"","override_variations":false,"allowed_variations":[],"override_default_variation_attributes":false,"default_variation_attributes":[],"single_product_visibility":"visible","cart_visibility":"visible","order_visibility":"visible","single_product_price_visibility":"visible","cart_price_visibility":"visible","order_price_visibility":"visible","stock_status":"in_stock"},{"bundled_item_id":22,"product_id":1234,"menu_order":3,"quantity_min":1,"quantity_max":1,"quantity_default":1,"priced_individually":false,"shipped_individually":false,"override_title":false,"title":"Sal de piment\u00f3n","override_description":true,"description":"","optional":true,"hide_thumbnail":false,"discount":"","override_variations":false,"allowed_variations":[],"override_default_variation_attributes":false,"default_variation_attributes":[],"single_product_visibility":"visible","cart_visibility":"visible","order_visibility":"visible","single_product_price_visibility":"visible","cart_price_visibility":"visible","order_price_visibility":"visible","stock_status":"in_stock"},{"bundled_item_id":17,"product_id":1282,"menu_order":4,"quantity_min":1,"quantity_max":1,"quantity_default":1,"priced_individually":false,"shipped_individually":false,"override_title":false,"title":"Sal con laurel y albahaca","override_description":true,"description":"","optional":true,"hide_thumbnail":false,"discount":"","override_variations":false,"allowed_variations":[],"override_default_variation_attributes":false,"default_variation_attributes":[],"single_product_visibility":"visible","cart_visibility":"visible","order_visibility":"visible","single_product_price_visibility":"visible","cart_price_visibility":"visible","order_price_visibility":"visible","stock_status":"in_stock"},{"bundled_item_id":19,"product_id":1264,"menu_order":5,"quantity_min":1,"quantity_max":1,"quantity_default":1,"priced_individually":false,"shipped_individually":false,"override_title":false,"title":"Sal de albahaca","override_description":true,"description":"","optional":true,"hide_thumbnail":false,"discount":"","override_variations":false,"allowed_variations":[],"override_default_variation_attributes":false,"default_variation_attributes":[],"single_product_visibility":"visible","cart_visibility":"visible","order_visibility":"visible","single_product_price_visibility":"visible","cart_price_visibility":"visible","order_price_visibility":"visible","stock_status":"in_stock"},{"bundled_item_id":18,"product_id":1274,"menu_order":6,"quantity_min":1,"quantity_max":1,"quantity_default":1,"priced_individually":false,"shipped_individually":false,"override_title":false,"title":"Sal de clavo","override_description":true,"description":"","optional":true,"hide_thumbnail":false,"discount":"","override_variations":false,"allowed_variations":[],"override_default_variation_attributes":false,"default_variation_attributes":[],"single_product_visibility":"visible","cart_visibility":"visible","order_visibility":"visible","single_product_price_visibility":"visible","cart_price_visibility":"visible","order_price_visibility":"visible","stock_status":"in_stock"},{"bundled_item_id":20,"product_id":1251,"menu_order":7,"quantity_min":1,"quantity_max":1,"quantity_default":1,"priced_individually":false,"shipped_individually":false,"override_title":false,"title":"Sal con an\u00eds y naranja confitada","override_description":true,"description":"","optional":true,"hide_thumbnail":false,"discount":"","override_variations":false,"allowed_variations":[],"override_default_variation_attributes":false,"default_variation_attributes":[],"single_product_visibility":"visible","cart_visibility":"visible","order_visibility":"visible","single_product_price_visibility":"visible","cart_price_visibility":"visible","order_price_visibility":"visible","stock_status":"in_stock"},{"bundled_item_id":28,"product_id":753,"menu_order":8,"quantity_min":1,"quantity_max":1,"quantity_default":1,"priced_individually":false,"shipped_individually":false,"override_title":false,"title":"Flor de sal con jengibre","override_description":true,"description":"","optional":true,"hide_thumbnail":false,"discount":"","override_variations":true,"allowed_variations":[3046],"override_default_variation_attributes":false,"default_variation_attributes":[],"single_product_visibility":"visible","cart_visibility":"visible","order_visibility":"visible","single_product_price_visibility":"visible","cart_price_visibility":"visible","order_price_visibility":"visible","stock_status":"in_stock"},{"bundled_item_id":21,"product_id":147,"menu_order":9,"quantity_min":1,"quantity_max":1,"quantity_default":1,"priced_individually":false,"shipped_individually":false,"override_title":false,"title":"Sal de curry","override_description":true,"description":"","optional":true,"hide_thumbnail":false,"discount":"","override_variations":true,"allowed_variations":[148],"override_default_variation_attributes":false,"default_variation_attributes":[],"single_product_visibility":"visible","cart_visibility":"visible","order_visibility":"visible","single_product_price_visibility":"visible","cart_price_visibility":"visible","order_price_visibility":"visible","stock_status":"in_stock"},{"bundled_item_id":29,"product_id":402,"menu_order":10,"quantity_min":1,"quantity_max":1,"quantity_default":1,"priced_individually":false,"shipped_individually":false,"override_title":false,"title":"Flor de sal con curry","override_description":true,"description":"","optional":true,"hide_thumbnail":false,"discount":"","override_variations":true,"allowed_variations":[403],"override_default_variation_attributes":false,"default_variation_attributes":[],"single_product_visibility":"visible","cart_visibility":"visible","order_visibility":"visible","single_product_price_visibility":"visible","cart_price_visibility":"visible","order_price_visibility":"visible","stock_status":"in_stock"},{"bundled_item_id":26,"product_id":527,"menu_order":11,"quantity_min":1,"quantity_max":1,"quantity_default":1,"priced_individually":false,"shipped_individually":false,"override_title":false,"title":"Espuma de sal de Aveiro","override_description":true,"description":"","optional":true,"hide_thumbnail":false,"discount":"","override_variations":true,"allowed_variations":[3017],"override_default_variation_attributes":false,"default_variation_attributes":[],"single_product_visibility":"visible","cart_visibility":"visible","order_visibility":"visible","single_product_price_visibility":"visible","cart_price_visibility":"visible","order_price_visibility":"visible","stock_status":"in_stock"},{"bundled_item_id":27,"product_id":172,"menu_order":12,"quantity_min":1,"quantity_max":1,"quantity_default":1,"priced_individually":false,"shipped_individually":false,"override_title":false,"title":"Flor de sal de Aveiro","override_description":true,"description":"","optional":true,"hide_thumbnail":false,"discount":"","override_variations":true,"allowed_variations":[424],"override_default_variation_attributes":false,"default_variation_attributes":[],"single_product_visibility":"visible","cart_visibility":"visible","order_visibility":"visible","single_product_price_visibility":"visible","cart_price_visibility":"visible","order_price_visibility":"visible","stock_status":"in_stock"}],"bundle_sell_ids":[],"jetpack_publicize_connections":[],"jetpack_sharing_enabled":true,"_links":{"self":[{"href":"https:\/\/saltisimo.com\/es\/wp-json\/wp\/v2\/product\/3584","targetHints":{"allow":["GET"]}}],"collection":[{"href":"https:\/\/saltisimo.com\/es\/wp-json\/wp\/v2\/product"}],"about":[{"href":"https:\/\/saltisimo.com\/es\/wp-json\/wp\/v2\/types\/product"}],"replies":[{"embeddable":true,"href":"https:\/\/saltisimo.com\/es\/wp-json\/wp\/v2\/comments?post=3584"}],"wp:featuredmedia":[{"embeddable":true,"href":"https:\/\/saltisimo.com\/es\/wp-json\/wp\/v2\/media\/3587"}],"wp:attachment":[{"href":"https:\/\/saltisimo.com\/es\/wp-json\/wp\/v2\/media?parent=3584"}],"wp:term":[{"taxonomy":"product_brand","embeddable":true,"href":"https:\/\/saltisimo.com\/es\/wp-json\/wp\/v2\/product_brand?post=3584"},{"taxonomy":"product_cat","embeddable":true,"href":"https:\/\/saltisimo.com\/es\/wp-json\/wp\/v2\/product_cat?post=3584"},{"taxonomy":"product_tag","embeddable":true,"href":"https:\/\/saltisimo.com\/es\/wp-json\/wp\/v2\/product_tag?post=3584"}],"curies":[{"name":"wp","href":"https:\/\/api.w.org\/{rel}","templated":true}]}}