{"id":3,"date":"2020-09-07T12:11:16","date_gmt":"2020-09-07T10:11:16","guid":{"rendered":"http:\/\/saltisimo.com\/?page_id=3"},"modified":"2024-02-09T11:13:39","modified_gmt":"2024-02-09T11:13:39","slug":"politique-de-confidentialite","status":"publish","type":"page","link":"https:\/\/saltisimo.com\/fr_fr\/politique-de-confidentialite\/","title":{"rendered":"Mentions l\u00e9gales"},"content":{"rendered":"\t\t<div data-elementor-type=\"wp-page\" data-elementor-id=\"3\" class=\"elementor elementor-3\" data-elementor-post-type=\"page\">\n\t\t\t\t\t\t<section class=\"elementor-section elementor-top-section elementor-element elementor-element-13f92287 elementor-section-height-min-height elementor-section-items-stretch elementor-section-boxed elementor-section-height-default\" data-id=\"13f92287\" data-element_type=\"section\" data-e-type=\"section\" data-settings=\"{&quot;background_background&quot;:&quot;classic&quot;}\">\n\t\t\t\t\t\t\t<div class=\"elementor-background-overlay\"><\/div>\n\t\t\t\t\t\t\t<div class=\"elementor-container elementor-column-gap-default\">\n\t\t\t\t\t<div class=\"elementor-column elementor-col-100 elementor-top-column elementor-element elementor-element-33e7c7ea\" data-id=\"33e7c7ea\" data-element_type=\"column\" data-e-type=\"column\">\n\t\t\t<div class=\"elementor-widget-wrap elementor-element-populated\">\n\t\t\t\t\t\t<section class=\"elementor-section elementor-inner-section elementor-element elementor-element-3452821d elementor-section-full_width elementor-section-height-default elementor-section-height-default\" data-id=\"3452821d\" data-element_type=\"section\" data-e-type=\"section\">\n\t\t\t\t\t\t<div class=\"elementor-container elementor-column-gap-default\">\n\t\t\t\t\t<div class=\"elementor-column elementor-col-50 elementor-inner-column elementor-element elementor-element-695a6a76\" data-id=\"695a6a76\" data-element_type=\"column\" data-e-type=\"column\">\n\t\t\t<div class=\"elementor-widget-wrap\">\n\t\t\t\t\t\t\t<\/div>\n\t\t<\/div>\n\t\t\t\t<div class=\"elementor-column elementor-col-50 elementor-inner-column elementor-element elementor-element-2a812d13\" data-id=\"2a812d13\" data-element_type=\"column\" data-e-type=\"column\">\n\t\t\t<div class=\"elementor-widget-wrap elementor-element-populated\">\n\t\t\t\t\t\t<div class=\"elementor-element elementor-element-66ae46b6 elementor-widget elementor-widget-heading\" data-id=\"66ae46b6\" data-element_type=\"widget\" data-e-type=\"widget\" data-widget_type=\"heading.default\">\n\t\t\t\t<div class=\"elementor-widget-container\">\n\t\t\t\t\t<h2 class=\"elementor-heading-title elementor-size-default\">Mentions l\u00e9gales<\/h2>\t\t\t\t<\/div>\n\t\t\t\t<\/div>\n\t\t\t\t\t<\/div>\n\t\t<\/div>\n\t\t\t\t\t<\/div>\n\t\t<\/section>\n\t\t\t\t\t<\/div>\n\t\t<\/div>\n\t\t\t\t\t<\/div>\n\t\t<\/section>\n\t\t\t\t<section class=\"elementor-section elementor-top-section elementor-element elementor-element-45d3951d elementor-section-boxed elementor-section-height-default elementor-section-height-default\" data-id=\"45d3951d\" data-element_type=\"section\" data-e-type=\"section\" data-settings=\"{&quot;background_background&quot;:&quot;classic&quot;}\">\n\t\t\t\t\t\t\t<div class=\"elementor-background-overlay\"><\/div>\n\t\t\t\t\t\t\t<div class=\"elementor-container elementor-column-gap-default\">\n\t\t\t\t\t<div class=\"elementor-column elementor-col-100 elementor-top-column elementor-element elementor-element-6f7aecce\" data-id=\"6f7aecce\" data-element_type=\"column\" data-e-type=\"column\" data-settings=\"{&quot;background_background&quot;:&quot;classic&quot;}\">\n\t\t\t<div class=\"elementor-widget-wrap elementor-element-populated\">\n\t\t\t\t\t\t<section class=\"elementor-section elementor-inner-section elementor-element elementor-element-658b3bc3 elementor-section-height-min-height elementor-section-full_width elementor-section-height-default\" data-id=\"658b3bc3\" data-element_type=\"section\" data-e-type=\"section\" data-settings=\"{&quot;shape_divider_top&quot;:&quot;split&quot;,&quot;shape_divider_bottom&quot;:&quot;split&quot;,&quot;background_background&quot;:&quot;gradient&quot;}\">\n\t\t\t\t\t<div class=\"elementor-shape elementor-shape-top\" aria-hidden=\"true\" data-negative=\"false\">\n\t\t\t<svg xmlns=\"http:\/\/www.w3.org\/2000\/svg\" viewBox=\"0 0 1000 20\" preserveAspectRatio=\"none\">\n\t<path class=\"elementor-shape-fill\" d=\"M0,0v3c0,0,393.8,0,483.4,0c9.2,0,16.6,7.4,16.6,16.6c0-9.1,7.4-16.6,16.6-16.6C606.2,3,1000,3,1000,3V0H0z\"\/>\n<\/svg>\t\t<\/div>\n\t\t\t\t<div class=\"elementor-shape elementor-shape-bottom\" aria-hidden=\"true\" data-negative=\"false\">\n\t\t\t<svg xmlns=\"http:\/\/www.w3.org\/2000\/svg\" viewBox=\"0 0 1000 20\" preserveAspectRatio=\"none\">\n\t<path class=\"elementor-shape-fill\" d=\"M0,0v3c0,0,393.8,0,483.4,0c9.2,0,16.6,7.4,16.6,16.6c0-9.1,7.4-16.6,16.6-16.6C606.2,3,1000,3,1000,3V0H0z\"\/>\n<\/svg>\t\t<\/div>\n\t\t\t\t\t<div class=\"elementor-container elementor-column-gap-wider\">\n\t\t\t\t\t<div class=\"elementor-column elementor-col-50 elementor-inner-column elementor-element elementor-element-26a4ae58\" data-id=\"26a4ae58\" data-element_type=\"column\" data-e-type=\"column\" data-settings=\"{&quot;background_background&quot;:&quot;classic&quot;}\">\n\t\t\t<div class=\"elementor-widget-wrap elementor-element-populated\">\n\t\t\t\t\t\t<div class=\"elementor-element elementor-element-cc7d46f elementor-widget elementor-widget-spacer\" data-id=\"cc7d46f\" data-element_type=\"widget\" data-e-type=\"widget\" data-widget_type=\"spacer.default\">\n\t\t\t\t<div class=\"elementor-widget-container\">\n\t\t\t\t\t\t\t<div class=\"elementor-spacer\">\n\t\t\t<div class=\"elementor-spacer-inner\"><\/div>\n\t\t<\/div>\n\t\t\t\t\t\t<\/div>\n\t\t\t\t<\/div>\n\t\t\t\t\t<\/div>\n\t\t<\/div>\n\t\t\t\t<div class=\"elementor-column elementor-col-50 elementor-inner-column elementor-element elementor-element-272309c3\" data-id=\"272309c3\" data-element_type=\"column\" data-e-type=\"column\" data-settings=\"{&quot;background_background&quot;:&quot;classic&quot;}\">\n\t\t\t<div class=\"elementor-widget-wrap elementor-element-populated\">\n\t\t\t\t\t\t<div class=\"elementor-element elementor-element-65b65ff3 elementor-widget elementor-widget-text-editor\" data-id=\"65b65ff3\" data-element_type=\"widget\" data-e-type=\"widget\" data-widget_type=\"text-editor.default\">\n\t\t\t\t<div class=\"elementor-widget-container\">\n\t\t\t\t\t\t\t\t\t<div class=\"nv-single-page-wrap col\"><div class=\"nv-content-wrap entry-content\"><h2>Qui sommes-nous\u00a0?<\/h2><p>Vous \u00eates actuellement connect\u00e9 au site SaltiSimo.com\u00a0qui est \u00e9dit\u00e9 par\u00a0<\/p><p><strong>D.F.O.A. CONSULTING, LDA<\/strong><\/p><p><strong>NIPC: 513288759<\/strong><\/p><p><strong>Adresse:\u00a0 rua Gaspar Corte Real ,301 \u2013 3885-580 Esmoriz Portugal.<\/strong><\/p><h3>Protection de la propri\u00e9t\u00e9 intellectuelle<\/h3><p>Tout le contenu du site\u00a0<a href=\"https:\/\/saltisimo.com\" target=\"_blank\" rel=\"noopener\">www.saltisimo.com<\/a>\u00a0images et photos est prot\u00e9g\u00e9 par les droits sur la propri\u00e9t\u00e9 intellectuelle. Toute reproduction int\u00e9grale ou partielle de tout \u00e9l\u00e9ment de notre site est strictement interdite sans accord pr\u00e9alable \u00e9crit du responsable de la soci\u00e9t\u00e9.<\/p><h3>Informations sur les cookies<\/h3><p>Lors de la consultation de notre site <strong>www.saltisimo.com<\/strong>, des cookies sont d\u00e9pos\u00e9s sur votre ordinateur, votre mobile ou votre tablette. Notre site est con\u00e7us pour \u00eatre particuli\u00e8rement attentif aux besoins et attentes de nos clients. C&rsquo;est entre autres pour cela que nous faisons usage de cookies afin par exemple de vous identifier et acc\u00e9der \u00e0 votre compte, g\u00e9rer votre panier de commande, m\u00e9moriser vos consultations et personnaliser les offres que nous vous proposons.<\/p><h3>Qu&rsquo;est-ce qu&rsquo;un cookie ?<\/h3><p>Un cookie est un petit fichier texte d\u00e9pos\u00e9 sur votre ordinateur lors de la visite d&rsquo;un site ou de la consultation d&rsquo;une publicit\u00e9. Ils ont notamment pour but de collecter des informations relatives \u00e0 votre navigation sur les sites et de vous adresser des services personnalis\u00e9s.<\/p><p>Dans votre ordinateur les cookies sont g\u00e9r\u00e9s par votre navigateur internet.<\/p><h3>Diff\u00e9rents types de cookies<\/h3><p>Diff\u00e9rents types de cookies sont utilis\u00e9s sur nos sites, ils ont des finalit\u00e9s diff\u00e9rentes. Certains sont n\u00e9cessaires \u00e0 votre utilisation de notre site.<\/p><p><strong>Les cookies strictement n\u00e9cessaires :<\/strong><\/p><p>Ils vous permettent d&rsquo;utiliser les principales fonctionnalit\u00e9s de notre site (par exemple utilisation du panier d&rsquo;achat ou l&rsquo;acc\u00e8s \u00e0 votre compte). Sans ces cookies, vous ne pourrez pas utiliser nos sites normalement.<br \/>Il s&rsquo;agit des cookies d\u00e9pos\u00e9s par <strong>www.saltisimo.com<\/strong>.<\/p><p><strong>Les cookies analytiques<\/strong><\/p><p>Ils\u00a0nous permettent de conna\u00eetre l&rsquo;utilisation et les performances de notre site et d&rsquo;en am\u00e9liorer le fonctionnement (par exemple, les pages le plus souvent consult\u00e9es, recherches des internautes dans le moteur&#8230;).<br \/>Il s&rsquo;agit des cookies d\u00e9pos\u00e9s par la soci\u00e9t\u00e9 Google.<\/p><p><strong>Les cookies publicitaires<\/strong><\/p><p>Nos sites Internet ne contiennent pas de cookies publicitaires.<\/p><\/div><\/div><div class=\"nv-sidebar-wrap col-sm-12 nv-right blog-sidebar\"><aside id=\"secondary\" role=\"complementary\"><div id=\"custom_html-5\" class=\"widget_text widget widget_custom_html\">\u00a0<\/div><div id=\"custom_html-7\" class=\"widget_text widget widget_custom_html\"><div class=\"textwidget custom-html-widget\"><form id=\"mc4wp-form-2\" class=\"mc4wp-form mc4wp-form-4270 mc4wp-form-theme mc4wp-form-theme-red\" method=\"post\" data-id=\"4270\" data-name=\"\"><div class=\"mc4wp-form-fields\">\u00a0<\/div><\/form><\/div><\/div><\/aside><\/div>\t\t\t\t\t\t\t\t<\/div>\n\t\t\t\t<\/div>\n\t\t\t\t\t<\/div>\n\t\t<\/div>\n\t\t\t\t\t<\/div>\n\t\t<\/section>\n\t\t\t\t\t<\/div>\n\t\t<\/div>\n\t\t\t\t\t<\/div>\n\t\t<\/section>\n\t\t\t\t<section class=\"elementor-section elementor-top-section elementor-element elementor-element-79741bb5 elementor-section-boxed elementor-section-height-default elementor-section-height-default\" data-id=\"79741bb5\" data-element_type=\"section\" data-e-type=\"section\" data-settings=\"{&quot;background_background&quot;:&quot;classic&quot;,&quot;shape_divider_top&quot;:&quot;book&quot;,&quot;shape_divider_top_negative&quot;:&quot;yes&quot;}\">\n\t\t\t\t\t<div class=\"elementor-shape elementor-shape-top\" aria-hidden=\"true\" data-negative=\"true\">\n\t\t\t<svg xmlns=\"http:\/\/www.w3.org\/2000\/svg\" viewBox=\"0 0 1000 100\" preserveAspectRatio=\"none\">\n\t<path class=\"elementor-shape-fill\" d=\"M806,94.7C619.5,90,500,20.3,500,1.7c-1,18.6-117.5,88.3-306,93C92,97.2,0,97.9,0,97.9v-0l0,0v2.3h1000v-2.3 C1000,97.7,920.3,97.6,806,94.7z M350,65.1L350,65.1L350,65.1L350,65.1z\"\/>\n<\/svg>\n\t\t<\/div>\n\t\t\t\t\t<div class=\"elementor-container elementor-column-gap-default\">\n\t\t\t\t\t<div class=\"elementor-column elementor-col-100 elementor-top-column elementor-element elementor-element-4db2e4b4\" data-id=\"4db2e4b4\" data-element_type=\"column\" data-e-type=\"column\">\n\t\t\t<div class=\"elementor-widget-wrap\">\n\t\t\t\t\t\t\t<\/div>\n\t\t<\/div>\n\t\t\t\t\t<\/div>\n\t\t<\/section>\n\t\t\t\t<\/div>\n\t\t","protected":false},"excerpt":{"rendered":"<p>Mentions l\u00e9gales Qui sommes-nous\u00a0? Vous \u00eates actuellement connect\u00e9 au site SaltiSimo.com\u00a0qui est \u00e9dit\u00e9 par\u00a0 D.F.O.A. CONSULTING, LDA NIPC: 513288759 Adresse:\u00a0&#8230;<\/p>\n","protected":false},"author":1,"featured_media":0,"parent":0,"menu_order":0,"comment_status":"closed","ping_status":"closed","template":"","meta":{"footnotes":""},"class_list":["post-3","page","type-page","status-publish","hentry"],"jetpack_sharing_enabled":true,"_links":{"self":[{"href":"https:\/\/saltisimo.com\/fr_fr\/wp-json\/wp\/v2\/pages\/3","targetHints":{"allow":["GET"]}}],"collection":[{"href":"https:\/\/saltisimo.com\/fr_fr\/wp-json\/wp\/v2\/pages"}],"about":[{"href":"https:\/\/saltisimo.com\/fr_fr\/wp-json\/wp\/v2\/types\/page"}],"author":[{"embeddable":true,"href":"https:\/\/saltisimo.com\/fr_fr\/wp-json\/wp\/v2\/users\/1"}],"replies":[{"embeddable":true,"href":"https:\/\/saltisimo.com\/fr_fr\/wp-json\/wp\/v2\/comments?post=3"}],"version-history":[{"count":0,"href":"https:\/\/saltisimo.com\/fr_fr\/wp-json\/wp\/v2\/pages\/3\/revisions"}],"wp:attachment":[{"href":"https:\/\/saltisimo.com\/fr_fr\/wp-json\/wp\/v2\/media?parent=3"}],"curies":[{"name":"wp","href":"https:\/\/api.w.org\/{rel}","templated":true}]}}