{"id":839,"date":"2020-12-02T13:44:21","date_gmt":"2020-12-02T13:44:21","guid":{"rendered":"https:\/\/saltisimo.com\/?page_id=839"},"modified":"2024-11-11T09:06:45","modified_gmt":"2024-11-11T09:06:45","slug":"livraison","status":"publish","type":"page","link":"https:\/\/saltisimo.com\/fr_fr\/livraison\/","title":{"rendered":"Livraison"},"content":{"rendered":"\n<h2 class=\"wp-block-heading\">Livraison<\/h2>\n\n\n\n<p>Pour toute commande pass\u00e9e <strong>avant 12H<\/strong> (hors samedi, dimanche et jours f\u00e9ri\u00e9s), votre colis est exp\u00e9di\u00e9 le jour m\u00eame. Quel que soit le mode d&rsquo;exp\u00e9dition choisi, nous vous fournirons d\u00e8s que possible un lien qui vous permettra de suivre en ligne la livraison de votre colis.<\/p>\n\n\n\n<p>Les frais d&rsquo;exp\u00e9dition comprennent l&#8217;emballage, la manutention et les frais postaux. Ils peuvent contenir une partie fixe et une partie variable en fonction du prix de votre commande. Nous vous conseillons de <strong><a href=\"https:\/\/saltisimo.com\/boutique\/\" data-type=\"page\" data-id=\"30\">grouper vos achats<\/a><\/strong> en une commande unique ; sans quoi, vous devrez vous acquitter des frais de port pour chacune d&rsquo;entre elles. Un soin tout particulier est apport\u00e9 \u00e0 l&#8217;emballage de vos articles. Cependant, nous ne pouvons \u00eatre tenu responsable pour les dommages occasionn\u00e9s par le transporteur.<\/p>\n\n\n\n<h2 class=\"wp-block-heading\">Livraison en Europe <\/h2>\n\n\n\n<p>Les Commandes sont exp\u00e9di\u00e9es par la poste portugaise (CTT) ou via Fedex international en fonction du mode de livraison choisi. &nbsp;Chaque colis comportent un num\u00e9ro de suivi. Pour une destination au Portugal, les Commandes d\u2019une valeur inf\u00e9rieure \u00e0 15 euros sont exp\u00e9di\u00e9es en mode suivi simple. Les Commandes d\u2019une valeur d\u2019au moins 15 euros sont exp\u00e9di\u00e9es en \u201csuivi\u201d. Le num\u00e9ro de suivi est transmis \u00e0 l\u2019adresse \u00e9lectronique indiqu\u00e9e par le Client avant la livraison de la Commande. Pour les livraisons en dehors du territoire portugais, les frais de livraison sont factur\u00e9s en plus du prix des Produits conform\u00e9ment au tableau ci-dessous:<\/p>\n\n\n\n<p><strong>Livraison offerte pour le Portugal continental et l&rsquo;Europe pour toute commande sup\u00e9rieure \u00e0 20,00\u20ac<\/strong><\/p>\n\n\n\n<h3 class=\"wp-block-heading\">Livraison \u00e9conomique: <\/h3>\n\n\n\n<figure class=\"wp-block-table\"><table><thead><tr><th>Zone g\u00e9ographique<\/th><th class=\"has-text-align-center\" data-align=\"center\">0,0 \u00e0 50gr<\/th><th class=\"has-text-align-center\" data-align=\"center\">de 51gr \u00e0 100gr<\/th><th class=\"has-text-align-center\" data-align=\"center\">de 101gr \u00e0 500gr<\/th><th class=\"has-text-align-center\" data-align=\"center\">D\u00e9lais de livraison<\/th><\/tr><\/thead><tbody><tr><td>Mode de livraison \u00e9conomique:  Portugal continental<\/td><td class=\"has-text-align-center\" data-align=\"center\">3,00\u20ac<\/td><td class=\"has-text-align-center\" data-align=\"center\">4,00\u20ac<\/td><td class=\"has-text-align-center\" data-align=\"center\">5,00\u20ac<\/td><td class=\"has-text-align-center\" data-align=\"center\">24h<\/td><\/tr><\/tbody><\/table><\/figure>\n\n\n\n<figure class=\"wp-block-table\"><table><thead><tr><th>Zone g\u00e9ographique<\/th><th class=\"has-text-align-center\" data-align=\"center\">0,0 \u00e0 250gr<\/th><th class=\"has-text-align-center\" data-align=\"center\">de 260gr \u00e0 500gr<\/th><th class=\"has-text-align-center\" data-align=\"center\">de 500g \u00e0 1kg<\/th><th class=\"has-text-align-center\" data-align=\"center\">de 1kg \u00e0 2kg<\/th><th>de 2kg \u00e0 3kg<\/th><th class=\"has-text-align-center\" data-align=\"center\">D\u00e9lais de livraison<\/th><\/tr><\/thead><tbody><tr><td>France, Monaco, Belgique, Suisse, Luxembourg, Allemagne, Italie, Espagne<\/td><td class=\"has-text-align-center\" data-align=\"center\">5,00\u20ac<\/td><td class=\"has-text-align-center\" data-align=\"center\">7,00\u20ac<\/td><td class=\"has-text-align-center\" data-align=\"center\">10,00\u20ac<\/td><td class=\"has-text-align-center\" data-align=\"center\">14,00\u20ac<\/td><td>25,00\u20ac<\/td><td class=\"has-text-align-center\" data-align=\"center\">3 \u00e0 5 jours<\/td><\/tr><\/tbody><\/table><\/figure>\n\n\n\n<figure class=\"wp-block-table\"><table><thead><tr><th>Zone g\u00e9ographique<\/th><th class=\"has-text-align-center\" data-align=\"center\">0,00 \u00e0 500gr<\/th><th class=\"has-text-align-center\" data-align=\"center\">D\u00e9lais de livraison<\/th><\/tr><\/thead><tbody><tr><td>Irlande, Royaume Unis<\/td><td class=\"has-text-align-center\" data-align=\"center\">7,40\u20ac<\/td><td class=\"has-text-align-center\" data-align=\"center\">3 \u00e0 5 jours <\/td><\/tr><\/tbody><\/table><\/figure>\n\n\n\n<h3 class=\"wp-block-heading\">Livraison TNT Express<\/h3>\n\n\n\n<figure class=\"wp-block-table\"><table><thead><tr><th>Zone g\u00e9ographique<\/th><th class=\"has-text-align-center\" data-align=\"center\">0,0 \u00e0 500gr<\/th><th class=\"has-text-align-center\" data-align=\"center\">de 500gr \u00e0 1kg<\/th><th class=\"has-text-align-center\" data-align=\"center\">de 1kg \u00e0 1,5kg<\/th><th class=\"has-text-align-center\" data-align=\"center\">de 1,5kg \u00e0 2kg<\/th><th>de 2kg \u00e0 2,5kg<\/th><th class=\"has-text-align-center\" data-align=\"center\">de 2,5kg \u00e0 3kg<\/th><th class=\"has-text-align-center\" data-align=\"center\">D\u00e9lais de livraison<\/th><\/tr><\/thead><tbody><tr><td>France, Monaco, Belgique, Suisse, Luxembourg, Allemagne, Italie, Espagne<\/td><td class=\"has-text-align-center\" data-align=\"center\">25,00\u20ac<\/td><td class=\"has-text-align-center\" data-align=\"center\">30,00\u20ac<\/td><td class=\"has-text-align-center\" data-align=\"center\">35,00\u20ac<\/td><td class=\"has-text-align-center\" data-align=\"center\">40,00\u20ac<\/td><td>45,00\u20ac<\/td><td class=\"has-text-align-center\" data-align=\"center\">50,00\u20ac<\/td><td class=\"has-text-align-center\" data-align=\"center\">24h ouvrez<\/td><\/tr><\/tbody><\/table><\/figure>\n\n\n\n<figure class=\"wp-block-table\"><table><thead><tr><th>Zone g\u00e9ographique<\/th><th class=\"has-text-align-center\" data-align=\"center\">0,00 \u00e0 500gr<\/th><th class=\"has-text-align-center\" data-align=\"center\">de 500gr \u00e0 1kg<\/th><th class=\"has-text-align-center\" data-align=\"center\">de 1kg \u00e0 1,5kg<\/th><th class=\"has-text-align-center\" data-align=\"center\">D\u00e9lais de livraison<\/th><\/tr><\/thead><tbody><tr><td>Iralande, Royaume Unis<\/td><td class=\"has-text-align-center\" data-align=\"center\">25,00\u20ac<\/td><td class=\"has-text-align-center\" data-align=\"center\">32,00\u20ac<\/td><td class=\"has-text-align-center\" data-align=\"center\">37,00\u20ac<\/td><td class=\"has-text-align-center\" data-align=\"center\">24h ouvrez<\/td><\/tr><\/tbody><\/table><\/figure>\n\n\n\n<h2 class=\"wp-block-heading\">Livraison international<\/h2>\n\n\n\n<p>Les commandes sont exp\u00e9di\u00e9es par&nbsp;Fedex international&nbsp;et CTT.PT et chaque colis comportent un num\u00e9ro de suivi. Le num\u00e9ro de suivi est transmis \u00e0 l\u2019adresse \u00e9lectronique indiqu\u00e9e par le Client avant la livraison de la Commande. Pour les livraisons en dehors du territoire portugais, les frais de livraison sont factur\u00e9s en plus du prix des Produits conform\u00e9ment au tableau ci-dessous:&nbsp;<\/p>\n\n\n\n<figure class=\"wp-block-table is-style-regular\"><table><thead><tr><th>Zone g\u00e9ographique<\/th><th class=\"has-text-align-center\" data-align=\"center\">Inf\u00e9rieur \u00e0 35 euros<\/th><th class=\"has-text-align-center\" data-align=\"center\">Sup\u00e9rieur ou \u00e9gal \u00e0 35 euros<\/th><th class=\"has-text-align-center\" data-align=\"center\">Sup\u00e9rieur ou \u00e9gal \u00e0 50 euros<\/th><th class=\"has-text-align-center\" data-align=\"center\">D\u00e9lais de livraison <\/th><\/tr><\/thead><tbody><tr><td>USA TNT Express<\/td><td class=\"has-text-align-center\" data-align=\"center\">35,00\u20ac<\/td><td class=\"has-text-align-center\" data-align=\"center\">35,00\u20ac<\/td><td class=\"has-text-align-center\" data-align=\"center\">35,00\u20ac<\/td><td class=\"has-text-align-center\" data-align=\"center\">2 \u00e0 4 jours ouvrez<\/td><\/tr><tr><td>Inde TNT Express<\/td><td class=\"has-text-align-center\" data-align=\"center\">89,00\u20ac<\/td><td class=\"has-text-align-center\" data-align=\"center\">89,00\u20ac<\/td><td class=\"has-text-align-center\" data-align=\"center\">89,00\u20ac<\/td><td class=\"has-text-align-center\" data-align=\"center\">2 \u00e0 4 jours ouvrez<\/td><\/tr><\/tbody><\/table><\/figure>\n\n\n\n<p>Le client est seul responsable des frais de douane aff\u00e9rente \u00e0 la commande. Le montant des frais de douane n&rsquo;est pas inclus dans les frais de livraison.&nbsp;Les prix de vente indiqu\u00e9s sur notre site comprennent la TVA portugaise (taux de 23%).&nbsp;Pour plus d&rsquo;information, consulter le site de la <a href=\"https:\/\/ec.europa.eu\/taxation_customs\/individuals\/buying-goods-services-online-personal-use\/buying-goods\/buying-goods-online-coming-from-a-noneu-union-country_en\" target=\"_blank\" rel=\"noreferrer noopener nofollow\">communaut\u00e9 europ\u00e9enne.<\/a><\/p>\n","protected":false},"excerpt":{"rendered":"<p>Livraison Pour toute commande pass\u00e9e avant 12H (hors samedi, dimanche et jours f\u00e9ri\u00e9s), votre colis est exp\u00e9di\u00e9 le jour m\u00eame&#8230;.<\/p>\n","protected":false},"author":1,"featured_media":0,"parent":0,"menu_order":0,"comment_status":"closed","ping_status":"closed","template":"","meta":{"footnotes":""},"class_list":["post-839","page","type-page","status-publish","hentry"],"jetpack_sharing_enabled":false,"_links":{"self":[{"href":"https:\/\/saltisimo.com\/fr_fr\/wp-json\/wp\/v2\/pages\/839","targetHints":{"allow":["GET"]}}],"collection":[{"href":"https:\/\/saltisimo.com\/fr_fr\/wp-json\/wp\/v2\/pages"}],"about":[{"href":"https:\/\/saltisimo.com\/fr_fr\/wp-json\/wp\/v2\/types\/page"}],"author":[{"embeddable":true,"href":"https:\/\/saltisimo.com\/fr_fr\/wp-json\/wp\/v2\/users\/1"}],"replies":[{"embeddable":true,"href":"https:\/\/saltisimo.com\/fr_fr\/wp-json\/wp\/v2\/comments?post=839"}],"version-history":[{"count":0,"href":"https:\/\/saltisimo.com\/fr_fr\/wp-json\/wp\/v2\/pages\/839\/revisions"}],"wp:attachment":[{"href":"https:\/\/saltisimo.com\/fr_fr\/wp-json\/wp\/v2\/media?parent=839"}],"curies":[{"name":"wp","href":"https:\/\/api.w.org\/{rel}","templated":true}]}}