{"id":1234,"date":"2021-01-15T11:40:36","date_gmt":"2021-01-15T11:40:36","guid":{"rendered":"https:\/\/saltisimo.com\/?post_type=product&#038;p=1234"},"modified":"2025-11-23T14:38:42","modified_gmt":"2025-11-23T14:38:42","slug":"gros-sel-au-paprika","status":"publish","type":"product","link":"https:\/\/saltisimo.com\/fr_fr\/produit\/gros-sel-au-paprika\/","title":{"rendered":"Sel au paprika"},"content":{"rendered":"<div class=\"flex-1 overflow-hidden\">\n<div class=\"react-scroll-to-bottom--css-xgdrw-79elbk h-full dark:bg-gray-800\">\n<div class=\"react-scroll-to-bottom--css-xgdrw-1n7m0yu\">\n<div class=\"flex flex-col text-sm dark:bg-gray-800\">\n<div class=\"group w-full text-token-text-primary border-b border-black\/10 dark:border-gray-900\/50 bg-gray-50 dark:bg-[#444654]\" data-testid=\"conversation-turn-23\">\n<div class=\"p-4 justify-center text-base md:gap-6 md:py-6 m-auto\">\n<div class=\"flex flex-1 gap-4 text-base mx-auto md:gap-6 md:max-w-2xl lg:max-w-[38rem] xl:max-w-3xl }\">\n<div class=\"relative flex w-[calc(100%-50px)] flex-col gap-1 md:gap-3 lg:w-[calc(100%-115px)]\">\n<div class=\"flex flex-grow flex-col gap-3 max-w-full\">\n<div class=\"min-h-[20px] flex flex-col items-start gap-3 overflow-x-auto whitespace-pre-wrap break-words\">\n<div class=\"markdown prose w-full break-words dark:prose-invert light\">\n<h2><strong>Sel au Paprika<\/strong> , une alliance puissante pour sublimer vos plats<\/h2>\n<p>Vous \u00eates \u00e0 la recherche d&rsquo;un condiment exceptionnel pour magnifier vos cr\u00e9ations culinaires ? Ne cherchez pas plus loin ! Notre sel au paprika est la r\u00e9ponse \u00e0 vos attentes les plus \u00e9lev\u00e9es en mati\u00e8re de saveur et de qualit\u00e9.<\/p>\n<\/div>\n<div class=\"markdown prose w-full break-words dark:prose-invert light\">\n<h3><strong>Un m\u00e9lange d&rsquo;\u00e9l\u00e9vation et de subtilit\u00e9<\/strong>:<\/h3>\n<p>Notre assaisonnement est une \u0153uvre d&rsquo;art culinaire qui marie la robustesse de notre or blanc d&rsquo;Aveiro au noble go\u00fbt de violette, associ\u00e9 au paprika de caract\u00e8re, aux herbes aromatiques et \u00e0 une subtile touche d&rsquo;ail. Ces quatre \u00e9l\u00e9ments forment une alliance puissante qui sublimera notamment vos viandes au four. Gr\u00e2ce \u00e0 notre produit, vous disposez de tous les condiments n\u00e9cessaires pour r\u00e9ussir votre plat en quelques minutes seulement.<\/p>\n<h3><strong>Facilitez votre cuisine avec nos condiments aromatis\u00e9s<\/strong>:<\/h3>\n<p>Fini le temps o\u00f9 vous deviez fouiller votre cuisine \u00e0 la recherche d&rsquo;une multitude de condiments. Notre Sel au Paprika a \u00e9t\u00e9 con\u00e7u pour simplifier votre exp\u00e9rience culinaire. Parfois, une simple cuill\u00e8re de notre condiment suffit pour vous emmener en voyage \u00e0 travers les saveurs et les \u00e9pices.<\/p>\n<h3><strong>Pr\u00e9servez la fra\u00eecheur et l&rsquo;intensit\u00e9 des ar\u00f4mes<\/strong>:<\/h3>\n<p>Nous sommes d\u00e9termin\u00e9s \u00e0 maintenir la qualit\u00e9 sup\u00e9rieure de notre Sel au Paprika. Chaque produit est livr\u00e9 dans un emballage herm\u00e9tique pour garantir la fra\u00eecheur et l&rsquo;intensit\u00e9 de ses ar\u00f4mes. Pour une conservation optimale, nous vous recommandons de transf\u00e9rer notre condiment dans un contenant opaque.<\/p>\n<h3><strong>Utilisation polyvalente<\/strong>:<\/h3>\n<p>Notre sel peut \u00eatre utilis\u00e9 tel quel pour ajouter une touche d&rsquo;\u00e9l\u00e9gance \u00e0 vos plats, ou bien moulu \u00e0 l&rsquo;aide d&rsquo;un moulin \u00e0 \u00e9pices pour contr\u00f4ler la quantit\u00e9 de condiment et lib\u00e9rer les ar\u00f4mes des \u00e9pices non concass\u00e9es. Quelle que soit votre pr\u00e9f\u00e9rence, vous serez enchant\u00e9 par la fa\u00e7on dont il sublimera vos cr\u00e9ations culinaires.<\/p>\n<p>Offrez \u00e0 vos papilles une exp\u00e9rience gustative unique avec notre Sel au Paprika. Red\u00e9couvrez la magie de la cuisine gr\u00e2ce \u00e0 ce m\u00e9lange raffin\u00e9 qui promet d&rsquo;\u00e9lever chaque plat \u00e0 un niveau sup\u00e9rieur.<\/p>\n<p style=\"text-align: center;\"><strong>Laissez-vous tenter par l&rsquo;excellence culinaire, commandez d\u00e8s maintenant votre Sel au Paprika et transformez vos repas en une exp\u00e9rience m\u00e9morable.<\/strong><\/p>\n<\/div>\n<\/div>\n<\/div>\n<\/div>\n<\/div>\n<\/div>\n<\/div>\n<\/div>\n<\/div>\n<\/div>\n<\/div>\n","protected":false},"excerpt":{"rendered":"<p>D\u00e9couvrez notre Sel au Paprika, l&rsquo;ingr\u00e9dient secret pour relever vos plats en un clin d&rsquo;\u0153il. Une fusion audacieuse de saveurs, pr\u00eate \u00e0 vous faire voyager en cuisine.<\/p>\n","protected":false},"featured_media":1238,"comment_status":"open","ping_status":"closed","template":"","meta":{"jetpack_publicize_message":"Gros sel sp\u00e9cial poulet grill\u00e9","jetpack_publicize_feature_enabled":true,"jetpack_social_post_already_shared":true,"jetpack_social_options":{"image_generator_settings":{"template":"highway","default_image_id":0,"font":"","enabled":false},"version":2}},"product_brand":[],"product_cat":[54,17],"product_tag":[24],"class_list":{"0":"post-1234","1":"product","2":"type-product","3":"status-publish","4":"has-post-thumbnail","6":"product_cat-gros-sel-aromatique","7":"product_cat-sel-aromatique-du-portugal","8":"product_tag-gros-sel","10":"first","11":"instock","12":"taxable","13":"shipping-taxable","14":"purchasable","15":"product-type-simple"},"bundled_by":["3584"],"bundle_stock_status":"instock","bundle_stock_quantity":null,"bundle_virtual":false,"bundle_layout":"","bundle_add_to_cart_form_location":"","bundle_editable_in_cart":false,"bundle_sold_individually_context":"","bundle_item_grouping":"","bundle_min_size":"","bundle_max_size":"","bundle_price":[],"bundled_items":[],"bundle_sell_ids":[],"jetpack_publicize_connections":[],"jetpack_sharing_enabled":true,"_links":{"self":[{"href":"https:\/\/saltisimo.com\/fr_fr\/wp-json\/wp\/v2\/product\/1234","targetHints":{"allow":["GET"]}}],"collection":[{"href":"https:\/\/saltisimo.com\/fr_fr\/wp-json\/wp\/v2\/product"}],"about":[{"href":"https:\/\/saltisimo.com\/fr_fr\/wp-json\/wp\/v2\/types\/product"}],"replies":[{"embeddable":true,"href":"https:\/\/saltisimo.com\/fr_fr\/wp-json\/wp\/v2\/comments?post=1234"}],"wp:featuredmedia":[{"embeddable":true,"href":"https:\/\/saltisimo.com\/fr_fr\/wp-json\/wp\/v2\/media\/1238"}],"wp:attachment":[{"href":"https:\/\/saltisimo.com\/fr_fr\/wp-json\/wp\/v2\/media?parent=1234"}],"wp:term":[{"taxonomy":"product_brand","embeddable":true,"href":"https:\/\/saltisimo.com\/fr_fr\/wp-json\/wp\/v2\/product_brand?post=1234"},{"taxonomy":"product_cat","embeddable":true,"href":"https:\/\/saltisimo.com\/fr_fr\/wp-json\/wp\/v2\/product_cat?post=1234"},{"taxonomy":"product_tag","embeddable":true,"href":"https:\/\/saltisimo.com\/fr_fr\/wp-json\/wp\/v2\/product_tag?post=1234"}],"curies":[{"name":"wp","href":"https:\/\/api.w.org\/{rel}","templated":true}]}}