{"id":1401,"date":"2021-02-16T11:10:52","date_gmt":"2021-02-16T11:10:52","guid":{"rendered":"https:\/\/saltisimo.com\/?post_type=product&#038;p=1401"},"modified":"2025-06-10T08:33:35","modified_gmt":"2025-06-10T07:33:35","slug":"feuilles-dolivier","status":"publish","type":"product","link":"https:\/\/saltisimo.com\/fr_fr\/produit\/feuilles-dolivier\/","title":{"rendered":"Feuilles d&rsquo;olivier"},"content":{"rendered":"<h2>Feuilles d&rsquo;olivier<\/h2>\n<div data-pm-slice=\"1 1 []\" data-en-clipboard=\"true\">L&rsquo;olivier\u00a0(<i>Olea europaea<\/i>)\u00a0est un arbre fruitier appartenant \u00e0 la famille des ol\u00e9ac\u00e9es. Reconnaissable par ses nombreux rameaux. Portant des feuilles persistantes vert gris\u00e2tre et des fruits \u00e0 noyau dont on extraite l&rsquo;huile d&rsquo;olive.<\/div>\n<h3>R\u00e9colte et s\u00e9chage<\/h3>\n<div>Nos feuilles d&rsquo;olivier sont issues d&rsquo;une culture naturelle au <span style=\"color: #333333;\"><a style=\"color: #333333;\" href=\"https:\/\/portobeautiful.com\" target=\"_blank\" rel=\"noopener nofollow\">Portugal<\/a><\/span>, nos arbres ne sont pas trait\u00e9 avec des pesticides ou autre produit n\u00e9faste pour la sant\u00e9. Nos feuilles r\u00e9colt\u00e9es \u00e0 la main. Puis lav\u00e9es \u00e0 l&rsquo;eau claire courante et s\u00e9ch\u00e9e naturellement sans avoir recours \u00e0 aucun proc\u00e9d\u00e9 industriel.<\/div>\n<h3>Les bienfait des feuilles d&rsquo;olivier<\/h3>\n<div>Couramment employ\u00e9 pour traiter deux maladies\u00a0:\u00a0le diab\u00e8te et l&rsquo;hypertension.\u00a0Il poss\u00e8de des mol\u00e9cules capables de diminuer les mauvais transporteurs du cholest\u00e9rol (LDL) et d&rsquo;augmenter le taux des bons transporteurs HDL. Il\u00a0pr\u00e9vient \u00e9galement de l&rsquo;ath\u00e9roscl\u00e9rose\u00a0et les maladies coronariennes.<\/div>\n<div>L&rsquo;olivier\u00a0att\u00e9nue les troubles associ\u00e9s \u00e0 l&rsquo;hypertension. Que sont les vertiges ou bien bourdonnements d&rsquo;oreilles et maux de t\u00eate. Ses propri\u00e9t\u00e9s hypoglyc\u00e9miantes l&rsquo;indiquent dans le\u00a0diab\u00e8te de type 2.<\/div>\n<div><\/div>\n<div>Les feuilles d&rsquo;olivier utilis\u00e9es pour leurs propri\u00e9t\u00e9s\u00a0diur\u00e9tiques\u00a0(augmente l&rsquo;excr\u00e9tion urinaire) et\u00a0anti-oxydantes. Selon l&rsquo;Agence europ\u00e9enne des m\u00e9dicaments (EMA). L&rsquo;olivier reconnu pour son usage traditionnel dans l&rsquo;\u00e9limination r\u00e9nale de l&rsquo;eau dans les cas de r\u00e9tention d&rsquo;eau l\u00e9g\u00e8re. Apr\u00e8s \u00e9limination d&rsquo;une cause m\u00e9dicale sous-jacente.<\/div>\n<h3>Mode de conservation<\/h3>\n<p>Nos <a href=\"https:\/\/saltisimo.com\/produit\/pack-sel-special-cuisine-rapide\/\">produits<\/a> sont livr\u00e9s dans un emballage herm\u00e9tique, nous vous conseillions de les transf\u00e9rer dans un contenant opaque afin de pouvoir pr\u00e9server de la meilleure mani\u00e8re les ar\u00f4mes .<\/p>\n<h3>Utilisation<\/h3>\n<div><strong>En infusion:<\/strong> 20 feuilles s\u00e9ch\u00e9es pour 30 cl d&rsquo;eau. Faire bouillir 30 secondes et laisser infuser 10 minutes. Filtrer. Boire au moins 3 tasses par jour, au cours des repas.<\/div>\n<div><\/div>\n<div><strong>En th\u00e9:<\/strong> Mettez une poign\u00e9e de feuille d&rsquo;olivier dans 1 litre d&rsquo;eau froid et portez \u00e0 \u00e9bullition. Une fois \u00e0 \u00e9bullition, recouvrez votre casserole d&rsquo;un couvercle et laissez infuser pendant environ 10 minutes.<\/div>\n<div><\/div>\n<div><strong>Dans votre cuisine:<\/strong> Vous pouvez incorporer les feuilles directement dans vos sauces ou plats comme vous le feriez avec des <a href=\"https:\/\/saltisimo.com\/produit\/feuilles-de-laurier-sauce\/\">feuilles de laurier<\/a>.<\/div>\n<div><\/div>\n","protected":false},"excerpt":{"rendered":"<p>Nos feuilles sont issues d&rsquo;une culture naturelle, nos arbres ne sont pas trait\u00e9 avec des pesticides ou autre produit n\u00e9faste pour la sant\u00e9. Nos feuilles sont r\u00e9colt\u00e9es \u00e0 la main, puis lav\u00e9es \u00e0 l&rsquo;eau claire courante et s\u00e9ch\u00e9e naturellement sans avoir recours \u00e0 aucun proc\u00e9d\u00e9 industriel.<\/p>\n","protected":false},"featured_media":1423,"comment_status":"open","ping_status":"closed","template":"","meta":{"jetpack_publicize_message":"Feuilles d'olivier","jetpack_publicize_feature_enabled":true,"jetpack_social_post_already_shared":true,"jetpack_social_options":{"image_generator_settings":{"template":"highway","default_image_id":0,"font":"","enabled":false},"version":2}},"product_brand":[],"product_cat":[96],"product_tag":[97,98],"class_list":{"0":"post-1401","1":"product","2":"type-product","3":"status-publish","4":"has-post-thumbnail","6":"product_cat-bien-etre-nature","7":"product_tag-bien-etre-et-nature","8":"product_tag-feuille-dolivier","10":"first","11":"instock","12":"taxable","13":"shipping-taxable","14":"purchasable","15":"product-type-simple"},"bundled_by":[],"bundle_stock_status":"instock","bundle_stock_quantity":null,"bundle_virtual":false,"bundle_layout":"","bundle_add_to_cart_form_location":"","bundle_editable_in_cart":false,"bundle_sold_individually_context":"","bundle_item_grouping":"","bundle_min_size":"","bundle_max_size":"","bundle_price":[],"bundled_items":[],"bundle_sell_ids":[],"jetpack_publicize_connections":[],"jetpack_sharing_enabled":true,"_links":{"self":[{"href":"https:\/\/saltisimo.com\/fr_fr\/wp-json\/wp\/v2\/product\/1401","targetHints":{"allow":["GET"]}}],"collection":[{"href":"https:\/\/saltisimo.com\/fr_fr\/wp-json\/wp\/v2\/product"}],"about":[{"href":"https:\/\/saltisimo.com\/fr_fr\/wp-json\/wp\/v2\/types\/product"}],"replies":[{"embeddable":true,"href":"https:\/\/saltisimo.com\/fr_fr\/wp-json\/wp\/v2\/comments?post=1401"}],"wp:featuredmedia":[{"embeddable":true,"href":"https:\/\/saltisimo.com\/fr_fr\/wp-json\/wp\/v2\/media\/1423"}],"wp:attachment":[{"href":"https:\/\/saltisimo.com\/fr_fr\/wp-json\/wp\/v2\/media?parent=1401"}],"wp:term":[{"taxonomy":"product_brand","embeddable":true,"href":"https:\/\/saltisimo.com\/fr_fr\/wp-json\/wp\/v2\/product_brand?post=1401"},{"taxonomy":"product_cat","embeddable":true,"href":"https:\/\/saltisimo.com\/fr_fr\/wp-json\/wp\/v2\/product_cat?post=1401"},{"taxonomy":"product_tag","embeddable":true,"href":"https:\/\/saltisimo.com\/fr_fr\/wp-json\/wp\/v2\/product_tag?post=1401"}],"curies":[{"name":"wp","href":"https:\/\/api.w.org\/{rel}","templated":true}]}}