{"id":1453,"date":"2021-03-10T10:03:27","date_gmt":"2021-03-10T10:03:27","guid":{"rendered":"https:\/\/saltisimo.com\/?post_type=product&#038;p=1453"},"modified":"2024-05-13T09:56:50","modified_gmt":"2024-05-13T08:56:50","slug":"coffret-decouverte","status":"publish","type":"product","link":"https:\/\/saltisimo.com\/fr_fr\/produit\/coffret-decouverte\/","title":{"rendered":"Coffret d\u00e9couverte"},"content":{"rendered":"<div class=\"flex-1 overflow-hidden\">\n<div class=\"react-scroll-to-bottom--css-xgdrw-79elbk h-full dark:bg-gray-800\">\n<div class=\"react-scroll-to-bottom--css-xgdrw-1n7m0yu\">\n<div class=\"flex flex-col text-sm dark:bg-gray-800\">\n<div class=\"group w-full text-token-text-primary border-b border-black\/10 dark:border-gray-900\/50 bg-gray-50 dark:bg-[#444654]\" data-testid=\"conversation-turn-19\">\n<div class=\"p-4 justify-center text-base md:gap-6 md:py-6 m-auto\">\n<div class=\"flex flex-1 gap-4 text-base mx-auto md:gap-6 md:max-w-2xl lg:max-w-[38rem] xl:max-w-3xl }\">\n<div class=\"relative flex w-[calc(100%-50px)] flex-col gap-1 md:gap-3 lg:w-[calc(100%-115px)]\">\n<div class=\"flex flex-grow flex-col gap-3 max-w-full\">\n<div class=\"min-h-[20px] flex flex-col items-start gap-3 overflow-x-auto whitespace-pre-wrap break-words\">\n<div class=\"markdown prose w-full break-words dark:prose-invert light\">\n<h2><strong>Coffret D\u00e9couverte SaltiSimo &#8211; Explorez la Palette des Saveurs<\/strong><\/h2>\n<p>D\u00e9couvrez notre gamme de sels aromatis\u00e9s \u00e0 travers le coffret d\u00e9couverte SaltiSimo. Ce coffret exclusif comprend 5 produits, chacun en contenance de 50 grammes, pour vous permettre d&rsquo;explorer les d\u00e9lices de l&rsquo;or blanc d&rsquo;Aveiro.<\/p>\n<h3><strong>Pr\u00e9servez la Fra\u00eecheur des Saveurs<\/strong>:<\/h3>\n<p>Nos produits sont soigneusement emball\u00e9s dans des contenants herm\u00e9tiques pour pr\u00e9server leur fra\u00eecheur. Nous vous recommandons de les transf\u00e9rer dans un r\u00e9cipient opaque afin de conserver les ar\u00f4mes et les \u00e9pices dans toute leur intensit\u00e9.<\/p>\n<h3><strong>Utilisation Polyvalente<\/strong>:<\/h3>\n<p>Ns produits peuvent \u00eatre utilis\u00e9 en l&rsquo;\u00e9tat pour ajouter une touche d&rsquo;\u00e9l\u00e9gance \u00e0 vos plats, ou encore moulu \u00e0 l&rsquo;aide d&rsquo;un moulin \u00e0 \u00e9pices. Le moulin vous permet de r\u00e9guler la quantit\u00e9 de sel tout en lib\u00e9rant les ar\u00f4mes d&rsquo;\u00e9pices non concass\u00e9es, vous offrant ainsi la possibilit\u00e9 de sublimer vos cr\u00e9ations culinaires.<\/p>\n<p>Explorez de nouvelles saveurs et \u00e9levez vos plats gr\u00e2ce au Coffret D\u00e9couverte SaltiSimo. Commandez d\u00e8s maintenant pour enrichir votre exp\u00e9rience culinaire.<\/p>\n<\/div>\n<\/div>\n<\/div>\n<\/div>\n<\/div>\n<\/div>\n<\/div>\n<\/div>\n<\/div>\n<\/div>\n<\/div>\n","protected":false},"excerpt":{"rendered":"<p>D\u00e9couvrez l&rsquo;\u00e9l\u00e9gance du sel d&rsquo;Aveiro avec notre Coffret D\u00e9couverte SaltiSimo. 5 sels aromatiques uniques en contenance de 50 grammes chacun pour sublimer vos plats. Laissez-vous s\u00e9duire par l&rsquo;univers des saveurs.<\/p>\n","protected":false},"featured_media":3144,"comment_status":"open","ping_status":"closed","template":"","meta":{"jetpack_publicize_message":"","jetpack_publicize_feature_enabled":true,"jetpack_social_post_already_shared":true,"jetpack_social_options":{"image_generator_settings":{"template":"highway","default_image_id":0,"font":"","enabled":false},"version":2}},"product_brand":[],"product_cat":[17,54],"product_tag":[],"class_list":{"0":"post-1453","1":"product","2":"type-product","3":"status-publish","4":"has-post-thumbnail","6":"product_cat-sel-aromatique-du-portugal","7":"product_cat-gros-sel-aromatique","9":"first","10":"instock","11":"taxable","12":"shipping-taxable","13":"purchasable","14":"product-type-woosb"},"bundled_by":[],"bundle_stock_status":"instock","bundle_stock_quantity":null,"bundle_virtual":false,"bundle_layout":"","bundle_add_to_cart_form_location":"","bundle_editable_in_cart":false,"bundle_sold_individually_context":"","bundle_item_grouping":"","bundle_min_size":"","bundle_max_size":"","bundle_price":[],"bundled_items":[],"bundle_sell_ids":[],"jetpack_publicize_connections":[],"jetpack_sharing_enabled":true,"_links":{"self":[{"href":"https:\/\/saltisimo.com\/fr_fr\/wp-json\/wp\/v2\/product\/1453","targetHints":{"allow":["GET"]}}],"collection":[{"href":"https:\/\/saltisimo.com\/fr_fr\/wp-json\/wp\/v2\/product"}],"about":[{"href":"https:\/\/saltisimo.com\/fr_fr\/wp-json\/wp\/v2\/types\/product"}],"replies":[{"embeddable":true,"href":"https:\/\/saltisimo.com\/fr_fr\/wp-json\/wp\/v2\/comments?post=1453"}],"wp:featuredmedia":[{"embeddable":true,"href":"https:\/\/saltisimo.com\/fr_fr\/wp-json\/wp\/v2\/media\/3144"}],"wp:attachment":[{"href":"https:\/\/saltisimo.com\/fr_fr\/wp-json\/wp\/v2\/media?parent=1453"}],"wp:term":[{"taxonomy":"product_brand","embeddable":true,"href":"https:\/\/saltisimo.com\/fr_fr\/wp-json\/wp\/v2\/product_brand?post=1453"},{"taxonomy":"product_cat","embeddable":true,"href":"https:\/\/saltisimo.com\/fr_fr\/wp-json\/wp\/v2\/product_cat?post=1453"},{"taxonomy":"product_tag","embeddable":true,"href":"https:\/\/saltisimo.com\/fr_fr\/wp-json\/wp\/v2\/product_tag?post=1453"}],"curies":[{"name":"wp","href":"https:\/\/api.w.org\/{rel}","templated":true}]}}