{"id":147,"date":"2020-09-28T12:07:59","date_gmt":"2020-09-28T11:07:59","guid":{"rendered":"https:\/\/saltisimo.com\/?post_type=product&#038;p=147"},"modified":"2025-09-22T15:51:41","modified_gmt":"2025-09-22T14:51:41","slug":"gros-sel-au-curry-daveiro","status":"publish","type":"product","link":"https:\/\/saltisimo.com\/fr_fr\/produit\/gros-sel-au-curry-daveiro\/","title":{"rendered":"Sel au curry"},"content":{"rendered":"<h2><strong>Sel au Curry, u<\/strong>ne explosion de saveurs exotiques<\/h2>\n<p>\u00c0 la recherche d&rsquo;un ingr\u00e9dient exceptionnel pour magnifier vos cr\u00e9ations culinaires ? Ne cherchez plus loin ! Notre sel est la r\u00e9ponse \u00e0 vos attentes les plus exigeantes en mati\u00e8re de saveur et de qualit\u00e9.<\/p>\n<h3><strong>Un m\u00e9lange d&rsquo;\u00e9l\u00e9vation et d&rsquo;exotisme<\/strong>:<\/h3>\n<p>Notre sel est une v\u00e9ritable \u0153uvre d&rsquo;art culinaire qui unit la puissance de notre or blanc d&rsquo;Aveiro au noble go\u00fbt de violette, en y ajoutant la chaleur exotique du curry de Madras et la douceur de la noix de coco. Cette fusion de saveurs cr\u00e9e une alliance sans \u00e9gale pr\u00eate \u00e0 sublimer chacun de vos plats. Laissez-vous emporter par l&rsquo;harmonie des saveurs exotiques qui dansent dans chaque grain de ce condiment exceptionnel.<\/p>\n<h3><strong>Facilitez vos cr\u00e9ations culinaire avec nos condiments aromatis\u00e9s<\/strong>:<\/h3>\n<p>Finie l&rsquo;\u00e9poque o\u00f9 vous deviez fouiller votre cuisine \u00e0 la recherche d&rsquo;une multitude de condiments. Notre condiment a \u00e9t\u00e9 con\u00e7u pour simplifier votre exp\u00e9rience culinaire. Parfois, m\u00eame une simple cuill\u00e8re de notre condiment suffit pour vous emmener en voyage \u00e0 travers les saveurs et les \u00e9pices.<\/p>\n<h3><strong>Pr\u00e9servez la fra\u00eecheur et l&rsquo;intensit\u00e9 des ar\u00f4mes<\/strong>:<\/h3>\n<p>Nous nous engageons \u00e0 maintenir la qualit\u00e9 sup\u00e9rieure de notre condiment. Chaque produit est livr\u00e9 dans un emballage herm\u00e9tique pour garantir la fra\u00eecheur et l&rsquo;intensit\u00e9 de ses ar\u00f4mes exotiques. Pour une conservation optimale, nous vous recommandons de transf\u00e9rer notre condiment dans un contenant opaque.<\/p>\n<h3><strong>Utilisation polyvalente pour vos cr\u00e9ations culinaires<\/strong>:<\/h3>\n<p>Les produits Saveurs Exotiques offrent une polyvalence remarquable. Vous pouvez les utiliser tels quels pour ajouter une touche d&rsquo;\u00e9l\u00e9gance \u00e0 vos plats ou les moudre \u00e0 l&rsquo;aide d&rsquo;un moulin \u00e0 \u00e9pices pour contr\u00f4ler la quantit\u00e9 de condiment et lib\u00e9rer les ar\u00f4mes d&rsquo;\u00e9pices non concass\u00e9es. Quel que soit votre choix, vous serez enchant\u00e9 par la fa\u00e7on dont ils subliment vos cr\u00e9ations culinaires.<\/p>\n<p>Offrez \u00e0 vos papilles une exp\u00e9rience gustative unique avec notre Sel au Curry. Red\u00e9couvrez la magie de la cuisine gr\u00e2ce \u00e0 ce m\u00e9lange exotique qui promet d&rsquo;\u00e9lever chaque plat \u00e0 un niveau sup\u00e9rieur.<\/p>\n","protected":false},"excerpt":{"rendered":"<p>D\u00e9couvrez notre Sel au Curry, l&rsquo;ingr\u00e9dient secret pour sublimer vos plats en un instant. Une fusion audacieuse de saveurs exotiques.<\/p>\n","protected":false},"featured_media":686,"comment_status":"open","ping_status":"closed","template":"","meta":{"jetpack_publicize_message":"","jetpack_publicize_feature_enabled":true,"jetpack_social_post_already_shared":false,"jetpack_social_options":{"image_generator_settings":{"template":"highway","default_image_id":0,"font":"","enabled":false},"version":2}},"product_brand":[],"product_cat":[17,54],"product_tag":[25,24],"class_list":{"0":"post-147","1":"product","2":"type-product","3":"status-publish","4":"has-post-thumbnail","6":"product_cat-sel-aromatique-du-portugal","7":"product_cat-gros-sel-aromatique","8":"product_tag-curry","9":"product_tag-gros-sel","11":"first","12":"instock","13":"taxable","14":"shipping-taxable","15":"purchasable","16":"product-type-variable"},"bundled_by":["3584"],"bundle_stock_status":"instock","bundle_stock_quantity":null,"bundle_virtual":false,"bundle_layout":"","bundle_add_to_cart_form_location":"","bundle_editable_in_cart":false,"bundle_sold_individually_context":"","bundle_item_grouping":"","bundle_min_size":"","bundle_max_size":"","bundle_price":[],"bundled_items":[],"bundle_sell_ids":[],"jetpack_publicize_connections":[],"jetpack_sharing_enabled":true,"_links":{"self":[{"href":"https:\/\/saltisimo.com\/fr_fr\/wp-json\/wp\/v2\/product\/147","targetHints":{"allow":["GET"]}}],"collection":[{"href":"https:\/\/saltisimo.com\/fr_fr\/wp-json\/wp\/v2\/product"}],"about":[{"href":"https:\/\/saltisimo.com\/fr_fr\/wp-json\/wp\/v2\/types\/product"}],"replies":[{"embeddable":true,"href":"https:\/\/saltisimo.com\/fr_fr\/wp-json\/wp\/v2\/comments?post=147"}],"wp:featuredmedia":[{"embeddable":true,"href":"https:\/\/saltisimo.com\/fr_fr\/wp-json\/wp\/v2\/media\/686"}],"wp:attachment":[{"href":"https:\/\/saltisimo.com\/fr_fr\/wp-json\/wp\/v2\/media?parent=147"}],"wp:term":[{"taxonomy":"product_brand","embeddable":true,"href":"https:\/\/saltisimo.com\/fr_fr\/wp-json\/wp\/v2\/product_brand?post=147"},{"taxonomy":"product_cat","embeddable":true,"href":"https:\/\/saltisimo.com\/fr_fr\/wp-json\/wp\/v2\/product_cat?post=147"},{"taxonomy":"product_tag","embeddable":true,"href":"https:\/\/saltisimo.com\/fr_fr\/wp-json\/wp\/v2\/product_tag?post=147"}],"curies":[{"name":"wp","href":"https:\/\/api.w.org\/{rel}","templated":true}]}}