{"id":151,"date":"2020-09-28T12:15:07","date_gmt":"2020-09-28T11:15:07","guid":{"rendered":"https:\/\/saltisimo.com\/?post_type=product&#038;p=151"},"modified":"2024-05-02T13:59:12","modified_gmt":"2024-05-02T12:59:12","slug":"gros-sel-de-porto","status":"publish","type":"product","link":"https:\/\/saltisimo.com\/fr_fr\/produit\/gros-sel-de-porto\/","title":{"rendered":"Sel de Porto"},"content":{"rendered":"<h2><strong>Sel de Porto<\/strong>, une alliance de saveurs authentiques<\/h2>\n<p>Vous \u00eates \u00e0 la recherche d&rsquo;un ingr\u00e9dient exceptionnel pour magnifier vos cr\u00e9ations culinaires ? Ne cherchez pas plus loin ! Notre condiment est la r\u00e9ponse \u00e0 vos attentes les plus exigeantes en mati\u00e8re de saveur et de qualit\u00e9.<\/p>\n<h3><strong>Un m\u00e9lange d&rsquo;\u00e9l\u00e9vation et d&rsquo;authenticit\u00e9<\/strong>:<\/h3>\n<p>Notre condiment est une v\u00e9ritable \u0153uvre d&rsquo;art culinaire qui unit la puissance de notre or blanc d&rsquo;Aveiro au noble go\u00fbt de la violette, en y ajoutant la touche distinctive du <strong>\u00abmanjeric\u00e3o\u00bb<\/strong> embl\u00e9matique de la Saint-Jean, le saint protecteur de Porto, ainsi que la fra\u00eecheur du citron. Cette fusion de saveurs cr\u00e9e une alliance sans \u00e9gale pr\u00eate \u00e0 sublimer chacun de vos plats. Laissez-vous emporter par l&rsquo;harmonie des saveurs authentiques qui dansent dans chaque grain de ce condiment exceptionnel.<\/p>\n<h2><strong>Facilitez vos cr\u00e9ations culinaires avec nos condiments aromatis\u00e9s<\/strong>:<\/h2>\n<p>Fini le temps o\u00f9 vous deviez fouiller votre cuisine \u00e0 la recherche d&rsquo;une multitude de condiments. Notre condiment a \u00e9t\u00e9 con\u00e7u pour simplifier votre exp\u00e9rience culinaire. Parfois, m\u00eame une simple cuill\u00e8re de notre condiment suffit pour vous emmener en voyage \u00e0 travers les saveurs et les \u00e9pices.<\/p>\n<h3><strong>Pr\u00e9servez la fra\u00eecheur et l&rsquo;intensit\u00e9 des ar\u00f4mes<\/strong>:<\/h3>\n<p>Nous nous engageons \u00e0 maintenir la qualit\u00e9 sup\u00e9rieure de notre condiment. Chaque produit est livr\u00e9 dans un emballage herm\u00e9tique pour garantir la fra\u00eecheur et l&rsquo;intensit\u00e9 de ses ar\u00f4mes authentiques. Pour une conservation optimale, nous vous recommandons de transf\u00e9rer notre condiment dans un contenant opaque.<\/p>\n<h3><strong>Utilisation polyvalente pour vos cr\u00e9ations culinaires<\/strong>:<\/h3>\n<p>Les produits SaltiSimo offrent une polyvalence remarquable. Vous pouvez les utiliser tels quels pour ajouter une touche d&rsquo;\u00e9l\u00e9gance \u00e0 vos plats ou les moudre \u00e0 l&rsquo;aide d&rsquo;un moulin \u00e0 \u00e9pices pour contr\u00f4ler la quantit\u00e9 de condiment et lib\u00e9rer les ar\u00f4mes d&rsquo;\u00e9pices non concass\u00e9es. Quel que soit votre choix, vous serez enchant\u00e9 par la fa\u00e7on dont ils subliment vos cr\u00e9ations culinaires.<\/p>\n<p style=\"text-align: center;\"><strong>Offrez \u00e0 vos papilles une exp\u00e9rience gustative unique avec notre Sel de Porto. Red\u00e9couvrez la magie de la cuisine gr\u00e2ce \u00e0 ce m\u00e9lange authentique qui promet d&rsquo;\u00e9lever chaque plat \u00e0 un niveau sup\u00e9rieur.<\/strong><\/p>\n","protected":false},"excerpt":{"rendered":"<p>D\u00e9couvrez notre Sel de Porto, l&rsquo;ingr\u00e9dient secret pour sublimer vos plats en un instant. Une fusion audacieuse de saveurs authentiques.<\/p>\n","protected":false},"featured_media":687,"comment_status":"open","ping_status":"closed","template":"","meta":{"jetpack_publicize_message":"","jetpack_publicize_feature_enabled":true,"jetpack_social_post_already_shared":false,"jetpack_social_options":{"image_generator_settings":{"template":"highway","default_image_id":0,"font":"","enabled":false},"version":2}},"product_brand":[],"product_cat":[17,54],"product_tag":[47,33,24,35,34],"class_list":{"0":"post-151","1":"product","2":"type-product","3":"status-publish","4":"has-post-thumbnail","6":"product_cat-sel-aromatique-du-portugal","7":"product_cat-gros-sel-aromatique","8":"product_tag-ail","9":"product_tag-citron","10":"product_tag-gros-sel","11":"product_tag-herbe-de-provence","12":"product_tag-poivre","14":"first","15":"instock","16":"taxable","17":"shipping-taxable","18":"purchasable","19":"product-type-simple"},"bundled_by":[],"bundle_stock_status":"instock","bundle_stock_quantity":null,"bundle_virtual":false,"bundle_layout":"","bundle_add_to_cart_form_location":"","bundle_editable_in_cart":false,"bundle_sold_individually_context":"","bundle_item_grouping":"","bundle_min_size":"","bundle_max_size":"","bundle_price":[],"bundled_items":[],"bundle_sell_ids":[],"jetpack_publicize_connections":[],"jetpack_sharing_enabled":true,"_links":{"self":[{"href":"https:\/\/saltisimo.com\/fr_fr\/wp-json\/wp\/v2\/product\/151","targetHints":{"allow":["GET"]}}],"collection":[{"href":"https:\/\/saltisimo.com\/fr_fr\/wp-json\/wp\/v2\/product"}],"about":[{"href":"https:\/\/saltisimo.com\/fr_fr\/wp-json\/wp\/v2\/types\/product"}],"replies":[{"embeddable":true,"href":"https:\/\/saltisimo.com\/fr_fr\/wp-json\/wp\/v2\/comments?post=151"}],"wp:featuredmedia":[{"embeddable":true,"href":"https:\/\/saltisimo.com\/fr_fr\/wp-json\/wp\/v2\/media\/687"}],"wp:attachment":[{"href":"https:\/\/saltisimo.com\/fr_fr\/wp-json\/wp\/v2\/media?parent=151"}],"wp:term":[{"taxonomy":"product_brand","embeddable":true,"href":"https:\/\/saltisimo.com\/fr_fr\/wp-json\/wp\/v2\/product_brand?post=151"},{"taxonomy":"product_cat","embeddable":true,"href":"https:\/\/saltisimo.com\/fr_fr\/wp-json\/wp\/v2\/product_cat?post=151"},{"taxonomy":"product_tag","embeddable":true,"href":"https:\/\/saltisimo.com\/fr_fr\/wp-json\/wp\/v2\/product_tag?post=151"}],"curies":[{"name":"wp","href":"https:\/\/api.w.org\/{rel}","templated":true}]}}