{"id":159,"date":"2020-09-28T12:19:28","date_gmt":"2020-09-28T11:19:28","guid":{"rendered":"https:\/\/saltisimo.com\/?post_type=product&#038;p=159"},"modified":"2024-10-04T13:48:10","modified_gmt":"2024-10-04T12:48:10","slug":"gros-sel-daveiro","status":"publish","type":"product","link":"https:\/\/saltisimo.com\/fr_fr\/produit\/gros-sel-daveiro\/","title":{"rendered":"Gros sel d&rsquo;Aveiro"},"content":{"rendered":"<h2><strong>Gros Sel d&rsquo;Aveiro, u<\/strong>ne d\u00e9couverte gustative exceptionnelle<\/h2>\n<p>Le gros sel d&rsquo;Aveiro est bien plus qu&rsquo;un simple condiment. Il incarne l&rsquo;essence m\u00eame de la tradition et de la qualit\u00e9. Son histoire remonte \u00e0 des si\u00e8cles, \u00e0 une m\u00e9thode de production ancestrale et artisanale qui perdure aujourd&rsquo;hui pour offrir des caract\u00e9ristiques uniques. Il est produit dans la r\u00e9gion d&rsquo;Aveiro, b\u00e9n\u00e9ficie du climat exceptionnel ainsi que de l&rsquo;environnement pr\u00e9serv\u00e9 de la Ria de Aveiro, ce qui en fait un tr\u00e9sor gastronomique.<\/p>\n<p>Bien que principalement compos\u00e9 de chlorure de sodium, est bien plus que cela. Il rec\u00e8le une palette de saveurs et d&rsquo;\u00e9l\u00e9ments naturels, tels que le calcium, le magn\u00e9sium, le potassium, le fer, l&rsquo;iode, et bien d&rsquo;autres encore, qui enrichissent votre exp\u00e9rience culinaire. Son go\u00fbt unique de violette, apport\u00e9 par la rencontre de l&rsquo;oc\u00e9an Atlantique et de la biodiversit\u00e9 de la Ria de Aveiro, conf\u00e8re une touche exceptionnelle \u00e0 chacun de vos plats.<\/p>\n<h3><strong>Mode de Conservation<\/strong>:<\/h3>\n<p>Nos produits sont soigneusement emball\u00e9s dans un contenant herm\u00e9tique pour pr\u00e9server leur fra\u00eecheur et leur richesse en ar\u00f4mes et \u00e9pices. Nous vous recommandons de les transf\u00e9rer dans un r\u00e9cipient opaque pour une conservation optimale.<\/p>\n<h3><strong>Utilisation Polyvalente<\/strong>:<\/h3>\n<p>Notre produit peut \u00eatre utilis\u00e9 de multiples fa\u00e7ons. Que vous l&rsquo;utilisiez en l&rsquo;\u00e9tat pour ajouter une touche d&rsquo;\u00e9l\u00e9gance \u00e0 vos plats ou que vous le mouliez avec un moulin \u00e0 \u00e9pices pour r\u00e9guler la quantit\u00e9 et lib\u00e9rer les ar\u00f4mes d&rsquo;\u00e9pices non concass\u00e9es, vous serez enchant\u00e9 de la mani\u00e8re dont il sublimera vos cr\u00e9ations culinaires.<\/p>\n<p style=\"text-align: center;\"><strong>Laissez-vous tenter par l\u2019excellence gastronomique, commandez d\u00e8s maintenant votre produit SaltiSimo et transformez vos repas en une exp\u00e9rience m\u00e9morable.<\/strong><\/p>\n","protected":false},"excerpt":{"rendered":"<p>D\u00e9couvrez notre gros sel d&rsquo;Aveiro, une exp\u00e9rience gustative unique qui transformera vos plats en d\u00e9lices.<\/p>\n<p>&nbsp;<\/p>\n","protected":false},"featured_media":2249,"comment_status":"open","ping_status":"closed","template":"","meta":{"jetpack_publicize_message":"","jetpack_publicize_feature_enabled":true,"jetpack_social_post_already_shared":false,"jetpack_social_options":{"image_generator_settings":{"template":"highway","default_image_id":0,"font":"","enabled":false},"version":2}},"product_brand":[],"product_cat":[19],"product_tag":[24,45],"class_list":{"0":"post-159","1":"product","2":"type-product","3":"status-publish","4":"has-post-thumbnail","6":"product_cat-sel-nature-du-portugal","7":"product_tag-gros-sel","8":"product_tag-nature","10":"first","11":"instock","12":"taxable","13":"shipping-taxable","14":"purchasable","15":"product-type-variable","16":"has-default-attributes"},"bundled_by":[],"bundle_stock_status":"instock","bundle_stock_quantity":null,"bundle_virtual":false,"bundle_layout":"","bundle_add_to_cart_form_location":"","bundle_editable_in_cart":false,"bundle_sold_individually_context":"","bundle_item_grouping":"","bundle_min_size":"","bundle_max_size":"","bundle_price":[],"bundled_items":[],"bundle_sell_ids":[],"jetpack_publicize_connections":[],"jetpack_sharing_enabled":true,"_links":{"self":[{"href":"https:\/\/saltisimo.com\/fr_fr\/wp-json\/wp\/v2\/product\/159","targetHints":{"allow":["GET"]}}],"collection":[{"href":"https:\/\/saltisimo.com\/fr_fr\/wp-json\/wp\/v2\/product"}],"about":[{"href":"https:\/\/saltisimo.com\/fr_fr\/wp-json\/wp\/v2\/types\/product"}],"replies":[{"embeddable":true,"href":"https:\/\/saltisimo.com\/fr_fr\/wp-json\/wp\/v2\/comments?post=159"}],"wp:featuredmedia":[{"embeddable":true,"href":"https:\/\/saltisimo.com\/fr_fr\/wp-json\/wp\/v2\/media\/2249"}],"wp:attachment":[{"href":"https:\/\/saltisimo.com\/fr_fr\/wp-json\/wp\/v2\/media?parent=159"}],"wp:term":[{"taxonomy":"product_brand","embeddable":true,"href":"https:\/\/saltisimo.com\/fr_fr\/wp-json\/wp\/v2\/product_brand?post=159"},{"taxonomy":"product_cat","embeddable":true,"href":"https:\/\/saltisimo.com\/fr_fr\/wp-json\/wp\/v2\/product_cat?post=159"},{"taxonomy":"product_tag","embeddable":true,"href":"https:\/\/saltisimo.com\/fr_fr\/wp-json\/wp\/v2\/product_tag?post=159"}],"curies":[{"name":"wp","href":"https:\/\/api.w.org\/{rel}","templated":true}]}}