{"id":163,"date":"2020-09-28T12:26:32","date_gmt":"2020-09-28T11:26:32","guid":{"rendered":"https:\/\/saltisimo.com\/?post_type=product&#038;p=163"},"modified":"2024-05-02T13:54:57","modified_gmt":"2024-05-02T12:54:57","slug":"gros-sel-des-marais-daveiro","status":"publish","type":"product","link":"https:\/\/saltisimo.com\/fr_fr\/produit\/gros-sel-des-marais-daveiro\/","title":{"rendered":"Sel des marais"},"content":{"rendered":"<h2><strong>Sel des marais d&rsquo;Aveiro<\/strong>, une alliance puissante pour sublimer vos mets<\/h2>\n<p>Vous recherchez un ingr\u00e9dient exceptionnel pour magnifier vos cr\u00e9ations culinaires ? Ne cherchez pas plus loin ! Notre sel des marais est la r\u00e9ponse \u00e0 vos attentes les plus \u00e9lev\u00e9es en mati\u00e8re de saveur et de qualit\u00e9.<\/p>\n<h3><strong>M\u00e9lange d&rsquo;\u00e9l\u00e9vation et de raffinement<\/strong>:<\/h3>\n<p>Notre assaisonnement des marais marie le caract\u00e8re puissant de notre or blanc d&rsquo;Aveiro au noble go\u00fbt de violette, associ\u00e9 \u00e0 de l&rsquo;estragon, du poivre blanc, et \u00e0 d&rsquo;autres \u00e9pices et herbes aromatiques. Cette alliance exceptionnelle saura sublimer chacun de vos plats.<\/p>\n<h3><strong>Facilit\u00e9 culinaire avec nos condiments aromatis\u00e9s<\/strong>:<\/h3>\n<p>Fini le temps o\u00f9 vous deviez fouiller votre cuisine pour trouver une multitude de condiments. Notre assaisonnement des marais a \u00e9t\u00e9 con\u00e7u pour simplifier votre exp\u00e9rience culinaire. Parfois, une simple cuill\u00e8re de notre condiment suffit pour vous transporter \u00e0 travers les saveurs et les \u00e9pices.<\/p>\n<h3><strong>Conservation fra\u00eecheur<\/strong>:<\/h3>\n<p>Nos produits sont livr\u00e9s dans un emballage herm\u00e9tique. Nous vous recommandons de les transf\u00e9rer dans un contenant opaque afin de pr\u00e9server les ar\u00f4mes et les \u00e9pices.<\/p>\n<h3><strong>Utilisation polyvalente<\/strong>:<\/h3>\n<p>Notre condiment peut \u00eatre utilis\u00e9 en l&rsquo;\u00e9tat ou dans un moulin \u00e0 \u00e9pices. Le moulin vous permettra de r\u00e9guler votre consommation de condiment tout en lib\u00e9rant les ar\u00f4mes des \u00e9pices non concass\u00e9es. Quelle que soit votre pr\u00e9f\u00e9rence, vous serez enchant\u00e9 par la fa\u00e7on dont il sublime vos cr\u00e9ations culinaires.<\/p>\n<p style=\"text-align: center;\"><strong>Laissez-vous tenter par l\u2019excellence gastronomique, commandez d\u00e8s maintenant votre produit SaltiSimo et transformez vos repas en une exp\u00e9rience m\u00e9morable.<\/strong><\/p>\n","protected":false},"excerpt":{"rendered":"<p>D\u00e9couvrez le sel des marais, une fusion puissante d&rsquo;\u00e9pices pour sublimer vos plats en un clin d&rsquo;\u0153il.<\/p>\n","protected":false},"featured_media":685,"comment_status":"open","ping_status":"closed","template":"","meta":{"jetpack_publicize_message":"","jetpack_publicize_feature_enabled":true,"jetpack_social_post_already_shared":false,"jetpack_social_options":{"image_generator_settings":{"template":"highway","default_image_id":0,"font":"","enabled":false},"version":2}},"product_brand":[],"product_cat":[17,54],"product_tag":[46,24],"class_list":{"0":"post-163","1":"product","2":"type-product","3":"status-publish","4":"has-post-thumbnail","6":"product_cat-sel-aromatique-du-portugal","7":"product_cat-gros-sel-aromatique","8":"product_tag-estragon","9":"product_tag-gros-sel","11":"first","12":"instock","13":"taxable","14":"shipping-taxable","15":"purchasable","16":"product-type-simple"},"bundled_by":[],"bundle_stock_status":"instock","bundle_stock_quantity":null,"bundle_virtual":false,"bundle_layout":"","bundle_add_to_cart_form_location":"","bundle_editable_in_cart":false,"bundle_sold_individually_context":"","bundle_item_grouping":"","bundle_min_size":"","bundle_max_size":"","bundle_price":[],"bundled_items":[],"bundle_sell_ids":[],"jetpack_publicize_connections":[],"jetpack_sharing_enabled":true,"_links":{"self":[{"href":"https:\/\/saltisimo.com\/fr_fr\/wp-json\/wp\/v2\/product\/163","targetHints":{"allow":["GET"]}}],"collection":[{"href":"https:\/\/saltisimo.com\/fr_fr\/wp-json\/wp\/v2\/product"}],"about":[{"href":"https:\/\/saltisimo.com\/fr_fr\/wp-json\/wp\/v2\/types\/product"}],"replies":[{"embeddable":true,"href":"https:\/\/saltisimo.com\/fr_fr\/wp-json\/wp\/v2\/comments?post=163"}],"wp:featuredmedia":[{"embeddable":true,"href":"https:\/\/saltisimo.com\/fr_fr\/wp-json\/wp\/v2\/media\/685"}],"wp:attachment":[{"href":"https:\/\/saltisimo.com\/fr_fr\/wp-json\/wp\/v2\/media?parent=163"}],"wp:term":[{"taxonomy":"product_brand","embeddable":true,"href":"https:\/\/saltisimo.com\/fr_fr\/wp-json\/wp\/v2\/product_brand?post=163"},{"taxonomy":"product_cat","embeddable":true,"href":"https:\/\/saltisimo.com\/fr_fr\/wp-json\/wp\/v2\/product_cat?post=163"},{"taxonomy":"product_tag","embeddable":true,"href":"https:\/\/saltisimo.com\/fr_fr\/wp-json\/wp\/v2\/product_tag?post=163"}],"curies":[{"name":"wp","href":"https:\/\/api.w.org\/{rel}","templated":true}]}}