{"id":167,"date":"2020-09-28T12:32:00","date_gmt":"2020-09-28T11:32:00","guid":{"rendered":"https:\/\/saltisimo.com\/?post_type=product&#038;p=167"},"modified":"2025-09-22T15:44:54","modified_gmt":"2025-09-22T14:44:54","slug":"gros-sel-tex-mex-daveiro","status":"publish","type":"product","link":"https:\/\/saltisimo.com\/fr_fr\/produit\/gros-sel-tex-mex-daveiro\/","title":{"rendered":"Sel Tex-Mex"},"content":{"rendered":"<h2><strong>Sel Tex-Mex d&rsquo;Aveiro, u<\/strong>ne symphonie d&rsquo;ar\u00f4mes pour sublimer vos plats<\/h2>\n<p>\u00c0 la recherche d&rsquo;un ingr\u00e9dient hors du commun pour \u00e9lever vos cr\u00e9ations culinaires ? Ne cherchez pas plus loin ! Notre Sel Tex-Mex d&rsquo;Aveiro est la r\u00e9ponse \u00e0 vos attentes les plus \u00e9lev\u00e9es en termes de saveur et de qualit\u00e9.<\/p>\n<h3><strong>Un m\u00e9lange d&rsquo;\u00e9l\u00e9vation et d&rsquo;authenticit\u00e9<\/strong>:<\/h3>\n<p>Notre condiment est un mariage d&rsquo;or blanc d&rsquo;Aveiro, r\u00e9put\u00e9 pour son caract\u00e8re puissant, et de la noblesse de la violette. Cette base est habilement associ\u00e9e \u00e0 un paprika relev\u00e9, du poivre blanc subtil, et \u00e0 une s\u00e9lection soigneusement choisie d&rsquo;\u00e9pices et d&rsquo;herbes aromatiques. Cette fusion cr\u00e9e une alliance gustative puissante et gagnante, pr\u00eate \u00e0 sublimer chacun de vos mets.<\/p>\n<h3><strong>Facilitez votre cuisine avec nos condiments aromatis\u00e9s<\/strong>:<\/h3>\n<p>Oubliez le temps o\u00f9 vous deviez fouiller votre cuisine \u00e0 la recherche d&rsquo;une multitude de condiments. Notre produit a \u00e9t\u00e9 sp\u00e9cialement con\u00e7u pour simplifier votre exp\u00e9rience culinaire. Parfois, une simple cuill\u00e8re de notre condiment suffit pour vous emmener en voyage \u00e0 travers une palette de saveurs et d&rsquo;\u00e9pices.<\/p>\n<h3><strong>Pr\u00e9servez la fra\u00eecheur et l&rsquo;intensit\u00e9 des ar\u00f4mes<\/strong>:<\/h3>\n<p>Nous sommes r\u00e9solus \u00e0 maintenir la qualit\u00e9 sup\u00e9rieure de notre condiment. Chaque produit est soigneusement emball\u00e9 dans un conditionnement herm\u00e9tique pour garantir la fra\u00eecheur et l&rsquo;intensit\u00e9 de ses ar\u00f4mes. Pour une conservation optimale, nous vous recommandons de transf\u00e9rer notre condiment dans un contenant opaque.<\/p>\n<h3><strong>Utilisation polyvalente pour sublimer vos plats<\/strong>:<\/h3>\n<p>Les produits SaltiSimo sont d&rsquo;une polyvalence remarquable. Vous pouvez les utiliser tels quels pour apporter une touche d&rsquo;\u00e9l\u00e9gance \u00e0 vos plats, ou les moudre \u00e0 l&rsquo;aide d&rsquo;un moulin \u00e0 \u00e9pices pour contr\u00f4ler la quantit\u00e9 de condiment et lib\u00e9rer les ar\u00f4mes des \u00e9pices non concass\u00e9es. Quel que soit votre choix, vous serez enchant\u00e9 par la mani\u00e8re dont il sublimera vos cr\u00e9ations culinaires.<\/p>\n<p style=\"text-align: center;\"><strong>Laissez-vous tenter par l\u2019excellence gastronomique, commandez d\u00e8s maintenant votre sel SaltiSimo et transformez vos repas en une exp\u00e9rience m\u00e9morable.<\/strong><\/p>\n","protected":false},"excerpt":{"rendered":"<p>D\u00e9couvrez notre Sel Tex-Mex, une fusion audacieuse d&rsquo;ar\u00f4mes pour sublimer vos plats en toute simplicit\u00e9.\u00a0\u00bb<\/p>\n","protected":false},"featured_media":682,"comment_status":"open","ping_status":"closed","template":"","meta":{"jetpack_publicize_message":"","jetpack_publicize_feature_enabled":true,"jetpack_social_post_already_shared":false,"jetpack_social_options":{"image_generator_settings":{"template":"highway","default_image_id":0,"font":"","enabled":false},"version":2}},"product_brand":[],"product_cat":[17,54],"product_tag":[24,41,40],"class_list":{"0":"post-167","1":"product","2":"type-product","3":"status-publish","4":"has-post-thumbnail","6":"product_cat-sel-aromatique-du-portugal","7":"product_cat-gros-sel-aromatique","8":"product_tag-gros-sel","9":"product_tag-paprika","10":"product_tag-tex-mex","12":"first","13":"instock","14":"taxable","15":"shipping-taxable","16":"purchasable","17":"product-type-simple"},"bundled_by":["3584"],"bundle_stock_status":"instock","bundle_stock_quantity":null,"bundle_virtual":false,"bundle_layout":"","bundle_add_to_cart_form_location":"","bundle_editable_in_cart":false,"bundle_sold_individually_context":"","bundle_item_grouping":"","bundle_min_size":"","bundle_max_size":"","bundle_price":[],"bundled_items":[],"bundle_sell_ids":[],"jetpack_publicize_connections":[],"jetpack_sharing_enabled":true,"_links":{"self":[{"href":"https:\/\/saltisimo.com\/fr_fr\/wp-json\/wp\/v2\/product\/167","targetHints":{"allow":["GET"]}}],"collection":[{"href":"https:\/\/saltisimo.com\/fr_fr\/wp-json\/wp\/v2\/product"}],"about":[{"href":"https:\/\/saltisimo.com\/fr_fr\/wp-json\/wp\/v2\/types\/product"}],"replies":[{"embeddable":true,"href":"https:\/\/saltisimo.com\/fr_fr\/wp-json\/wp\/v2\/comments?post=167"}],"wp:featuredmedia":[{"embeddable":true,"href":"https:\/\/saltisimo.com\/fr_fr\/wp-json\/wp\/v2\/media\/682"}],"wp:attachment":[{"href":"https:\/\/saltisimo.com\/fr_fr\/wp-json\/wp\/v2\/media?parent=167"}],"wp:term":[{"taxonomy":"product_brand","embeddable":true,"href":"https:\/\/saltisimo.com\/fr_fr\/wp-json\/wp\/v2\/product_brand?post=167"},{"taxonomy":"product_cat","embeddable":true,"href":"https:\/\/saltisimo.com\/fr_fr\/wp-json\/wp\/v2\/product_cat?post=167"},{"taxonomy":"product_tag","embeddable":true,"href":"https:\/\/saltisimo.com\/fr_fr\/wp-json\/wp\/v2\/product_tag?post=167"}],"curies":[{"name":"wp","href":"https:\/\/api.w.org\/{rel}","templated":true}]}}