{"id":172,"date":"2020-09-28T13:46:23","date_gmt":"2020-09-28T12:46:23","guid":{"rendered":"https:\/\/saltisimo.com\/?post_type=product&#038;p=172"},"modified":"2024-05-02T11:44:47","modified_gmt":"2024-05-02T10:44:47","slug":"fleur-de-sel-daveiro","status":"publish","type":"product","link":"https:\/\/saltisimo.com\/fr_fr\/produit\/fleur-de-sel-daveiro\/","title":{"rendered":"Fleur de sel d&rsquo;Aveiro"},"content":{"rendered":"<h1><strong>Fleur de Sel d&rsquo;Aveiro, u<\/strong>ne Caresse de Puret\u00e9 Sal\u00e9e<\/h1>\n<h2>Qu&rsquo;est-ce que la fleur de sel d&rsquo;Aveiro ?<\/h2>\n<p>La fleur de sel, v\u00e9ritable joyau des marais salants, est une fine couche de cristaux blancs d&rsquo;une puret\u00e9 exceptionnelle. Elle se forme naturellement \u00e0 la surface de ces marais gr\u00e2ce \u00e0 l&rsquo;action \u00e9vaporatrice du vent et \u00e0 l&rsquo;influence de l&rsquo;oc\u00e9an Atlantique. Les cristaux de la fleur de sel sont g\u00e9n\u00e9ralement de gros grains, variant entre 0 et 4 mm, et leur texture est granulaire, douce et l\u00e9g\u00e8rement humide au toucher.<\/p>\n<p>La puret\u00e9 de la fleur de sel d\u00e9coule de son absence de contact avec le sol des marais salants, pr\u00e9servant ainsi sa blancheur \u00e9clatante.<\/p>\n<h3><strong>Comment l&rsquo;incorporer dans votre cuisine ?<\/strong><\/h3>\n<p>La fleur de sel est reconnue pour sa d\u00e9licatesse et sa capacit\u00e9 \u00e0 sublimer les saveurs des plats. Contrairement au gros sel, elle se dissout avec une rapidit\u00e9 remarquable au contact des aliments. Vous pouvez l&rsquo;ajouter avec parcimonie \u00e0 toutes vos pr\u00e9parations culinaires, chaudes ou froides, pour enrichir naturellement leurs saveurs sans les dominer.<\/p>\n<h3><strong>Conservation et Utilisation<\/strong><\/h3>\n<p>Pour pr\u00e9server la fra\u00eecheur et l&rsquo;intensit\u00e9 de ses ar\u00f4mes, notre fleur de sel est m\u00e9ticuleusement emball\u00e9e dans un contenant herm\u00e9tique. Lorsque vous l&rsquo;ouvrez, nous vous recommandons de la transf\u00e9rer dans un r\u00e9cipient opaque pour une conservation optimale.<\/p>\n<p>La fleur de sel est d&rsquo;une polyvalence exceptionnelle en cuisine. Vous pouvez l&rsquo;utiliser telle quelle pour saupoudrer subtilement vos plats avant de les servir, ajoutant ainsi une note d&rsquo;\u00e9l\u00e9gance \u00e0 vos cr\u00e9ations culinaires. Si vous pr\u00e9f\u00e9rez ajuster la quantit\u00e9 de sel, utilisez un moulin \u00e0 \u00e9pices pour moudre la fleur de sel, lib\u00e9rant ainsi les ar\u00f4mes d&rsquo;\u00e9pices non concass\u00e9es et personnalisant l&rsquo;intensit\u00e9 de la salinit\u00e9 selon vos pr\u00e9f\u00e9rences.<\/p>\n<p>La Fleur de Sel est un tr\u00e9sor gustatif qui transformera chaque plat en une exp\u00e9rience inoubliable. D\u00e9couvrez son excellence sal\u00e9e, commandez d\u00e8s maintenant votre Fleur de Sel et sublimez vos repas comme jamais auparavant.<\/p>\n","protected":false},"excerpt":{"rendered":"<p>D\u00e9couvrez la Fleur de Sel d&rsquo;Aveiro, une touche de puret\u00e9 sal\u00e9e pour sublimer vos plats. Une fine couche de cristaux blancs qui se forme naturellement \u00e0 la surface des marais salants.<\/p>\n","protected":false},"featured_media":2248,"comment_status":"open","ping_status":"closed","template":"","meta":{"jetpack_publicize_message":"","jetpack_publicize_feature_enabled":true,"jetpack_social_post_already_shared":false,"jetpack_social_options":{"image_generator_settings":{"template":"highway","default_image_id":0,"font":"","enabled":false},"version":2}},"product_brand":[],"product_cat":[19],"product_tag":[37],"class_list":{"0":"post-172","1":"product","2":"type-product","3":"status-publish","4":"has-post-thumbnail","6":"product_cat-sel-nature-du-portugal","7":"product_tag-fleur-de-sel","9":"first","10":"instock","11":"taxable","12":"shipping-taxable","13":"purchasable","14":"product-type-variable","15":"has-default-attributes"},"bundled_by":["3584"],"bundle_stock_status":"instock","bundle_stock_quantity":null,"bundle_virtual":false,"bundle_layout":"","bundle_add_to_cart_form_location":"","bundle_editable_in_cart":false,"bundle_sold_individually_context":"","bundle_item_grouping":"","bundle_min_size":"","bundle_max_size":"","bundle_price":[],"bundled_items":[],"bundle_sell_ids":[],"jetpack_publicize_connections":[],"jetpack_sharing_enabled":true,"_links":{"self":[{"href":"https:\/\/saltisimo.com\/fr_fr\/wp-json\/wp\/v2\/product\/172","targetHints":{"allow":["GET"]}}],"collection":[{"href":"https:\/\/saltisimo.com\/fr_fr\/wp-json\/wp\/v2\/product"}],"about":[{"href":"https:\/\/saltisimo.com\/fr_fr\/wp-json\/wp\/v2\/types\/product"}],"replies":[{"embeddable":true,"href":"https:\/\/saltisimo.com\/fr_fr\/wp-json\/wp\/v2\/comments?post=172"}],"wp:featuredmedia":[{"embeddable":true,"href":"https:\/\/saltisimo.com\/fr_fr\/wp-json\/wp\/v2\/media\/2248"}],"wp:attachment":[{"href":"https:\/\/saltisimo.com\/fr_fr\/wp-json\/wp\/v2\/media?parent=172"}],"wp:term":[{"taxonomy":"product_brand","embeddable":true,"href":"https:\/\/saltisimo.com\/fr_fr\/wp-json\/wp\/v2\/product_brand?post=172"},{"taxonomy":"product_cat","embeddable":true,"href":"https:\/\/saltisimo.com\/fr_fr\/wp-json\/wp\/v2\/product_cat?post=172"},{"taxonomy":"product_tag","embeddable":true,"href":"https:\/\/saltisimo.com\/fr_fr\/wp-json\/wp\/v2\/product_tag?post=172"}],"curies":[{"name":"wp","href":"https:\/\/api.w.org\/{rel}","templated":true}]}}