{"id":2058,"date":"2021-11-22T10:50:20","date_gmt":"2021-11-22T10:50:20","guid":{"rendered":"https:\/\/saltisimo.com\/?post_type=product&#038;p=2058"},"modified":"2024-05-02T13:36:16","modified_gmt":"2024-05-02T12:36:16","slug":"sel-au-poivre-blanc","status":"publish","type":"product","link":"https:\/\/saltisimo.com\/fr_fr\/produit\/sel-au-poivre-blanc\/","title":{"rendered":"Sel au poivre blanc"},"content":{"rendered":"<h2>D\u00e9couvrez l&rsquo;excellence culinaire avec notre Sel au Poivre Blanc<\/h2>\n<p>Vous \u00eates \u00e0 la recherche d&rsquo;un ingr\u00e9dient exceptionnel pour magnifier vos cr\u00e9ations culinaires ? Ne cherchez pas plus loin ! SaltiSimo est la r\u00e9ponse \u00e0 vos attentes les plus \u00e9lev\u00e9es en mati\u00e8re de saveur et de qualit\u00e9.<\/p>\n<h3>Un M\u00e9lange d&rsquo;\u00e9l\u00e9vation et de raffinement:<\/h3>\n<p>Notre Assaisonnement \u00c9lev\u00e9 est une \u0153uvre d&rsquo;art culinaire qui marie la robustesse du gros min\u00e9ral d&rsquo;Aveiro \u00e0 la noblesse de l&rsquo;\u00e9pice immacul\u00e9. Cette fusion de saveurs cr\u00e9e une alliance sans \u00e9gale qui saura sublimer chacun de vos plats. Laissez-vous emporter par l&rsquo;harmonie de la violette et de l&rsquo;\u00e9pice immacul\u00e9 qui dansent dans chaque grain de ce condiment exceptionnel.<\/p>\n<h3>Facilitez votre cuisine avec nos condiments aromatis\u00e9s:<\/h3>\n<p>Fini le temps o\u00f9 vous deviez fouiller votre cuisine pour trouver une multitude de condiments. Notre Assaisonnement \u00c9lev\u00e9 a \u00e9t\u00e9 con\u00e7u pour simplifier votre exp\u00e9rience culinaire. Parfois, une simple cuill\u00e8re de notre condiment suffit pour vous faire voyager \u00e0 travers les saveurs et les \u00e9pices.<\/p>\n<h3>Pr\u00e9servez la fra\u00eecheur et la richesse des ar\u00f4mes:<\/h3>\n<p>Nous sommes d\u00e9termin\u00e9s \u00e0 maintenir la qualit\u00e9 sup\u00e9rieure de notre Assaisonnement \u00c9lev\u00e9. Chaque produit est livr\u00e9 dans un emballage herm\u00e9tique pour garantir la fra\u00eecheur et la richesse de ses ar\u00f4mes. Pour une conservation optimale, nous vous conseillons de transf\u00e9rer notre condiment dans un contenant opaque.<\/p>\n<h3>Utilisation polyvalente:<\/h3>\n<p>Les produits SaltiSimo peuvent \u00eatre utilis\u00e9 de plusieurs mani\u00e8res. Vous pouvez les employer en brute pour ajouter une touche d&rsquo;\u00e9l\u00e9gance \u00e0 vos plats ou le moudre \u00e0 l&rsquo;aide d&rsquo;un moulin \u00e0 \u00e9pices pour r\u00e9guler la quantit\u00e9 de condiment et lib\u00e9rer les ar\u00f4mes d&rsquo;\u00e9pices non concass\u00e9es. Quel que soit votre choix, vous serez ravi de la mani\u00e8re dont il sublime vos cr\u00e9ations culinaires.<\/p>\n<p>Offrez \u00e0 vos papilles une exp\u00e9rience gustative unique avec notre Assaisonnement \u00c9lev\u00e9. Red\u00e9couvrez la magie de la cuisine gr\u00e2ce \u00e0 ce m\u00e9lange raffin\u00e9 qui promet d&rsquo;\u00e9lever chaque plat \u00e0 un niveau sup\u00e9rieur.<\/p>\n<p style=\"text-align: center;\"><strong>Laissez-vous tenter par l&rsquo;excellence gastronomique, commandez d\u00e8s maintenant votre Sel SaltiSimo et transformez vos repas en une exp\u00e9rience m\u00e9morable.<\/strong><\/p>\n","protected":false},"excerpt":{"rendered":"<p><span class=\"OYPEnA text-decoration-none text-strikethrough-none\">D\u00e9couvrez notre sel au poivre blanc, une fusion parfaite entre l&rsquo;or blanc d&rsquo;Aveiro robuste et l&rsquo;assaisonnement\u00a0 immacul\u00e9 et le poivre blanc. Une alliance quui va exalter vos plats en un seul geste.\u00a0<\/span><span class=\"OYPEnA text-decoration-none text-strikethrough-none\">Explorez des saveurs in\u00e9dites avec notre condiment aromatis\u00e9 de qualit\u00e9.\u00a0<\/span><\/p>\n","protected":false},"featured_media":2252,"comment_status":"open","ping_status":"closed","template":"","meta":{"jetpack_publicize_message":"Sel au poivre blanc","jetpack_publicize_feature_enabled":true,"jetpack_social_post_already_shared":true,"jetpack_social_options":{"image_generator_settings":{"template":"highway","default_image_id":0,"font":"","enabled":false},"version":2}},"product_brand":[],"product_cat":[17,54],"product_tag":[24],"class_list":{"0":"post-2058","1":"product","2":"type-product","3":"status-publish","4":"has-post-thumbnail","6":"product_cat-sel-aromatique-du-portugal","7":"product_cat-gros-sel-aromatique","8":"product_tag-gros-sel","10":"first","11":"instock","12":"taxable","13":"shipping-taxable","14":"purchasable","15":"product-type-simple"},"bundled_by":["3584"],"bundle_stock_status":"instock","bundle_stock_quantity":null,"bundle_virtual":false,"bundle_layout":"","bundle_add_to_cart_form_location":"","bundle_editable_in_cart":false,"bundle_sold_individually_context":"","bundle_item_grouping":"","bundle_min_size":"","bundle_max_size":"","bundle_price":[],"bundled_items":[],"bundle_sell_ids":[],"jetpack_publicize_connections":[],"jetpack_sharing_enabled":true,"_links":{"self":[{"href":"https:\/\/saltisimo.com\/fr_fr\/wp-json\/wp\/v2\/product\/2058","targetHints":{"allow":["GET"]}}],"collection":[{"href":"https:\/\/saltisimo.com\/fr_fr\/wp-json\/wp\/v2\/product"}],"about":[{"href":"https:\/\/saltisimo.com\/fr_fr\/wp-json\/wp\/v2\/types\/product"}],"replies":[{"embeddable":true,"href":"https:\/\/saltisimo.com\/fr_fr\/wp-json\/wp\/v2\/comments?post=2058"}],"wp:featuredmedia":[{"embeddable":true,"href":"https:\/\/saltisimo.com\/fr_fr\/wp-json\/wp\/v2\/media\/2252"}],"wp:attachment":[{"href":"https:\/\/saltisimo.com\/fr_fr\/wp-json\/wp\/v2\/media?parent=2058"}],"wp:term":[{"taxonomy":"product_brand","embeddable":true,"href":"https:\/\/saltisimo.com\/fr_fr\/wp-json\/wp\/v2\/product_brand?post=2058"},{"taxonomy":"product_cat","embeddable":true,"href":"https:\/\/saltisimo.com\/fr_fr\/wp-json\/wp\/v2\/product_cat?post=2058"},{"taxonomy":"product_tag","embeddable":true,"href":"https:\/\/saltisimo.com\/fr_fr\/wp-json\/wp\/v2\/product_tag?post=2058"}],"curies":[{"name":"wp","href":"https:\/\/api.w.org\/{rel}","templated":true}]}}