{"id":402,"date":"2020-10-07T22:44:45","date_gmt":"2020-10-07T21:44:45","guid":{"rendered":"https:\/\/saltisimo.com\/?post_type=product&#038;p=402"},"modified":"2025-09-22T15:34:57","modified_gmt":"2025-09-22T14:34:57","slug":"fleur-de-sel-au-curry-daveiro","status":"publish","type":"product","link":"https:\/\/saltisimo.com\/fr_fr\/produit\/fleur-de-sel-au-curry-daveiro\/","title":{"rendered":"Fleur de sel au curry"},"content":{"rendered":"<h2><strong>Fleur de Sel au Curry, u<\/strong>ne alliance puissante d&rsquo;ar\u00f4mes<\/h2>\n<p>Vous \u00eates \u00e0 la recherche d&rsquo;un ingr\u00e9dient exceptionnel pour rehausser vos cr\u00e9ations culinaires ? Ne cherchez pas plus loin ! Notre fleur de sel au curry est la r\u00e9ponse \u00e0 vos attentes les plus \u00e9lev\u00e9es en mati\u00e8re de saveur et de qualit\u00e9.<\/p>\n<h3><strong>Un M\u00e9lange d&rsquo;\u00e9l\u00e9vation et d&rsquo;aromatique<\/strong>:<\/h3>\n<p>Notre assaisonnement \u00e9lev\u00e9 est un mariage de la fleur de sel d&rsquo;Aveiro au caract\u00e8re puissant et au noble go\u00fbt de violette, associ\u00e9e \u00e0 un m\u00e9lange exquis de curry, de noix de coco, et d&rsquo;autres \u00e9pices et herbes aromatiques. Cette fusion cr\u00e9e une alliance exceptionnelle, pr\u00eate \u00e0 sublimer chacun de vos plats.<\/p>\n<h3><strong>Facilitez votre cuisine avec nos condiments aromatis\u00e9s<\/strong>:<\/h3>\n<p>Fini le temps o\u00f9 vous deviez fouiller votre cuisine pour trouver une multitude de condiments. Notre assaisonnement \u00e9lev\u00e9 a \u00e9t\u00e9 con\u00e7u pour simplifier votre exp\u00e9rience culinaire. Parfois, une simple cuill\u00e8re de notre condiment suffit pour vous emmener en voyage \u00e0 travers les saveurs et les \u00e9pices.<\/p>\n<h3><strong>Pr\u00e9servez la fra\u00eecheur et l&rsquo;intensit\u00e9 des saveurs<\/strong>:<\/h3>\n<p>Nous sommes d\u00e9termin\u00e9s \u00e0 maintenir la qualit\u00e9 sup\u00e9rieure de notre assaisonnement \u00e9lev\u00e9. Chaque produit est livr\u00e9 dans un emballage herm\u00e9tique pour garantir la fra\u00eecheur et l&rsquo;intensit\u00e9 de ses saveurs. Pour une conservation optimale, nous vous recommandons de transf\u00e9rer notre condiment dans un contenant opaque.<\/p>\n<h3><strong>Utilisation polyvalente<\/strong>:<\/h3>\n<p>Les produits SaltiSimo offrent une polyvalence remarquable. Vous pouvez les utiliser tels quels pour ajouter une touche d&rsquo;\u00e9l\u00e9gance \u00e0 vos plats, ou bien les moudre \u00e0 l&rsquo;aide d&rsquo;un moulin \u00e0 \u00e9pices pour contr\u00f4ler la quantit\u00e9 de condiment et lib\u00e9rer les ar\u00f4mes des \u00e9pices non concass\u00e9es. Quel que soit votre choix, vous serez enchant\u00e9 par la fa\u00e7on dont ils subliment vos cr\u00e9ations culinaires.<\/p>\n<p>Offrez \u00e0 vos papilles une exp\u00e9rience gustative unique avec notre assaisonnement \u00e9lev\u00e9 au curry. Red\u00e9couvrez la magie de la cuisine gr\u00e2ce \u00e0 ce m\u00e9lange raffin\u00e9 qui promet d&rsquo;\u00e9lever chaque plat \u00e0 un niveau sup\u00e9rieur.<\/p>\n<p style=\"text-align: center;\"><strong>Laissez-vous tenter par l&rsquo;excellence gastronomique, commandez d\u00e8s maintenant votre Fleur de Sel au Curry et transformez vos repas en une exp\u00e9rience m\u00e9morable.<\/strong><\/p>\n","protected":false},"excerpt":{"rendered":"<p>D\u00e9couvrez notre Fleur de Sel au Curry, une explosion d&rsquo;ar\u00f4mes pour magnifier vos plats en un geste.<\/p>\n","protected":false},"featured_media":2253,"comment_status":"open","ping_status":"closed","template":"","meta":{"jetpack_publicize_message":"","jetpack_publicize_feature_enabled":true,"jetpack_social_post_already_shared":false,"jetpack_social_options":{"image_generator_settings":{"template":"highway","default_image_id":0,"font":"","enabled":false},"version":2}},"product_brand":[],"product_cat":[17,53],"product_tag":[25,37],"class_list":{"0":"post-402","1":"product","2":"type-product","3":"status-publish","4":"has-post-thumbnail","6":"product_cat-sel-aromatique-du-portugal","7":"product_cat-fleur-de-sel-aromatique","8":"product_tag-curry","9":"product_tag-fleur-de-sel","11":"first","12":"instock","13":"taxable","14":"shipping-taxable","15":"purchasable","16":"product-type-variable","17":"has-default-attributes"},"bundled_by":["3584"],"bundle_stock_status":"instock","bundle_stock_quantity":null,"bundle_virtual":false,"bundle_layout":"","bundle_add_to_cart_form_location":"","bundle_editable_in_cart":false,"bundle_sold_individually_context":"","bundle_item_grouping":"","bundle_min_size":"","bundle_max_size":"","bundle_price":[],"bundled_items":[],"bundle_sell_ids":[],"jetpack_publicize_connections":[],"jetpack_sharing_enabled":true,"_links":{"self":[{"href":"https:\/\/saltisimo.com\/fr_fr\/wp-json\/wp\/v2\/product\/402","targetHints":{"allow":["GET"]}}],"collection":[{"href":"https:\/\/saltisimo.com\/fr_fr\/wp-json\/wp\/v2\/product"}],"about":[{"href":"https:\/\/saltisimo.com\/fr_fr\/wp-json\/wp\/v2\/types\/product"}],"replies":[{"embeddable":true,"href":"https:\/\/saltisimo.com\/fr_fr\/wp-json\/wp\/v2\/comments?post=402"}],"wp:featuredmedia":[{"embeddable":true,"href":"https:\/\/saltisimo.com\/fr_fr\/wp-json\/wp\/v2\/media\/2253"}],"wp:attachment":[{"href":"https:\/\/saltisimo.com\/fr_fr\/wp-json\/wp\/v2\/media?parent=402"}],"wp:term":[{"taxonomy":"product_brand","embeddable":true,"href":"https:\/\/saltisimo.com\/fr_fr\/wp-json\/wp\/v2\/product_brand?post=402"},{"taxonomy":"product_cat","embeddable":true,"href":"https:\/\/saltisimo.com\/fr_fr\/wp-json\/wp\/v2\/product_cat?post=402"},{"taxonomy":"product_tag","embeddable":true,"href":"https:\/\/saltisimo.com\/fr_fr\/wp-json\/wp\/v2\/product_tag?post=402"}],"curies":[{"name":"wp","href":"https:\/\/api.w.org\/{rel}","templated":true}]}}