{"id":527,"date":"2020-10-09T08:43:10","date_gmt":"2020-10-09T07:43:10","guid":{"rendered":"https:\/\/saltisimo.com\/?post_type=product&#038;p=527"},"modified":"2024-10-04T13:48:10","modified_gmt":"2024-10-04T12:48:10","slug":"ecume-de-sel-daveiro","status":"publish","type":"product","link":"https:\/\/saltisimo.com\/fr_fr\/produit\/ecume-de-sel-daveiro\/","title":{"rendered":"\u00c9cume de sel d&rsquo;Aveiro"},"content":{"rendered":"<h2><strong>\u00c9cume de Sel d&rsquo;Aveiro<\/strong> , une texture l\u00e9g\u00e8re et d\u00e9licate<\/h2>\n<p>L&rsquo;\u00e9cume de sel d&rsquo;Aveiro, une merveille de la nature, se forme au-dessus de la pr\u00e9cieuse fleur de sel, r\u00e9colt\u00e9e uniquement \u00e0 l&rsquo;aube et sous l&rsquo;influence du vent d&rsquo;Est. Ce sel d&rsquo;exception se distingue par sa texture l\u00e9g\u00e8re et d\u00e9licate, rappelant la beaut\u00e9 des flocons de neige gr\u00e2ce \u00e0 sa faible densit\u00e9.<\/p>\n<h3><strong>Une \u00c9l\u00e9gance Naturelle<\/strong>:<\/h3>\n<p>L&rsquo;\u00e9cume de sel d&rsquo;Aveiro est le r\u00e9sultat de la rencontre harmonieuse entre la mer, le vent et le soleil. Sa formation minutieuse et d\u00e9licate au-dessus de la fleur de sel en fait un tr\u00e9sor naturel rare. Chaque cristal de sel transporte en lui la douce brise marine et la puret\u00e9 des matins.<\/p>\n<h3><strong>Une Exp\u00e9rience Sensorielle<\/strong>:<\/h3>\n<p>Lorsque vous la touchez du bout des doigts, vous ressentez instantan\u00e9ment sa texture l\u00e9g\u00e8re et a\u00e9rienne. Cette d\u00e9licatesse se refl\u00e8te dans sa saveur subtile, qui \u00e9voque la fra\u00eecheur de l&rsquo;oc\u00e9an. Il suffit d&rsquo;une pinc\u00e9e de cet or blanc pour transformer vos plats en v\u00e9ritables \u0153uvres gastronomiques.<\/p>\n<h3><strong>Le Choix de la Qualit\u00e9<\/strong>:<\/h3>\n<p>Chez nous, la qualit\u00e9 est une priorit\u00e9. Nos produits sont soigneusement r\u00e9colt\u00e9s et emball\u00e9s pour pr\u00e9server leur fra\u00eecheur. Chaque paquet est livr\u00e9 dans un emballage herm\u00e9tique, garantissant la pr\u00e9servation des ar\u00f4mes et des \u00e9pices qui font sa renomm\u00e9e.<\/p>\n<h3><strong>Utilisation Polyvalente<\/strong>:<\/h3>\n<p>Elle peut \u00eatre utilis\u00e9e de multiples fa\u00e7ons en cuisine. Vous pouvez l&rsquo;ajouter en toute simplicit\u00e9 pour rehausser la saveur de vos plats, que ce soit pour des viandes, des poissons, des l\u00e9gumes ou m\u00eame des desserts. Son absence d&rsquo;amertume et sa l\u00e9g\u00e8ret\u00e9 en font un alli\u00e9 incontournable de la cuisine cr\u00e9ative.<\/p>\n<h3><strong>Offrez-vous l&rsquo;Excellence Culinaire<\/strong>:<\/h3>\n<p>D\u00e9couvrez l&rsquo;excellence culinaire avec notre produit, un tr\u00e9sor naturel qui transformera chaque bouch\u00e9e en une exp\u00e9rience sensorielle unique. Reconnectez-vous \u00e0 la nature et \u00e0 la puret\u00e9 des saveurs marines en choisissant notre produit.<\/p>\n","protected":false},"excerpt":{"rendered":"<p>D\u00e9couvrez l&rsquo;\u00c9cume de Sel d&rsquo;Aveiro, une texture l\u00e9g\u00e8re comme des flocons de neige, r\u00e9colt\u00e9e \u00e0 l&rsquo;aube. Une touche d\u00e9licate pour sublimer vos plats en un geste.<\/p>\n<p>&nbsp;<\/p>\n","protected":false},"featured_media":2250,"comment_status":"open","ping_status":"closed","template":"","meta":{"jetpack_publicize_message":"","jetpack_publicize_feature_enabled":true,"jetpack_social_post_already_shared":false,"jetpack_social_options":{"image_generator_settings":{"template":"highway","default_image_id":0,"font":"","enabled":false},"version":2}},"product_brand":[],"product_cat":[19],"product_tag":[48],"class_list":{"0":"post-527","1":"product","2":"type-product","3":"status-publish","4":"has-post-thumbnail","6":"product_cat-sel-nature-du-portugal","7":"product_tag-ecume","9":"first","10":"instock","11":"taxable","12":"shipping-taxable","13":"purchasable","14":"product-type-variable","15":"has-default-attributes"},"bundled_by":["3584"],"bundle_stock_status":"instock","bundle_stock_quantity":null,"bundle_virtual":false,"bundle_layout":"","bundle_add_to_cart_form_location":"","bundle_editable_in_cart":false,"bundle_sold_individually_context":"","bundle_item_grouping":"","bundle_min_size":"","bundle_max_size":"","bundle_price":[],"bundled_items":[],"bundle_sell_ids":[],"jetpack_publicize_connections":[],"jetpack_sharing_enabled":true,"_links":{"self":[{"href":"https:\/\/saltisimo.com\/fr_fr\/wp-json\/wp\/v2\/product\/527","targetHints":{"allow":["GET"]}}],"collection":[{"href":"https:\/\/saltisimo.com\/fr_fr\/wp-json\/wp\/v2\/product"}],"about":[{"href":"https:\/\/saltisimo.com\/fr_fr\/wp-json\/wp\/v2\/types\/product"}],"replies":[{"embeddable":true,"href":"https:\/\/saltisimo.com\/fr_fr\/wp-json\/wp\/v2\/comments?post=527"}],"wp:featuredmedia":[{"embeddable":true,"href":"https:\/\/saltisimo.com\/fr_fr\/wp-json\/wp\/v2\/media\/2250"}],"wp:attachment":[{"href":"https:\/\/saltisimo.com\/fr_fr\/wp-json\/wp\/v2\/media?parent=527"}],"wp:term":[{"taxonomy":"product_brand","embeddable":true,"href":"https:\/\/saltisimo.com\/fr_fr\/wp-json\/wp\/v2\/product_brand?post=527"},{"taxonomy":"product_cat","embeddable":true,"href":"https:\/\/saltisimo.com\/fr_fr\/wp-json\/wp\/v2\/product_cat?post=527"},{"taxonomy":"product_tag","embeddable":true,"href":"https:\/\/saltisimo.com\/fr_fr\/wp-json\/wp\/v2\/product_tag?post=527"}],"curies":[{"name":"wp","href":"https:\/\/api.w.org\/{rel}","templated":true}]}}