{"id":753,"date":"2020-11-09T18:14:40","date_gmt":"2020-11-09T18:14:40","guid":{"rendered":"https:\/\/saltisimo.com\/?post_type=product&#038;p=753"},"modified":"2025-09-22T15:36:55","modified_gmt":"2025-09-22T14:36:55","slug":"fleur-de-sel-au-gingembre","status":"publish","type":"product","link":"https:\/\/saltisimo.com\/fr_fr\/produit\/fleur-de-sel-au-gingembre\/","title":{"rendered":"Fleur de sel au gingembre"},"content":{"rendered":"<h2><strong>Fleur de sel au gingembre<\/strong>, une alliance puissante pour sublimer vos mets<\/h2>\n<p>Vous recherchez un ingr\u00e9dient exceptionnel pour magnifier vos plats ? ne cherchez pas plus loin ! Notre sel au gingembre est la r\u00e9ponse \u00e0 vos attentes les plus exigeantes en mati\u00e8re de saveur et de qualit\u00e9.<\/p>\n<h3><strong>Un m\u00e9lange d&rsquo;\u00e9l\u00e9vation et de caract\u00e8re<\/strong>:<\/h3>\n<p>Notre produit est une \u0153uvre culinaire qui marie la d\u00e9licatesse de la fleur de sel au caract\u00e8re puissant du gingembre, accompagn\u00e9 de la cardamome. Cette combinaison de saveurs forme une alliance puissante pr\u00eate \u00e0 rehausser chaque plat que vous pr\u00e9parez. Laissez-vous emporter par l&rsquo;harmonie entre le gingembre et la cardamome, une danse de saveurs dans chaque grain de ce condiment exceptionnel.<\/p>\n<h3><strong>Facilitez votre cuisine avec nos condiments aromatis\u00e9s<\/strong>:<\/h3>\n<p>Fini le temps o\u00f9 vous deviez fouiller votre cuisine \u00e0 la recherche de multiples condiments. Notre produit a \u00e9t\u00e9 con\u00e7u pour simplifier votre exp\u00e9rience culinaire. Parfois, une simple cuill\u00e8re de notre condiment suffit pour vous transporter \u00e0 travers les saveurs et les \u00e9pices.<\/p>\n<h3><strong>Pr\u00e9servez la fra\u00eecheur et l&rsquo;intensit\u00e9 des ar\u00f4mes<\/strong>:<\/h3>\n<p>Nous nous engageons \u00e0 maintenir la qualit\u00e9 sup\u00e9rieure de notre sel au gingembre. Chaque produit est livr\u00e9 dans un emballage herm\u00e9tique pour garantir la fra\u00eecheur et l&rsquo;intensit\u00e9 de ses ar\u00f4mes. Pour une conservation optimale, nous vous recommandons de transf\u00e9rer notre condiment dans un contenant opaque.<\/p>\n<h3><strong>Utilisation polyvalente<\/strong>:<\/h3>\n<p>Nos produits peuvent \u00eatre utilis\u00e9 tel quel pour ajouter une touche d&rsquo;\u00e9l\u00e9gance \u00e0 vos plats, ou bien moulu \u00e0 l&rsquo;aide d&rsquo;un moulin \u00e0 \u00e9pices pour contr\u00f4ler la quantit\u00e9 de condiment et lib\u00e9rer les ar\u00f4mes des \u00e9pices non concass\u00e9es. Quel que soit votre choix, vous serez ravi de la mani\u00e8re dont il sublime vos cr\u00e9ations culinaires.<\/p>\n<p style=\"text-align: center;\"><strong>Laissez-vous tenter par l&rsquo;excellence culinaire, commandez d\u00e8s maintenant nos produits et transformez vos repas en une exp\u00e9rience m\u00e9morable.<\/strong><\/p>\n","protected":false},"excerpt":{"rendered":"<p>D\u00e9couvrez notre Fleur de sel au gingembre, une fusion audacieuse pour sublimer vos plats en un instant.<\/p>\n","protected":false},"featured_media":2254,"comment_status":"open","ping_status":"closed","template":"","meta":{"jetpack_publicize_message":"Fleur de sel au gingembre","jetpack_publicize_feature_enabled":true,"jetpack_social_post_already_shared":true,"jetpack_social_options":{"image_generator_settings":{"template":"highway","default_image_id":0,"font":"","enabled":false},"version":2}},"product_brand":[],"product_cat":[53],"product_tag":[37,58],"class_list":{"0":"post-753","1":"product","2":"type-product","3":"status-publish","4":"has-post-thumbnail","6":"product_cat-fleur-de-sel-aromatique","7":"product_tag-fleur-de-sel","8":"product_tag-gingembre","10":"first","11":"instock","12":"taxable","13":"shipping-taxable","14":"purchasable","15":"product-type-variable","16":"has-default-attributes"},"bundled_by":["3584"],"bundle_stock_status":"instock","bundle_stock_quantity":null,"bundle_virtual":false,"bundle_layout":"","bundle_add_to_cart_form_location":"","bundle_editable_in_cart":false,"bundle_sold_individually_context":"","bundle_item_grouping":"","bundle_min_size":"","bundle_max_size":"","bundle_price":[],"bundled_items":[],"bundle_sell_ids":[],"jetpack_publicize_connections":[],"jetpack_sharing_enabled":true,"_links":{"self":[{"href":"https:\/\/saltisimo.com\/fr_fr\/wp-json\/wp\/v2\/product\/753","targetHints":{"allow":["GET"]}}],"collection":[{"href":"https:\/\/saltisimo.com\/fr_fr\/wp-json\/wp\/v2\/product"}],"about":[{"href":"https:\/\/saltisimo.com\/fr_fr\/wp-json\/wp\/v2\/types\/product"}],"replies":[{"embeddable":true,"href":"https:\/\/saltisimo.com\/fr_fr\/wp-json\/wp\/v2\/comments?post=753"}],"wp:featuredmedia":[{"embeddable":true,"href":"https:\/\/saltisimo.com\/fr_fr\/wp-json\/wp\/v2\/media\/2254"}],"wp:attachment":[{"href":"https:\/\/saltisimo.com\/fr_fr\/wp-json\/wp\/v2\/media?parent=753"}],"wp:term":[{"taxonomy":"product_brand","embeddable":true,"href":"https:\/\/saltisimo.com\/fr_fr\/wp-json\/wp\/v2\/product_brand?post=753"},{"taxonomy":"product_cat","embeddable":true,"href":"https:\/\/saltisimo.com\/fr_fr\/wp-json\/wp\/v2\/product_cat?post=753"},{"taxonomy":"product_tag","embeddable":true,"href":"https:\/\/saltisimo.com\/fr_fr\/wp-json\/wp\/v2\/product_tag?post=753"}],"curies":[{"name":"wp","href":"https:\/\/api.w.org\/{rel}","templated":true}]}}