{"id":3,"date":"2020-09-07T12:11:16","date_gmt":"2020-09-07T10:11:16","guid":{"rendered":"http:\/\/saltisimo.com\/?page_id=3"},"modified":"2024-02-09T11:13:39","modified_gmt":"2024-02-09T11:13:39","slug":"informativa-sulla-privacy","status":"publish","type":"page","link":"https:\/\/saltisimo.com\/it\/informativa-sulla-privacy\/","title":{"rendered":"Informazioni legali"},"content":{"rendered":"<div data-elementor-type=\"wp-page\" data-elementor-id=\"3\" class=\"elementor elementor-3\" data-elementor-post-type=\"page\">\n\t\t\t\t\t\t<section class=\"elementor-section elementor-top-section elementor-element elementor-element-13f92287 elementor-section-height-min-height elementor-section-items-stretch elementor-section-boxed elementor-section-height-default\" data-id=\"13f92287\" data-element_type=\"section\" data-e-type=\"section\" data-settings=\"{&quot;background_background&quot;:&quot;classic&quot;}\">\n\t\t\t\t\t\t\t<div class=\"elementor-background-overlay\"><\/div>\n\t\t\t\t\t\t\t<div class=\"elementor-container elementor-column-gap-default\">\n\t\t\t\t\t<div class=\"elementor-column elementor-col-100 elementor-top-column elementor-element elementor-element-33e7c7ea\" data-id=\"33e7c7ea\" data-element_type=\"column\" data-e-type=\"column\">\n\t\t\t<div class=\"elementor-widget-wrap elementor-element-populated\">\n\t\t\t\t\t\t<section class=\"elementor-section elementor-inner-section elementor-element elementor-element-3452821d elementor-section-full_width elementor-section-height-default elementor-section-height-default\" data-id=\"3452821d\" data-element_type=\"section\" data-e-type=\"section\">\n\t\t\t\t\t\t<div class=\"elementor-container elementor-column-gap-default\">\n\t\t\t\t\t<div class=\"elementor-column elementor-col-50 elementor-inner-column elementor-element elementor-element-695a6a76\" data-id=\"695a6a76\" data-element_type=\"column\" data-e-type=\"column\">\n\t\t\t<div class=\"elementor-widget-wrap\">\n\t\t\t\t\t\t\t<\/div>\n\t\t<\/div>\n\t\t\t\t<div class=\"elementor-column elementor-col-50 elementor-inner-column elementor-element elementor-element-2a812d13\" data-id=\"2a812d13\" data-element_type=\"column\" data-e-type=\"column\">\n\t\t\t<div class=\"elementor-widget-wrap elementor-element-populated\">\n\t\t\t\t\t\t<div class=\"elementor-element elementor-element-66ae46b6 elementor-widget elementor-widget-heading\" data-id=\"66ae46b6\" data-element_type=\"widget\" data-e-type=\"widget\" data-widget_type=\"heading.default\">\n\t\t\t\t<div class=\"elementor-widget-container\">\n\t\t\t\t\t<h2 class=\"elementor-heading-title elementor-size-default\">Informazioni legali<\/h2>\t\t\t\t<\/div>\n\t\t\t\t<\/div>\n\t\t\t\t\t<\/div>\n\t\t<\/div>\n\t\t\t\t\t<\/div>\n\t\t<\/section>\n\t\t\t\t\t<\/div>\n\t\t<\/div>\n\t\t\t\t\t<\/div>\n\t\t<\/section>\n\t\t\t\t<section class=\"elementor-section elementor-top-section elementor-element elementor-element-45d3951d elementor-section-boxed elementor-section-height-default elementor-section-height-default\" data-id=\"45d3951d\" data-element_type=\"section\" data-e-type=\"section\" data-settings=\"{&quot;background_background&quot;:&quot;classic&quot;}\">\n\t\t\t\t\t\t\t<div class=\"elementor-background-overlay\"><\/div>\n\t\t\t\t\t\t\t<div class=\"elementor-container elementor-column-gap-default\">\n\t\t\t\t\t<div class=\"elementor-column elementor-col-100 elementor-top-column elementor-element elementor-element-6f7aecce\" data-id=\"6f7aecce\" data-element_type=\"column\" data-e-type=\"column\" data-settings=\"{&quot;background_background&quot;:&quot;classic&quot;}\">\n\t\t\t<div class=\"elementor-widget-wrap elementor-element-populated\">\n\t\t\t\t\t\t<section class=\"elementor-section elementor-inner-section elementor-element elementor-element-658b3bc3 elementor-section-height-min-height elementor-section-full_width elementor-section-height-default\" data-id=\"658b3bc3\" data-element_type=\"section\" data-e-type=\"section\" data-settings=\"{&quot;shape_divider_top&quot;:&quot;split&quot;,&quot;shape_divider_bottom&quot;:&quot;split&quot;,&quot;background_background&quot;:&quot;gradient&quot;}\">\n\t\t\t\t\t<div class=\"elementor-shape elementor-shape-top\" aria-hidden=\"true\" data-negative=\"false\">\n\t\t\t<svg xmlns=\"http:\/\/www.w3.org\/2000\/svg\" viewbox=\"0 0 1000 20\" preserveaspectratio=\"none\">\n\t<path class=\"elementor-shape-fill\" d=\"M0,0v3c0,0,393.8,0,483.4,0c9.2,0,16.6,7.4,16.6,16.6c0-9.1,7.4-16.6,16.6-16.6C606.2,3,1000,3,1000,3V0H0z\"\/>\n<\/svg>\t\t<\/div>\n\t\t\t\t<div class=\"elementor-shape elementor-shape-bottom\" aria-hidden=\"true\" data-negative=\"false\">\n\t\t\t<svg xmlns=\"http:\/\/www.w3.org\/2000\/svg\" viewbox=\"0 0 1000 20\" preserveaspectratio=\"none\">\n\t<path class=\"elementor-shape-fill\" d=\"M0,0v3c0,0,393.8,0,483.4,0c9.2,0,16.6,7.4,16.6,16.6c0-9.1,7.4-16.6,16.6-16.6C606.2,3,1000,3,1000,3V0H0z\"\/>\n<\/svg>\t\t<\/div>\n\t\t\t\t\t<div class=\"elementor-container elementor-column-gap-wider\">\n\t\t\t\t\t<div class=\"elementor-column elementor-col-50 elementor-inner-column elementor-element elementor-element-26a4ae58\" data-id=\"26a4ae58\" data-element_type=\"column\" data-e-type=\"column\" data-settings=\"{&quot;background_background&quot;:&quot;classic&quot;}\">\n\t\t\t<div class=\"elementor-widget-wrap elementor-element-populated\">\n\t\t\t\t\t\t<div class=\"elementor-element elementor-element-cc7d46f elementor-widget elementor-widget-spacer\" data-id=\"cc7d46f\" data-element_type=\"widget\" data-e-type=\"widget\" data-widget_type=\"spacer.default\">\n\t\t\t\t<div class=\"elementor-widget-container\">\n\t\t\t\t\t\t\t<div class=\"elementor-spacer\">\n\t\t\t<div class=\"elementor-spacer-inner\"><\/div>\n\t\t<\/div>\n\t\t\t\t\t\t<\/div>\n\t\t\t\t<\/div>\n\t\t\t\t\t<\/div>\n\t\t<\/div>\n\t\t\t\t<div class=\"elementor-column elementor-col-50 elementor-inner-column elementor-element elementor-element-272309c3\" data-id=\"272309c3\" data-element_type=\"column\" data-e-type=\"column\" data-settings=\"{&quot;background_background&quot;:&quot;classic&quot;}\">\n\t\t\t<div class=\"elementor-widget-wrap elementor-element-populated\">\n\t\t\t\t\t\t<div class=\"elementor-element elementor-element-65b65ff3 elementor-widget elementor-widget-text-editor\" data-id=\"65b65ff3\" data-element_type=\"widget\" data-e-type=\"widget\" data-widget_type=\"text-editor.default\">\n\t\t\t\t<div class=\"elementor-widget-container\">\n\t\t\t\t\t\t\t\t\t<div class=\"nv-single-page-wrap col\"><div class=\"nv-content-wrap entry-content\"><h2>Chi siamo?<\/h2><p>Siete attualmente collegati al sito SaltiSimo.com, pubblicato da\u00a0<\/p><p><strong>D.F.O.A. CONSULTING, LDA<\/strong><\/p><p><strong>NIPC: 513288759<\/strong><\/p><p><strong>Indirizzo: rua Gaspar Corte Real ,301 - 3885-580 Esmoriz Portugal.<\/strong><\/p><h3>Protezione della propriet\u00e0 intellettuale<\/h3><p>Tutti i contenuti del sito\u00a0<a href=\"https:\/\/saltisimo.com\/it\/\" target=\"_blank\" rel=\"noopener\">www.saltisimo.com<\/a>\u00a0immagini e foto \u00e8 protetto da diritti di propriet\u00e0 intellettuale. La riproduzione totale o parziale di qualsiasi elemento del nostro sito \u00e8 severamente vietata senza il preventivo consenso scritto del responsabile dell'azienda.<\/p><h3>Informazioni sui cookie<\/h3><p>Quando si consulta il nostro sito <strong>www.saltisimo.com<\/strong>I cookie vengono inseriti nel computer, nel telefono cellulare o nel tablet dell'utente. Il nostro sito \u00e8 stato progettato per essere particolarmente attento alle esigenze e alle aspettative dei nostri clienti. Questo \u00e8 uno dei motivi per cui utilizziamo i cookie, ad esempio per identificarvi e accedere al vostro account, gestire il vostro carrello degli ordini, ricordare le vostre visite e personalizzare le offerte che vi proponiamo.<\/p><h3>Che cos'\u00e8 un biscotto?<\/h3><p>Un cookie \u00e8 un piccolo file di testo collocato sul vostro computer quando visitate un sito o visualizzate una pubblicit\u00e0. Il loro scopo principale \u00e8 quello di raccogliere informazioni sulla vostra navigazione sui siti e di fornirvi servizi personalizzati.<\/p><p>I cookie sono gestiti sul vostro computer dal vostro browser web.<\/p><h3>Diversi tipi di cookie<\/h3><p>Sui nostri siti vengono utilizzati diversi tipi di cookie per scopi diversi. Alcuni sono necessari per l'utilizzo del nostro sito.<\/p><p><strong>Cookie strettamente necessari :<\/strong><\/p><p>Essi consentono di utilizzare le funzioni principali del nostro sito (ad esempio, l'utilizzo del carrello della spesa o l'accesso al proprio account). Senza questi cookie, non sarete in grado di utilizzare normalmente i nostri siti.<br \/>Si tratta di cookie inseriti da <strong>www.saltisimo.com<\/strong>.<\/p><p><strong>Cookie analitici<\/strong><\/p><p>Ci permettono di monitorare l'utilizzo e le prestazioni del nostro sito e di migliorarne il funzionamento (ad esempio, le pagine pi\u00f9 consultate, le ricerche degli utenti nel motore di ricerca, ecc.)<br \/>Si tratta di cookie inseriti da Google.<\/p><p><strong>Cookie pubblicitari<\/strong><\/p><p>I nostri siti web non contengono cookie pubblicitari.<\/p><\/div><\/div><div class=\"nv-sidebar-wrap col-sm-12 nv-right blog-sidebar\"><aside id=\"secondary\" role=\"complementary\"><div id=\"custom_html-5\" class=\"widget_text widget widget_custom_html\">\u00a0<\/div><div id=\"custom_html-7\" class=\"widget_text widget widget_custom_html\"><div class=\"textwidget custom-html-widget\"><form id=\"mc4wp-form-2\" class=\"mc4wp-form mc4wp-form-4270 mc4wp-form-theme mc4wp-form-theme-red\" method=\"post\" data-id=\"4270\" data-name=\"\" action=\"\"><div class=\"mc4wp-form-fields\">\u00a0<\/div><input type=\"hidden\" name=\"trp-form-language\" value=\"it\"\/><\/form><\/div><\/div><\/aside><\/div>\t\t\t\t\t\t\t\t<\/div>\n\t\t\t\t<\/div>\n\t\t\t\t\t<\/div>\n\t\t<\/div>\n\t\t\t\t\t<\/div>\n\t\t<\/section>\n\t\t\t\t\t<\/div>\n\t\t<\/div>\n\t\t\t\t\t<\/div>\n\t\t<\/section>\n\t\t\t\t<section class=\"elementor-section elementor-top-section elementor-element elementor-element-79741bb5 elementor-section-boxed elementor-section-height-default elementor-section-height-default\" data-id=\"79741bb5\" data-element_type=\"section\" data-e-type=\"section\" data-settings=\"{&quot;background_background&quot;:&quot;classic&quot;,&quot;shape_divider_top&quot;:&quot;book&quot;,&quot;shape_divider_top_negative&quot;:&quot;yes&quot;}\">\n\t\t\t\t\t<div class=\"elementor-shape elementor-shape-top\" aria-hidden=\"true\" data-negative=\"true\">\n\t\t\t<svg xmlns=\"http:\/\/www.w3.org\/2000\/svg\" viewbox=\"0 0 1000 100\" preserveaspectratio=\"none\">\n\t<path class=\"elementor-shape-fill\" d=\"M806,94.7C619.5,90,500,20.3,500,1.7c-1,18.6-117.5,88.3-306,93C92,97.2,0,97.9,0,97.9v-0l0,0v2.3h1000v-2.3 C1000,97.7,920.3,97.6,806,94.7z M350,65.1L350,65.1L350,65.1L350,65.1z\"\/>\n<\/svg>\n\t\t<\/div>\n\t\t\t\t\t<div class=\"elementor-container elementor-column-gap-default\">\n\t\t\t\t\t<div class=\"elementor-column elementor-col-100 elementor-top-column elementor-element elementor-element-4db2e4b4\" data-id=\"4db2e4b4\" data-element_type=\"column\" data-e-type=\"column\">\n\t\t\t<div class=\"elementor-widget-wrap\">\n\t\t\t\t\t\t\t<\/div>\n\t\t<\/div>\n\t\t\t\t\t<\/div>\n\t\t<\/section>\n\t\t\t\t<\/div>","protected":false},"excerpt":{"rendered":"<p>Informazioni legali Chi siamo? Siete attualmente collegati al sito web SaltiSimo.com, pubblicato da D.F.O.A. CONSULTING, LDA NIPC: 513288759 Indirizzo: ...<\/p>","protected":false},"author":1,"featured_media":0,"parent":0,"menu_order":0,"comment_status":"closed","ping_status":"closed","template":"","meta":{"footnotes":""},"class_list":["post-3","page","type-page","status-publish","hentry"],"jetpack_sharing_enabled":true,"_links":{"self":[{"href":"https:\/\/saltisimo.com\/it\/wp-json\/wp\/v2\/pages\/3","targetHints":{"allow":["GET"]}}],"collection":[{"href":"https:\/\/saltisimo.com\/it\/wp-json\/wp\/v2\/pages"}],"about":[{"href":"https:\/\/saltisimo.com\/it\/wp-json\/wp\/v2\/types\/page"}],"author":[{"embeddable":true,"href":"https:\/\/saltisimo.com\/it\/wp-json\/wp\/v2\/users\/1"}],"replies":[{"embeddable":true,"href":"https:\/\/saltisimo.com\/it\/wp-json\/wp\/v2\/comments?post=3"}],"version-history":[{"count":0,"href":"https:\/\/saltisimo.com\/it\/wp-json\/wp\/v2\/pages\/3\/revisions"}],"wp:attachment":[{"href":"https:\/\/saltisimo.com\/it\/wp-json\/wp\/v2\/media?parent=3"}],"curies":[{"name":"wp","href":"https:\/\/api.w.org\/{rel}","templated":true}]}}