{"id":1274,"date":"2021-01-20T10:23:03","date_gmt":"2021-01-20T10:23:03","guid":{"rendered":"https:\/\/saltisimo.com\/?post_type=product&#038;p=1274"},"modified":"2025-09-22T15:30:16","modified_gmt":"2025-09-22T14:30:16","slug":"chiodi-di-garofano-di-sale-grosso","status":"publish","type":"product","link":"https:\/\/saltisimo.com\/it\/prodotto\/chiodi-di-garofano-di-sale-grosso\/","title":{"rendered":"Sale ai chiodi di garofano"},"content":{"rendered":"<h2><strong>Sale di chiodi di garofano, il<\/strong>l'ingrediente segreto delle vostre salse e dei vostri piatti<\/h2>\n<p>Siete alla ricerca di un ingrediente eccezionale per arricchire le vostre salse e i vostri piatti? Non cercate oltre! SaltiSimo \u00e8 la risposta alle vostre pi\u00f9 alte aspettative in termini di sapore e qualit\u00e0.<\/p>\n<h3><strong>Una fusione di elevazione e spezie raffinate<\/strong>:<\/h3>\n<p>Il nostro condimento \u00e8 un'opera d'arte culinaria che combina la robustezza dell'oro bianco di Aveiro con il sapore nobile delle violette, del pepe bianco, dell'aglio disidratato e di un tocco sottile di chiodi di garofano. Questi cinque ingredienti formano una potente alleanza, pronta a esaltare le vostre salse e i vostri piatti. Lasciatevi incantare dall'armonia di spezie raffinate che si rivela in ogni chicco di questo eccezionale condimento.<\/p>\n<h3><strong>Semplificate la cottura con i nostri condimenti aromatizzati<\/strong>:<\/h3>\n<p>Sono finiti i tempi in cui dovevate cercare in cucina una moltitudine di condimenti. Il nostro condimento \u00e8 stato progettato per semplificare la vostra esperienza culinaria. A volte basta un cucchiaio del nostro condimento per trasportarvi tra sapori e spezie.<\/p>\n<h3><strong>Preservare la freschezza e la ricchezza dei sapori<\/strong>:<\/h3>\n<p>Ci impegniamo a mantenere alta la qualit\u00e0 dei nostri condimenti. Ogni prodotto viene consegnato in confezioni sigillate ermeticamente per garantire freschezza e ricchezza di sapore. Per una conservazione ottimale, vi consigliamo di trasferire i nostri condimenti in un contenitore opaco.<\/p>\n<h3><strong>Uso versatile<\/strong>:<\/h3>\n<p>I prodotti SaltiSimo offrono una versatilit\u00e0 eccezionale. Potete usarli cos\u00ec come sono per aggiungere un tocco di eleganza ai vostri piatti, oppure macinarli con un macinaspezie per controllare la quantit\u00e0 di condimento e liberare gli aromi delle spezie non tritate. Qualunque sia la vostra scelta, sarete entusiasti del modo in cui esalteranno le vostre creazioni culinarie.<\/p>\n<p>Regalate alle vostre papille gustative un'esperienza di sapore unica con il nostro condimento ad alto contenuto di chiodi di garofano. Riscoprite la magia della cucina con questa miscela raffinata che promette di portare ogni piatto a un livello superiore.<\/p>\n<p style=\"text-align: center;\"><strong>Lasciatevi tentare dall'eccellenza culinaria, ordinate subito il vostro sale SaltiSimo e trasformate i vostri pasti in un'esperienza memorabile.<\/strong><\/p>","protected":false},"excerpt":{"rendered":"<p>Sale con chiodi di garofano, l'ingrediente segreto dei vostri piatti, una sottile fusione di spezie raffinate per esaltare le vostre creazioni culinarie.<\/p>","protected":false},"featured_media":1279,"comment_status":"open","ping_status":"closed","template":"","meta":{"jetpack_publicize_message":"Gros sel sp\u00e9cial b\u00e9chamel","jetpack_publicize_feature_enabled":true,"jetpack_social_post_already_shared":true,"jetpack_social_options":{"image_generator_settings":{"template":"highway","default_image_id":0,"font":"","enabled":false},"version":2}},"product_brand":[],"product_cat":[17,54],"product_tag":[24],"class_list":{"0":"post-1274","1":"product","2":"type-product","3":"status-publish","4":"has-post-thumbnail","6":"product_cat-sel-aromatique-du-portugal","7":"product_cat-gros-sel-aromatique","8":"product_tag-gros-sel","10":"first","11":"instock","12":"taxable","13":"shipping-taxable","14":"purchasable","15":"product-type-simple"},"bundled_by":["3584"],"bundle_stock_status":"instock","bundle_stock_quantity":null,"bundle_virtual":false,"bundle_layout":"","bundle_add_to_cart_form_location":"","bundle_editable_in_cart":false,"bundle_sold_individually_context":"","bundle_item_grouping":"","bundle_min_size":"","bundle_max_size":"","bundle_price":[],"bundled_items":[],"bundle_sell_ids":[],"jetpack_publicize_connections":[],"jetpack_sharing_enabled":true,"_links":{"self":[{"href":"https:\/\/saltisimo.com\/it\/wp-json\/wp\/v2\/product\/1274","targetHints":{"allow":["GET"]}}],"collection":[{"href":"https:\/\/saltisimo.com\/it\/wp-json\/wp\/v2\/product"}],"about":[{"href":"https:\/\/saltisimo.com\/it\/wp-json\/wp\/v2\/types\/product"}],"replies":[{"embeddable":true,"href":"https:\/\/saltisimo.com\/it\/wp-json\/wp\/v2\/comments?post=1274"}],"wp:featuredmedia":[{"embeddable":true,"href":"https:\/\/saltisimo.com\/it\/wp-json\/wp\/v2\/media\/1279"}],"wp:attachment":[{"href":"https:\/\/saltisimo.com\/it\/wp-json\/wp\/v2\/media?parent=1274"}],"wp:term":[{"taxonomy":"product_brand","embeddable":true,"href":"https:\/\/saltisimo.com\/it\/wp-json\/wp\/v2\/product_brand?post=1274"},{"taxonomy":"product_cat","embeddable":true,"href":"https:\/\/saltisimo.com\/it\/wp-json\/wp\/v2\/product_cat?post=1274"},{"taxonomy":"product_tag","embeddable":true,"href":"https:\/\/saltisimo.com\/it\/wp-json\/wp\/v2\/product_tag?post=1274"}],"curies":[{"name":"wp","href":"https:\/\/api.w.org\/{rel}","templated":true}]}}