{"id":151,"date":"2020-09-28T12:15:07","date_gmt":"2020-09-28T11:15:07","guid":{"rendered":"https:\/\/saltisimo.com\/?post_type=product&#038;p=151"},"modified":"2024-05-02T13:59:12","modified_gmt":"2024-05-02T12:59:12","slug":"sale-grosso-di-porto-2","status":"publish","type":"product","link":"https:\/\/saltisimo.com\/it\/prodotto\/sale-grosso-di-porto-2\/","title":{"rendered":"Sale del porto"},"content":{"rendered":"<h2><strong>Sale del porto<\/strong>una combinazione di sapori autentici<\/h2>\n<p>Siete alla ricerca di un ingrediente eccezionale per arricchire le vostre creazioni culinarie? Non cercate oltre! Il nostro condimento \u00e8 la risposta alle vostre aspettative pi\u00f9 esigenti in termini di sapore e qualit\u00e0.<\/p>\n<h3><strong>Un mix di elevazione e autenticit\u00e0<\/strong>:<\/h3>\n<p>Il nostro condimento \u00e8 una vera e propria opera d'arte culinaria, che combina la potenza del nostro oro bianco di Aveiro con il nobile sapore delle violette, aggiungendo il tocco distintivo della <strong>\"manjeric\u00e3o<\/strong> l'emblematico San Giovanni, patrono di Porto, e la freschezza del limone. Questa fusione di sapori crea una combinazione impareggiabile pronta a valorizzare qualsiasi piatto. Lasciatevi trasportare dall'armonia di sapori autentici che danzano in ogni granello di questo eccezionale condimento.<\/p>\n<h2><strong>Rendete pi\u00f9 facili le vostre creazioni culinarie con i nostri condimenti aromatizzati<\/strong>:<\/h2>\n<p>Sono finiti i tempi in cui si doveva rovistare in cucina alla ricerca di una moltitudine di condimenti. Il nostro condimento \u00e8 stato progettato per semplificare la vostra esperienza culinaria. A volte basta anche solo un cucchiaio del nostro condimento per farvi fare un viaggio tra sapori e spezie.<\/p>\n<h3><strong>Preservare la freschezza e l'intensit\u00e0 degli aromi<\/strong>:<\/h3>\n<p>Ci impegniamo a mantenere la qualit\u00e0 superiore del nostro condimento. Ogni prodotto viene consegnato in confezioni ermeticamente chiuse per garantire la freschezza e l'intensit\u00e0 dei suoi sapori autentici. Per una conservazione ottimale, vi consigliamo di trasferire il nostro condimento in un contenitore opaco.<\/p>\n<h3><strong>Utilizzo versatile per le vostre creazioni culinarie<\/strong>:<\/h3>\n<p>I prodotti SaltiSimo offrono una notevole versatilit\u00e0. Potete usarli cos\u00ec come sono per aggiungere un tocco di eleganza ai vostri piatti, oppure macinarli con un macinaspezie per controllare la quantit\u00e0 di condimento e liberare gli aromi delle spezie non tritate. Qualunque sia la vostra scelta, sarete entusiasti del modo in cui esalteranno le vostre creazioni culinarie.<\/p>\n<p style=\"text-align: center;\"><strong>Regalate alle vostre papille gustative un'esperienza di sapore unica con il nostro Sale del Porto. Riscoprite la magia della cucina con questa miscela autentica che promette di portare ogni piatto a un livello superiore.<\/strong><\/p>","protected":false},"excerpt":{"rendered":"<p>Scoprite il nostro Sale del Porto, l'ingrediente segreto che esalta istantaneamente i vostri piatti. Una fusione audace di sapori autentici.<\/p>","protected":false},"featured_media":687,"comment_status":"open","ping_status":"closed","template":"","meta":{"jetpack_publicize_message":"","jetpack_publicize_feature_enabled":true,"jetpack_social_post_already_shared":false,"jetpack_social_options":{"image_generator_settings":{"template":"highway","default_image_id":0,"font":"","enabled":false},"version":2}},"product_brand":[],"product_cat":[17,54],"product_tag":[47,33,24,35,34],"class_list":{"0":"post-151","1":"product","2":"type-product","3":"status-publish","4":"has-post-thumbnail","6":"product_cat-sel-aromatique-du-portugal","7":"product_cat-gros-sel-aromatique","8":"product_tag-ail","9":"product_tag-citron","10":"product_tag-gros-sel","11":"product_tag-herbe-de-provence","12":"product_tag-poivre","14":"first","15":"instock","16":"taxable","17":"shipping-taxable","18":"purchasable","19":"product-type-simple"},"bundled_by":[],"bundle_stock_status":"instock","bundle_stock_quantity":null,"bundle_virtual":false,"bundle_layout":"","bundle_add_to_cart_form_location":"","bundle_editable_in_cart":false,"bundle_sold_individually_context":"","bundle_item_grouping":"","bundle_min_size":"","bundle_max_size":"","bundle_price":[],"bundled_items":[],"bundle_sell_ids":[],"jetpack_publicize_connections":[],"jetpack_sharing_enabled":true,"_links":{"self":[{"href":"https:\/\/saltisimo.com\/it\/wp-json\/wp\/v2\/product\/151","targetHints":{"allow":["GET"]}}],"collection":[{"href":"https:\/\/saltisimo.com\/it\/wp-json\/wp\/v2\/product"}],"about":[{"href":"https:\/\/saltisimo.com\/it\/wp-json\/wp\/v2\/types\/product"}],"replies":[{"embeddable":true,"href":"https:\/\/saltisimo.com\/it\/wp-json\/wp\/v2\/comments?post=151"}],"wp:featuredmedia":[{"embeddable":true,"href":"https:\/\/saltisimo.com\/it\/wp-json\/wp\/v2\/media\/687"}],"wp:attachment":[{"href":"https:\/\/saltisimo.com\/it\/wp-json\/wp\/v2\/media?parent=151"}],"wp:term":[{"taxonomy":"product_brand","embeddable":true,"href":"https:\/\/saltisimo.com\/it\/wp-json\/wp\/v2\/product_brand?post=151"},{"taxonomy":"product_cat","embeddable":true,"href":"https:\/\/saltisimo.com\/it\/wp-json\/wp\/v2\/product_cat?post=151"},{"taxonomy":"product_tag","embeddable":true,"href":"https:\/\/saltisimo.com\/it\/wp-json\/wp\/v2\/product_tag?post=151"}],"curies":[{"name":"wp","href":"https:\/\/api.w.org\/{rel}","templated":true}]}}