{"id":155,"date":"2020-09-28T12:19:20","date_gmt":"2020-09-28T11:19:20","guid":{"rendered":"https:\/\/saltisimo.com\/?post_type=product&#038;p=155"},"modified":"2025-09-22T15:47:44","modified_gmt":"2025-09-22T14:47:44","slug":"sale-per-grigliate-aveiro-2","status":"publish","type":"product","link":"https:\/\/saltisimo.com\/it\/prodotto\/sale-per-grigliate-aveiro-2\/","title":{"rendered":"Sale per grigliate"},"content":{"rendered":"<h2><strong>Sale per grigliate<\/strong>un'audace fusione di aromi<\/h2>\n<p>Siete alla ricerca di un ingrediente eccezionale per esaltare i vostri piatti alla griglia? Non cercate oltre! Il nostro condimento per grigliate \u00e8 la risposta alle vostre aspettative pi\u00f9 esigenti in termini di sapore e qualit\u00e0.<\/p>\n<h3><strong>Un mix di elevazione e raffinatezza<\/strong>:<\/h3>\n<p>Il nostro condimento per grigliate \u00e8 una creazione culinaria che combina la potenza del minerale di Aveiro con la nobilt\u00e0 della viola, unita alle erbe di Provenza, al forte pepe bianco e a una squisita selezione di spezie ed erbe aromatiche. Questa combinazione forma un'alleanza incomparabile, pronta a sublimare ogni boccone della vostra carne alla griglia. Lasciatevi trasportare dall'armonia di sapori che danzano in ogni granello di questo eccezionale condimento.<\/p>\n<h3><strong>Semplificate la cottura con i nostri condimenti aromatizzati<\/strong>:<\/h3>\n<p>Sono finiti i tempi in cui dovevate cercare in cucina una moltitudine di condimenti. Il nostro condimento per grigliate \u00e8 stato progettato per semplificare la vostra esperienza culinaria. A volte basta un cucchiaio del nostro condimento per farvi fare un viaggio tra sapori e spezie.<\/p>\n<h3><strong>Preservare la freschezza e la ricchezza dei sapori<\/strong>:<\/h3>\n<p>Ci impegniamo a mantenere la qualit\u00e0 superiore dei nostri condimenti per grigliate. Ogni prodotto viene consegnato in confezioni sigillate ermeticamente per garantire freschezza e ricchezza di sapore. Per una conservazione ottimale, vi consigliamo di trasferire il nostro condimento in un contenitore opaco.<\/p>\n<h3><strong>Utilizzo versatile per le vostre griglie<\/strong>:<\/h3>\n<p>I prodotti SaltiSimo possono essere utilizzati in diversi modi. Potete usarli cos\u00ec come sono per aggiungere un tocco di eleganza alle vostre grigliate, oppure macinarli con un macinaspezie per controllare la quantit\u00e0 di condimento e liberare gli aromi delle spezie non tritate. Qualunque sia la vostra scelta, sarete entusiasti del modo in cui esalteranno i vostri piatti alla griglia.<\/p>\n<p>Concedete alle vostre papille gustative un'esperienza di sapore unica con il nostro condimento per grigliate. Riscoprite la magia delle grigliate con questa miscela raffinata che promette di portare ogni barbecue a un livello superiore.<\/p>\n<p>Lasciatevi tentare dall'eccellenza culinaria, ordinate subito il vostro sale da griglia e trasformate i vostri pasti in un'esperienza memorabile.<\/p>","protected":false},"excerpt":{"rendered":"<p>Scoprite il nostro condimento per grigliate, un'audace fusione di sapori che esalta i vostri piatti alla griglia in un batter d'occhio. Un condimento irresistibile per un barbecue di successo.<\/p>","protected":false},"featured_media":2277,"comment_status":"open","ping_status":"closed","template":"","meta":{"jetpack_publicize_message":"","jetpack_publicize_feature_enabled":true,"jetpack_social_post_already_shared":false,"jetpack_social_options":{"image_generator_settings":{"template":"highway","default_image_id":0,"font":"","enabled":false},"version":2}},"product_brand":[],"product_cat":[17,54],"product_tag":[42,24],"class_list":{"0":"post-155","1":"product","2":"type-product","3":"status-publish","4":"has-post-thumbnail","6":"product_cat-sel-aromatique-du-portugal","7":"product_cat-gros-sel-aromatique","8":"product_tag-grillade","9":"product_tag-gros-sel","11":"first","12":"instock","13":"taxable","14":"shipping-taxable","15":"purchasable","16":"product-type-simple"},"bundled_by":[],"bundle_stock_status":"instock","bundle_stock_quantity":null,"bundle_virtual":false,"bundle_layout":"","bundle_add_to_cart_form_location":"","bundle_editable_in_cart":false,"bundle_sold_individually_context":"","bundle_item_grouping":"","bundle_min_size":"","bundle_max_size":"","bundle_price":[],"bundled_items":[],"bundle_sell_ids":[],"jetpack_publicize_connections":[],"jetpack_sharing_enabled":true,"_links":{"self":[{"href":"https:\/\/saltisimo.com\/it\/wp-json\/wp\/v2\/product\/155","targetHints":{"allow":["GET"]}}],"collection":[{"href":"https:\/\/saltisimo.com\/it\/wp-json\/wp\/v2\/product"}],"about":[{"href":"https:\/\/saltisimo.com\/it\/wp-json\/wp\/v2\/types\/product"}],"replies":[{"embeddable":true,"href":"https:\/\/saltisimo.com\/it\/wp-json\/wp\/v2\/comments?post=155"}],"wp:featuredmedia":[{"embeddable":true,"href":"https:\/\/saltisimo.com\/it\/wp-json\/wp\/v2\/media\/2277"}],"wp:attachment":[{"href":"https:\/\/saltisimo.com\/it\/wp-json\/wp\/v2\/media?parent=155"}],"wp:term":[{"taxonomy":"product_brand","embeddable":true,"href":"https:\/\/saltisimo.com\/it\/wp-json\/wp\/v2\/product_brand?post=155"},{"taxonomy":"product_cat","embeddable":true,"href":"https:\/\/saltisimo.com\/it\/wp-json\/wp\/v2\/product_cat?post=155"},{"taxonomy":"product_tag","embeddable":true,"href":"https:\/\/saltisimo.com\/it\/wp-json\/wp\/v2\/product_tag?post=155"}],"curies":[{"name":"wp","href":"https:\/\/api.w.org\/{rel}","templated":true}]}}