{"id":167,"date":"2020-09-28T12:32:00","date_gmt":"2020-09-28T11:32:00","guid":{"rendered":"https:\/\/saltisimo.com\/?post_type=product&#038;p=167"},"modified":"2025-09-22T15:44:54","modified_gmt":"2025-09-22T14:44:54","slug":"sale-grosso-tex-mex-daveiro-2","status":"publish","type":"product","link":"https:\/\/saltisimo.com\/it\/prodotto\/sale-grosso-tex-mex-daveiro-2\/","title":{"rendered":"Sale Tex-Mex"},"content":{"rendered":"<h2><strong>Sale Tex-Mex di Aveiro, u<\/strong>sinfonia di aromi per esaltare i vostri piatti<\/h2>\n<p>Siete alla ricerca di un ingrediente insolito per elevare le vostre creazioni culinarie? Non cercate oltre! Il nostro sale Tex-Mex di Aveiro \u00e8 la risposta alle vostre pi\u00f9 alte aspettative in termini di sapore e qualit\u00e0.<\/p>\n<h3><strong>Un mix di elevazione e autenticit\u00e0<\/strong>:<\/h3>\n<p>Il nostro condimento \u00e8 un connubio tra l'oro bianco di Aveiro, rinomato per il suo carattere potente, e la nobilt\u00e0 della viola. Questa base \u00e8 sapientemente combinata con paprika piccante, pepe bianco sottile e una selezione accurata di spezie ed erbe aromatiche. Questa fusione crea una combinazione di sapori potente e vincente, pronta a valorizzare qualsiasi piatto.<\/p>\n<h3><strong>Semplificate la cottura con i nostri condimenti aromatizzati<\/strong>:<\/h3>\n<p>Dimenticate i giorni in cui dovevate rovistare in cucina alla ricerca di una moltitudine di condimenti. Il nostro prodotto \u00e8 stato appositamente studiato per semplificare la vostra esperienza culinaria. A volte basta un cucchiaio del nostro condimento per farvi viaggiare attraverso una tavolozza di sapori e spezie.<\/p>\n<h3><strong>Preservare la freschezza e l'intensit\u00e0 degli aromi<\/strong>:<\/h3>\n<p>Ci impegniamo a mantenere la qualit\u00e0 superiore del nostro condimento. Ogni prodotto \u00e8 accuratamente confezionato in un contenitore ermetico per garantire la freschezza e l'intensit\u00e0 dei sapori. Per una conservazione ottimale, vi consigliamo di trasferire il nostro condimento in un contenitore opaco.<\/p>\n<h3><strong>Utilizzo versatile per esaltare al meglio i vostri piatti<\/strong>:<\/h3>\n<p>I prodotti SaltiSimo sono straordinariamente versatili. Potete usarli cos\u00ec come sono per aggiungere un tocco di eleganza ai vostri piatti, oppure macinarli con un macinaspezie per controllare la quantit\u00e0 di condimento e liberare gli aromi delle spezie non tritate. Qualunque sia la vostra scelta, sarete entusiasti del modo in cui esalter\u00e0 le vostre creazioni culinarie.<\/p>\n<p style=\"text-align: center;\"><strong>Lasciatevi tentare dall'eccellenza gastronomica, ordinate subito il vostro sale SaltiSimo e trasformate i vostri pasti in un'esperienza memorabile.<\/strong><\/p>","protected":false},"excerpt":{"rendered":"<p>Scoprite il nostro sale Tex-Mex, un'audace fusione di sapori per esaltare i vostri piatti con facilit\u00e0.<\/p>","protected":false},"featured_media":682,"comment_status":"open","ping_status":"closed","template":"","meta":{"jetpack_publicize_message":"","jetpack_publicize_feature_enabled":true,"jetpack_social_post_already_shared":false,"jetpack_social_options":{"image_generator_settings":{"template":"highway","default_image_id":0,"font":"","enabled":false},"version":2}},"product_brand":[],"product_cat":[17,54],"product_tag":[24,41,40],"class_list":{"0":"post-167","1":"product","2":"type-product","3":"status-publish","4":"has-post-thumbnail","6":"product_cat-sel-aromatique-du-portugal","7":"product_cat-gros-sel-aromatique","8":"product_tag-gros-sel","9":"product_tag-paprika","10":"product_tag-tex-mex","12":"first","13":"instock","14":"taxable","15":"shipping-taxable","16":"purchasable","17":"product-type-simple"},"bundled_by":["3584"],"bundle_stock_status":"instock","bundle_stock_quantity":null,"bundle_virtual":false,"bundle_layout":"","bundle_add_to_cart_form_location":"","bundle_editable_in_cart":false,"bundle_sold_individually_context":"","bundle_item_grouping":"","bundle_min_size":"","bundle_max_size":"","bundle_price":[],"bundled_items":[],"bundle_sell_ids":[],"jetpack_publicize_connections":[],"jetpack_sharing_enabled":true,"_links":{"self":[{"href":"https:\/\/saltisimo.com\/it\/wp-json\/wp\/v2\/product\/167","targetHints":{"allow":["GET"]}}],"collection":[{"href":"https:\/\/saltisimo.com\/it\/wp-json\/wp\/v2\/product"}],"about":[{"href":"https:\/\/saltisimo.com\/it\/wp-json\/wp\/v2\/types\/product"}],"replies":[{"embeddable":true,"href":"https:\/\/saltisimo.com\/it\/wp-json\/wp\/v2\/comments?post=167"}],"wp:featuredmedia":[{"embeddable":true,"href":"https:\/\/saltisimo.com\/it\/wp-json\/wp\/v2\/media\/682"}],"wp:attachment":[{"href":"https:\/\/saltisimo.com\/it\/wp-json\/wp\/v2\/media?parent=167"}],"wp:term":[{"taxonomy":"product_brand","embeddable":true,"href":"https:\/\/saltisimo.com\/it\/wp-json\/wp\/v2\/product_brand?post=167"},{"taxonomy":"product_cat","embeddable":true,"href":"https:\/\/saltisimo.com\/it\/wp-json\/wp\/v2\/product_cat?post=167"},{"taxonomy":"product_tag","embeddable":true,"href":"https:\/\/saltisimo.com\/it\/wp-json\/wp\/v2\/product_tag?post=167"}],"curies":[{"name":"wp","href":"https:\/\/api.w.org\/{rel}","templated":true}]}}