{"id":172,"date":"2020-09-28T13:46:23","date_gmt":"2020-09-28T12:46:23","guid":{"rendered":"https:\/\/saltisimo.com\/?post_type=product&#038;p=172"},"modified":"2024-05-02T11:44:47","modified_gmt":"2024-05-02T10:44:47","slug":"fleur-de-sel-daveiro-2","status":"publish","type":"product","link":"https:\/\/saltisimo.com\/it\/prodotto\/fleur-de-sel-daveiro-2\/","title":{"rendered":"Fiore di sel"},"content":{"rendered":"<h1><strong>Fiore di sel, u<\/strong>una carezza di purezza salata<\/h1>\n<h2>Che cos'\u00e8 il fiore di sale di Aveiro?<\/h2>\n<p>Il fleur de sel, vero gioiello delle saline, \u00e8 un sottile strato di cristalli bianchi eccezionalmente puri. Si forma naturalmente sulla superficie di queste paludi grazie all'azione evaporativa del vento e all'influenza dell'Oceano Atlantico. I cristalli di Fleur de sel sono generalmente grandi, con dimensioni variabili tra 0 e 4 mm, e la loro consistenza \u00e8 granulare, morbida e leggermente umida al tatto.<\/p>\n<p>La purezza del fleur de sel deriva dal fatto che non viene a contatto con il terreno delle saline, conservando il suo bianco brillante.<\/p>\n<h3><strong>Come lo incorpora nella sua cucina?<\/strong><\/h3>\n<p>Il fiore di sale \u00e8 rinomato per la sua delicatezza e per la sua capacit\u00e0 di esaltare i piatti. A differenza del sale grosso, si scioglie molto rapidamente a contatto con il cibo. Potete aggiungerlo con parsimonia a tutte le vostre preparazioni culinarie, calde o fredde, per arricchire naturalmente i sapori senza sovrastarli.<\/p>\n<h3><strong>Conservazione e utilizzo<\/strong><\/h3>\n<p>Per preservare la freschezza e l'intensit\u00e0 dei suoi aromi, il nostro fleur de sel \u00e8 meticolosamente confezionato in un contenitore ermetico. Quando lo aprite, vi consigliamo di trasferirlo in un contenitore opaco per una conservazione ottimale.<\/p>\n<p>Il fleur de sel \u00e8 eccezionalmente versatile in cucina. Potete usarlo cos\u00ec com'\u00e8 per spolverare sottilmente i vostri piatti prima di servirli, aggiungendo un tocco di eleganza alle vostre creazioni culinarie. Se preferite regolare la quantit\u00e0 di sale, utilizzate un macinino per spezie per tritare il fleur de sel, liberando gli aromi delle spezie non tritate e personalizzando l'intensit\u00e0 del sale in base alle vostre preferenze.<\/p>\n<p>Fleur de Sel \u00e8 un tesoro gustativo che trasformer\u00e0 ogni piatto in un'esperienza indimenticabile. Scoprite la sua eccellenza salata, ordinate subito il Fleur de Sel e arricchite i vostri piatti come mai prima d'ora.<\/p>","protected":false},"excerpt":{"rendered":"<p>Scoprite il Fleur de Sel d'Aveiro, un tocco di purezza salina per esaltare i vostri piatti. Un sottile strato di cristalli bianchi che si forma naturalmente sulla superficie delle saline.<\/p>","protected":false},"featured_media":2248,"comment_status":"open","ping_status":"closed","template":"","meta":{"jetpack_publicize_message":"","jetpack_publicize_feature_enabled":true,"jetpack_social_post_already_shared":false,"jetpack_social_options":{"image_generator_settings":{"template":"highway","default_image_id":0,"font":"","enabled":false},"version":2}},"product_brand":[],"product_cat":[19],"product_tag":[37],"class_list":{"0":"post-172","1":"product","2":"type-product","3":"status-publish","4":"has-post-thumbnail","6":"product_cat-sel-nature-du-portugal","7":"product_tag-fleur-de-sel","9":"first","10":"instock","11":"taxable","12":"shipping-taxable","13":"purchasable","14":"product-type-variable","15":"has-default-attributes"},"bundled_by":["3584"],"bundle_stock_status":"instock","bundle_stock_quantity":null,"bundle_virtual":false,"bundle_layout":"","bundle_add_to_cart_form_location":"","bundle_editable_in_cart":false,"bundle_sold_individually_context":"","bundle_item_grouping":"","bundle_min_size":"","bundle_max_size":"","bundle_price":[],"bundled_items":[],"bundle_sell_ids":[],"jetpack_publicize_connections":[],"jetpack_sharing_enabled":true,"_links":{"self":[{"href":"https:\/\/saltisimo.com\/it\/wp-json\/wp\/v2\/product\/172","targetHints":{"allow":["GET"]}}],"collection":[{"href":"https:\/\/saltisimo.com\/it\/wp-json\/wp\/v2\/product"}],"about":[{"href":"https:\/\/saltisimo.com\/it\/wp-json\/wp\/v2\/types\/product"}],"replies":[{"embeddable":true,"href":"https:\/\/saltisimo.com\/it\/wp-json\/wp\/v2\/comments?post=172"}],"wp:featuredmedia":[{"embeddable":true,"href":"https:\/\/saltisimo.com\/it\/wp-json\/wp\/v2\/media\/2248"}],"wp:attachment":[{"href":"https:\/\/saltisimo.com\/it\/wp-json\/wp\/v2\/media?parent=172"}],"wp:term":[{"taxonomy":"product_brand","embeddable":true,"href":"https:\/\/saltisimo.com\/it\/wp-json\/wp\/v2\/product_brand?post=172"},{"taxonomy":"product_cat","embeddable":true,"href":"https:\/\/saltisimo.com\/it\/wp-json\/wp\/v2\/product_cat?post=172"},{"taxonomy":"product_tag","embeddable":true,"href":"https:\/\/saltisimo.com\/it\/wp-json\/wp\/v2\/product_tag?post=172"}],"curies":[{"name":"wp","href":"https:\/\/api.w.org\/{rel}","templated":true}]}}