{"id":3545,"date":"2025-10-17T10:46:33","date_gmt":"2025-10-17T09:46:33","guid":{"rendered":"https:\/\/saltisimo.com\/?post_type=product&#038;p=3545"},"modified":"2025-10-17T10:46:34","modified_gmt":"2025-10-17T09:46:34","slug":"foglie-di-eucalipto-portogallo","status":"publish","type":"product","link":"https:\/\/saltisimo.com\/it\/prodotto\/foglie-di-eucalipto-portogallo\/","title":{"rendered":"Foglie di eucalipto"},"content":{"rendered":"<h2><b>Foglie di eucalipto portoghese<\/b><\/h2>\n<p class=\"p3\">Scoprite l'autenticit\u00e0 delle foglie <strong>d'<\/strong><span class=\"s2\"><b>Eucalipto portoghese<\/b><\/span>coltivata senza fertilizzanti o pesticidi, poi <span class=\"s2\"><b>selezionati a mano<\/b><\/span> e <span class=\"s2\"><b>essiccato naturalmente<\/b><\/span> all'aria aperta.<\/p>\n<p class=\"p3\">Utilizzato da generazioni per la sua <span class=\"s2\"><b>propriet\u00e0 purificanti e lenitive<\/b><\/span>L'eucalipto \u00e8 una pianta essenziale nella fitoterapia tradizionale. La sua fragranza fresca e potente fa miracoli in infusi, fumigazioni o semplicemente appeso in una stanza per purificare l'aria.<\/p>\n<h3><b>Benefici naturali (per il benessere) :<\/b><\/h3>\n<ul>\n<li class=\"p4\"><span class=\"s3\">Promuove <\/span>respirazione pi\u00f9 libera<\/li>\n<li class=\"p4\"><span class=\"s3\">Lenisce <\/span>disturbi invernali lievi<\/li>\n<li class=\"p3\">Profumo purificante, effetto rinfrescante<\/li>\n<li class=\"p3\"><span class=\"s3\">Ideale per <\/span>bagno di vapore o decorazione naturale<b><\/b><\/li>\n<\/ul>\n<h3><b>Come si usa :<\/b><\/h3>\n<ul>\n<li class=\"p3\"><span class=\"s2\"><b>In infusione<\/b><\/span> Versare l'acqua bollente su una piccola manciata di foglie, coprire e lasciare in infusione per 5-7 minuti.<\/li>\n<li class=\"p3\"><span class=\"s2\"><b>Inalazione<\/b><\/span> Immergere una manciata di foglie in una ciotola di acqua calda, coprire la testa con un asciugamano e respirare profondamente.<\/li>\n<li class=\"p3\"><span class=\"s2\"><b>Per la decorazione<\/b><\/span> Appendere i rami in una stanza o nella doccia per rilasciare la loro fragranza sotto l'effetto del vapore.<\/li>\n<\/ul>\n<h3><b>Perch\u00e9 scegliere il nostro eucalipto?<\/b><\/h3>\n<p class=\"p3\">Perch\u00e9 \u00e8 <span class=\"s2\">autentico, puro, non elaborato<\/span>\u00c8 raccolto con cura secondo un metodo tradizionale che rispetta la pianta e le sue propriet\u00e0 naturali. Perch\u00e9 proviene da un giardino, non da un magazzino. Perch\u00e9 profuma di Portogallo.<\/p>","protected":false},"excerpt":{"rendered":"<p>Raccolto a mano, questo eucalipto portoghese viene essiccato naturalmente per conservare tutta la sua fragranza e i suoi benefici.<br \/>\nIdeale per infondere, vaporizzare o appendere nella doccia per un'atmosfera fresca e purificante.<\/p>","protected":false},"featured_media":3563,"comment_status":"open","ping_status":"closed","template":"","meta":{"jetpack_publicize_message":"","jetpack_publicize_feature_enabled":true,"jetpack_social_post_already_shared":true,"jetpack_social_options":{"image_generator_settings":{"template":"highway","default_image_id":0,"font":"","enabled":false},"version":2}},"product_brand":[132],"product_cat":[96],"product_tag":[133],"class_list":{"0":"post-3545","1":"product","2":"type-product","3":"status-publish","4":"has-post-thumbnail","6":"product_brand-saltisimo","7":"product_cat-bien-etre-nature","8":"product_tag-eucalyptus","10":"first","11":"instock","12":"taxable","13":"shipping-taxable","14":"purchasable","15":"product-type-simple"},"bundled_by":[],"bundle_stock_status":"instock","bundle_stock_quantity":null,"bundle_virtual":false,"bundle_layout":"","bundle_add_to_cart_form_location":"","bundle_editable_in_cart":false,"bundle_sold_individually_context":"","bundle_item_grouping":"","bundle_min_size":"","bundle_max_size":"","bundle_price":[],"bundled_items":[],"bundle_sell_ids":[],"jetpack_publicize_connections":[],"jetpack_sharing_enabled":true,"_links":{"self":[{"href":"https:\/\/saltisimo.com\/it\/wp-json\/wp\/v2\/product\/3545","targetHints":{"allow":["GET"]}}],"collection":[{"href":"https:\/\/saltisimo.com\/it\/wp-json\/wp\/v2\/product"}],"about":[{"href":"https:\/\/saltisimo.com\/it\/wp-json\/wp\/v2\/types\/product"}],"replies":[{"embeddable":true,"href":"https:\/\/saltisimo.com\/it\/wp-json\/wp\/v2\/comments?post=3545"}],"wp:featuredmedia":[{"embeddable":true,"href":"https:\/\/saltisimo.com\/it\/wp-json\/wp\/v2\/media\/3563"}],"wp:attachment":[{"href":"https:\/\/saltisimo.com\/it\/wp-json\/wp\/v2\/media?parent=3545"}],"wp:term":[{"taxonomy":"product_brand","embeddable":true,"href":"https:\/\/saltisimo.com\/it\/wp-json\/wp\/v2\/product_brand?post=3545"},{"taxonomy":"product_cat","embeddable":true,"href":"https:\/\/saltisimo.com\/it\/wp-json\/wp\/v2\/product_cat?post=3545"},{"taxonomy":"product_tag","embeddable":true,"href":"https:\/\/saltisimo.com\/it\/wp-json\/wp\/v2\/product_tag?post=3545"}],"curies":[{"name":"wp","href":"https:\/\/api.w.org\/{rel}","templated":true}]}}