{"id":402,"date":"2020-10-07T22:44:45","date_gmt":"2020-10-07T21:44:45","guid":{"rendered":"https:\/\/saltisimo.com\/?post_type=product&#038;p=402"},"modified":"2025-09-22T15:34:57","modified_gmt":"2025-09-22T14:34:57","slug":"fleur-de-sel-con-curry-daveiro-2","status":"publish","type":"product","link":"https:\/\/saltisimo.com\/it\/prodotto\/fleur-de-sel-con-curry-daveiro-2\/","title":{"rendered":"Fleur de sel con curry"},"content":{"rendered":"<h2><strong>Fleur de Sel al curry, u<\/strong>potente combinazione di aromi<\/h2>\n<p>Siete alla ricerca di un ingrediente eccezionale per arricchire le vostre creazioni culinarie? Non cercate oltre! Il nostro fleur de sel al curry \u00e8 la risposta alle vostre pi\u00f9 alte aspettative in fatto di sapore e qualit\u00e0.<\/p>\n<h3><strong>Una miscela di elevazione e aromi<\/strong>:<\/h3>\n<p>Il nostro condimento \u00e8 un connubio tra il fleur de sel di Aveiro, con il suo carattere potente e il suo nobile sapore di viola, e una squisita miscela di curry, cocco e altre spezie ed erbe aromatiche. Questa fusione crea un'alleanza eccezionale, pronta a sublimare ogni vostro piatto.<\/p>\n<h3><strong>Semplificate la cottura con i nostri condimenti aromatizzati<\/strong>:<\/h3>\n<p>Sono finiti i tempi in cui dovevate cercare in cucina una moltitudine di condimenti. Il nostro condimento \u00e8 stato progettato per semplificare la vostra esperienza culinaria. A volte basta un cucchiaio del nostro condimento per farvi fare un viaggio tra sapori e spezie.<\/p>\n<h3><strong>Preservare la freschezza e l'intensit\u00e0 dei sapori<\/strong>:<\/h3>\n<p>Siamo determinati a mantenere l'alta qualit\u00e0 dei nostri condimenti. Ogni prodotto viene consegnato in confezioni ermetiche per garantire la freschezza e l'intensit\u00e0 del sapore. Per una conservazione ottimale, vi consigliamo di trasferire i nostri condimenti in un contenitore opaco.<\/p>\n<h3><strong>Uso versatile<\/strong>:<\/h3>\n<p>I prodotti SaltiSimo sono straordinariamente versatili. Potete usarli cos\u00ec come sono per aggiungere un tocco di eleganza ai vostri piatti, oppure macinarli con un macinaspezie per controllare la quantit\u00e0 di condimento e liberare gli aromi delle spezie non tritate. Qualunque sia la vostra scelta, sarete entusiasti del modo in cui esalteranno le vostre creazioni culinarie.<\/p>\n<p>Concedete alle vostre papille gustative un'esperienza di sapore unica con il nostro condimento al curry. Riscoprite la magia della cucina con questa miscela raffinata che promette di portare ogni piatto a un livello superiore.<\/p>\n<p style=\"text-align: center;\"><strong>Lasciatevi tentare dall'eccellenza gastronomica, ordinate subito il vostro Fleur de Sel au Curry e trasformate i vostri pasti in un'esperienza memorabile.<\/strong><\/p>","protected":false},"excerpt":{"rendered":"<p>Scoprite il nostro Fleur de Sel al Curry, un'esplosione di sapori per esaltare i vostri piatti in un solo gesto.<\/p>","protected":false},"featured_media":2253,"comment_status":"open","ping_status":"closed","template":"","meta":{"jetpack_publicize_message":"","jetpack_publicize_feature_enabled":true,"jetpack_social_post_already_shared":false,"jetpack_social_options":{"image_generator_settings":{"template":"highway","default_image_id":0,"font":"","enabled":false},"version":2}},"product_brand":[],"product_cat":[17,53],"product_tag":[25,37],"class_list":{"0":"post-402","1":"product","2":"type-product","3":"status-publish","4":"has-post-thumbnail","6":"product_cat-sel-aromatique-du-portugal","7":"product_cat-fleur-de-sel-aromatique","8":"product_tag-curry","9":"product_tag-fleur-de-sel","11":"first","12":"instock","13":"taxable","14":"shipping-taxable","15":"purchasable","16":"product-type-variable","17":"has-default-attributes"},"bundled_by":["3584"],"bundle_stock_status":"instock","bundle_stock_quantity":null,"bundle_virtual":false,"bundle_layout":"","bundle_add_to_cart_form_location":"","bundle_editable_in_cart":false,"bundle_sold_individually_context":"","bundle_item_grouping":"","bundle_min_size":"","bundle_max_size":"","bundle_price":[],"bundled_items":[],"bundle_sell_ids":[],"jetpack_publicize_connections":[],"jetpack_sharing_enabled":true,"_links":{"self":[{"href":"https:\/\/saltisimo.com\/it\/wp-json\/wp\/v2\/product\/402","targetHints":{"allow":["GET"]}}],"collection":[{"href":"https:\/\/saltisimo.com\/it\/wp-json\/wp\/v2\/product"}],"about":[{"href":"https:\/\/saltisimo.com\/it\/wp-json\/wp\/v2\/types\/product"}],"replies":[{"embeddable":true,"href":"https:\/\/saltisimo.com\/it\/wp-json\/wp\/v2\/comments?post=402"}],"wp:featuredmedia":[{"embeddable":true,"href":"https:\/\/saltisimo.com\/it\/wp-json\/wp\/v2\/media\/2253"}],"wp:attachment":[{"href":"https:\/\/saltisimo.com\/it\/wp-json\/wp\/v2\/media?parent=402"}],"wp:term":[{"taxonomy":"product_brand","embeddable":true,"href":"https:\/\/saltisimo.com\/it\/wp-json\/wp\/v2\/product_brand?post=402"},{"taxonomy":"product_cat","embeddable":true,"href":"https:\/\/saltisimo.com\/it\/wp-json\/wp\/v2\/product_cat?post=402"},{"taxonomy":"product_tag","embeddable":true,"href":"https:\/\/saltisimo.com\/it\/wp-json\/wp\/v2\/product_tag?post=402"}],"curies":[{"name":"wp","href":"https:\/\/api.w.org\/{rel}","templated":true}]}}