{"id":753,"date":"2020-11-09T18:14:40","date_gmt":"2020-11-09T18:14:40","guid":{"rendered":"https:\/\/saltisimo.com\/?post_type=product&#038;p=753"},"modified":"2025-09-22T15:36:55","modified_gmt":"2025-09-22T14:36:55","slug":"fleur-de-sel-con-zenzero-2","status":"publish","type":"product","link":"https:\/\/saltisimo.com\/it\/prodotto\/fleur-de-sel-con-zenzero-2\/","title":{"rendered":"Fleur de sel con zenzero"},"content":{"rendered":"<h2><strong>Fleur de sel con zenzero<\/strong>una potente combinazione per esaltare i vostri piatti<\/h2>\n<p>Se cercate un ingrediente eccezionale per esaltare i vostri piatti, non cercate oltre! Il nostro sale allo zenzero \u00e8 la risposta alle vostre aspettative pi\u00f9 esigenti in termini di sapore e qualit\u00e0.<\/p>\n<h3><strong>Un mix di elevazione e carattere<\/strong>:<\/h3>\n<p>Il nostro prodotto \u00e8 un capolavoro culinario che unisce la delicatezza del fleur de sel al carattere potente dello zenzero e del cardamomo. Questa combinazione di sapori forma una potente alleanza pronta a valorizzare ogni piatto preparato. Lasciatevi trasportare dall'armonia tra zenzero e cardamomo, una danza di sapori in ogni chicco di questo eccezionale condimento.<\/p>\n<h3><strong>Semplificate la cottura con i nostri condimenti aromatizzati<\/strong>:<\/h3>\n<p>Sono finiti i tempi in cui si doveva rovistare in cucina alla ricerca di diversi condimenti. Il nostro prodotto \u00e8 stato progettato per semplificare la vostra esperienza culinaria. A volte basta un cucchiaio del nostro condimento per trasportarvi tra sapori e spezie.<\/p>\n<h3><strong>Preservare la freschezza e l'intensit\u00e0 degli aromi<\/strong>:<\/h3>\n<p>Ci impegniamo a mantenere la qualit\u00e0 superiore del nostro sale allo zenzero. Ogni prodotto viene consegnato in confezioni ermetiche per garantirne la freschezza e il sapore intenso. Per una conservazione ottimale, vi consigliamo di trasferire il nostro condimento in un contenitore opaco.<\/p>\n<h3><strong>Uso versatile<\/strong>:<\/h3>\n<p>I nostri prodotti possono essere utilizzati cos\u00ec come sono per aggiungere un tocco di eleganza ai vostri piatti, oppure macinati con un macinino per spezie per controllare la quantit\u00e0 di condimento e liberare gli aromi delle spezie non tritate. Qualunque sia la vostra scelta, sarete soddisfatti del modo in cui esalter\u00e0 le vostre creazioni culinarie.<\/p>\n<p style=\"text-align: center;\"><strong>Lasciatevi tentare dall'eccellenza culinaria, ordinate subito i nostri prodotti e trasformate i vostri pasti in un'esperienza memorabile.<\/strong><\/p>","protected":false},"excerpt":{"rendered":"<p>Scoprite il nostro Fleur de sel con zenzero, una fusione audace per esaltare i vostri piatti in un istante.<\/p>","protected":false},"featured_media":2254,"comment_status":"open","ping_status":"closed","template":"","meta":{"jetpack_publicize_message":"Fleur de sel au gingembre","jetpack_publicize_feature_enabled":true,"jetpack_social_post_already_shared":true,"jetpack_social_options":{"image_generator_settings":{"template":"highway","default_image_id":0,"font":"","enabled":false},"version":2}},"product_brand":[],"product_cat":[53],"product_tag":[37,58],"class_list":{"0":"post-753","1":"product","2":"type-product","3":"status-publish","4":"has-post-thumbnail","6":"product_cat-fleur-de-sel-aromatique","7":"product_tag-fleur-de-sel","8":"product_tag-gingembre","10":"first","11":"instock","12":"taxable","13":"shipping-taxable","14":"purchasable","15":"product-type-variable","16":"has-default-attributes"},"bundled_by":["3584"],"bundle_stock_status":"instock","bundle_stock_quantity":null,"bundle_virtual":false,"bundle_layout":"","bundle_add_to_cart_form_location":"","bundle_editable_in_cart":false,"bundle_sold_individually_context":"","bundle_item_grouping":"","bundle_min_size":"","bundle_max_size":"","bundle_price":[],"bundled_items":[],"bundle_sell_ids":[],"jetpack_publicize_connections":[],"jetpack_sharing_enabled":true,"_links":{"self":[{"href":"https:\/\/saltisimo.com\/it\/wp-json\/wp\/v2\/product\/753","targetHints":{"allow":["GET"]}}],"collection":[{"href":"https:\/\/saltisimo.com\/it\/wp-json\/wp\/v2\/product"}],"about":[{"href":"https:\/\/saltisimo.com\/it\/wp-json\/wp\/v2\/types\/product"}],"replies":[{"embeddable":true,"href":"https:\/\/saltisimo.com\/it\/wp-json\/wp\/v2\/comments?post=753"}],"wp:featuredmedia":[{"embeddable":true,"href":"https:\/\/saltisimo.com\/it\/wp-json\/wp\/v2\/media\/2254"}],"wp:attachment":[{"href":"https:\/\/saltisimo.com\/it\/wp-json\/wp\/v2\/media?parent=753"}],"wp:term":[{"taxonomy":"product_brand","embeddable":true,"href":"https:\/\/saltisimo.com\/it\/wp-json\/wp\/v2\/product_brand?post=753"},{"taxonomy":"product_cat","embeddable":true,"href":"https:\/\/saltisimo.com\/it\/wp-json\/wp\/v2\/product_cat?post=753"},{"taxonomy":"product_tag","embeddable":true,"href":"https:\/\/saltisimo.com\/it\/wp-json\/wp\/v2\/product_tag?post=753"}],"curies":[{"name":"wp","href":"https:\/\/api.w.org\/{rel}","templated":true}]}}