{"id":1251,"date":"2021-01-18T14:29:07","date_gmt":"2021-01-18T14:29:07","guid":{"rendered":"https:\/\/saltisimo.com\/?post_type=product&#038;p=1251"},"modified":"2025-09-22T15:39:07","modified_gmt":"2025-09-22T14:39:07","slug":"sal-grosso-para-arroz","status":"publish","type":"product","link":"https:\/\/saltisimo.com\/pt\/produto\/sal-grosso-para-arroz\/","title":{"rendered":"Sal com anis e laranja cristalizada"},"content":{"rendered":"<h2><strong>Sal com anis e laranja cristalizada, <\/strong>uma viagem culin\u00e1ria em alguns gr\u00e3os<\/h2>\n<p>Procura um ingrediente excecional para real\u00e7ar os seus pratos? Ent\u00e3o n\u00e3o procure mais! A nossa laranja cristalizada e o nosso sal de anis v\u00e3o satisfazer as suas expectativas mais exigentes em termos de sabor e qualidade.<\/p>\n<h3><strong>Uma mistura de eleva\u00e7\u00e3o e subtileza<\/strong>:<\/h3>\n<p>O nosso tempero alto \u00e9 uma fus\u00e3o harmoniosa de sal grosso de Aveiro com o seu car\u00e1cter poderoso e o seu nobre sabor a violeta, acompanhado de anis, laranja cristalizada e uma mistura subtil de cinco pimentas. Estes sabores formam uma poderosa alian\u00e7a pronta a sublimar cada um dos seus pratos. Deixe-se levar pela harmonia revelada em cada gr\u00e3o deste condimento excecional.<\/p>\n<h3><strong>Facilite os seus cozinhados com os nossos condimentos aromatizados<\/strong>:<\/h3>\n<p>Longe v\u00e3o os dias em que tinha de procurar na sua cozinha uma infinidade de condimentos. O nosso tempero elevado foi concebido para simplificar a sua experi\u00eancia culin\u00e1ria. Por vezes, basta uma colherada do nosso tempero para o levar numa viagem pelos sabores e especiarias.<\/p>\n<h3><strong>Preservar a frescura e a intensidade dos aromas<\/strong>:<\/h3>\n<p>Estamos empenhados em manter a elevada qualidade dos nossos condimentos. Cada produto \u00e9 entregue em embalagens hermeticamente fechadas para garantir a frescura e a intensidade dos seus sabores. Para uma conserva\u00e7\u00e3o \u00f3ptima, recomendamos que transfira os nossos condimentos para um recipiente opaco.<\/p>\n<h3><strong>Utiliza\u00e7\u00e3o vers\u00e1til<\/strong>:<\/h3>\n<p>O nosso sal pode ser utilizado tal e qual ou num moinho de especiarias. O moinho permite-lhe regular o seu consumo de sal enquanto liberta os aromas das especiarias n\u00e3o trituradas. Seja qual for a sua prefer\u00eancia, poder\u00e1 melhorar os seus pratos com facilidade.<\/p>\n<p>Ofere\u00e7a ao seu paladar uma experi\u00eancia de sabor \u00fanica com o nosso tempero elevado. Redescubra a magia de cozinhar com esta mistura refinada que promete levar cada prato ao pr\u00f3ximo n\u00edvel.<\/p>\n<p style=\"text-align: center;\"><strong>Deixe-se tentar pela excel\u00eancia gastron\u00f3mica, encomende j\u00e1 o seu sal SaltiSimo e transforme as suas refei\u00e7\u00f5es numa experi\u00eancia memor\u00e1vel.<\/strong><\/p>","protected":false},"excerpt":{"rendered":"<p>Descubra o nosso Sal com anis e laranja cristalizada, uma combina\u00e7\u00e3o \u00fanica para elevar os seus pratos num instante.<\/p>","protected":false},"featured_media":2246,"comment_status":"open","ping_status":"closed","template":"","meta":{"jetpack_publicize_message":"Gros sel \u00e0 l'anis","jetpack_publicize_feature_enabled":true,"jetpack_social_post_already_shared":true,"jetpack_social_options":{"image_generator_settings":{"template":"highway","default_image_id":0,"font":"","enabled":false},"version":2}},"product_brand":[],"product_cat":[54,17],"product_tag":[59,24],"class_list":{"0":"post-1251","1":"product","2":"type-product","3":"status-publish","4":"has-post-thumbnail","6":"product_cat-gros-sel-aromatique","7":"product_cat-sel-aromatique-du-portugal","8":"product_tag-anise","9":"product_tag-gros-sel","11":"first","12":"instock","13":"taxable","14":"shipping-taxable","15":"purchasable","16":"product-type-simple"},"bundled_by":["3584"],"bundle_stock_status":"instock","bundle_stock_quantity":null,"bundle_virtual":false,"bundle_layout":"","bundle_add_to_cart_form_location":"","bundle_editable_in_cart":false,"bundle_sold_individually_context":"","bundle_item_grouping":"","bundle_min_size":"","bundle_max_size":"","bundle_price":[],"bundled_items":[],"bundle_sell_ids":[],"jetpack_publicize_connections":[],"jetpack_sharing_enabled":true,"_links":{"self":[{"href":"https:\/\/saltisimo.com\/pt\/wp-json\/wp\/v2\/product\/1251","targetHints":{"allow":["GET"]}}],"collection":[{"href":"https:\/\/saltisimo.com\/pt\/wp-json\/wp\/v2\/product"}],"about":[{"href":"https:\/\/saltisimo.com\/pt\/wp-json\/wp\/v2\/types\/product"}],"replies":[{"embeddable":true,"href":"https:\/\/saltisimo.com\/pt\/wp-json\/wp\/v2\/comments?post=1251"}],"wp:featuredmedia":[{"embeddable":true,"href":"https:\/\/saltisimo.com\/pt\/wp-json\/wp\/v2\/media\/2246"}],"wp:attachment":[{"href":"https:\/\/saltisimo.com\/pt\/wp-json\/wp\/v2\/media?parent=1251"}],"wp:term":[{"taxonomy":"product_brand","embeddable":true,"href":"https:\/\/saltisimo.com\/pt\/wp-json\/wp\/v2\/product_brand?post=1251"},{"taxonomy":"product_cat","embeddable":true,"href":"https:\/\/saltisimo.com\/pt\/wp-json\/wp\/v2\/product_cat?post=1251"},{"taxonomy":"product_tag","embeddable":true,"href":"https:\/\/saltisimo.com\/pt\/wp-json\/wp\/v2\/product_tag?post=1251"}],"curies":[{"name":"wp","href":"https:\/\/api.w.org\/{rel}","templated":true}]}}