{"id":1264,"date":"2021-01-19T11:13:19","date_gmt":"2021-01-19T11:13:19","guid":{"rendered":"https:\/\/saltisimo.com\/?post_type=product&#038;p=1264"},"modified":"2025-09-22T15:54:49","modified_gmt":"2025-09-22T14:54:49","slug":"sal-grosso-especial-massa","status":"publish","type":"product","link":"https:\/\/saltisimo.com\/pt\/produto\/sal-grosso-especial-massa\/","title":{"rendered":"Sal com bas\u00edlico"},"content":{"rendered":"<h2><strong>Sal de manjeric\u00e3o<\/strong>excel\u00eancia culin\u00e1ria na ponta dos seus dedos<\/h2>\n<p>Procura um ingrediente excecional para melhorar as suas cria\u00e7\u00f5es culin\u00e1rias? N\u00e3o procure mais! SaltiSimo tem a resposta para as suas expectativas mais exigentes em termos de sabor e qualidade.<\/p>\n<h3><strong>Uma mistura de eleva\u00e7\u00e3o e subtileza<\/strong>:<\/h3>\n<p>O nosso Tempero Elevado \u00e9 uma verdadeira obra de arte culin\u00e1ria, combinando a robustez do mineral de gr\u00e3o grosso de Aveiro com a nobreza de um tempero imaculado, real\u00e7ado pela fragr\u00e2ncia encantadora do manjeric\u00e3o e um toque subtil de alho. Estes quatro elementos formam uma poderosa alian\u00e7a pronta a sublimar cada um dos seus pratos. Deixe-se levar pela harmonia de sabores revelada em cada gr\u00e3o deste condimento excecional.<\/p>\n<h3><strong>Facilite os seus cozinhados com os nossos condimentos aromatizados<\/strong>:<\/h3>\n<p>Longe v\u00e3o os dias em que tinha de procurar na sua cozinha uma infinidade de condimentos. O nosso Tempero Elevado foi concebido para simplificar a sua experi\u00eancia culin\u00e1ria. Por vezes, basta uma colherada do nosso tempero para o levar numa viagem pelos sabores e especiarias.<\/p>\n<h3><strong>Preservar a frescura e a intensidade dos aromas<\/strong>:<\/h3>\n<p>Estamos empenhados em manter a qualidade superior dos nossos Temperos Altos. Cada produto \u00e9 entregue em embalagens hermeticamente fechadas para garantir a frescura e a intensidade dos seus sabores. Para uma conserva\u00e7\u00e3o \u00f3ptima, recomendamos que transfira o nosso tempero para um recipiente opaco.<\/p>\n<h3><strong>Utiliza\u00e7\u00e3o vers\u00e1til<\/strong>:<\/h3>\n<p>Os produtos SaltiSimo s\u00e3o extremamente vers\u00e1teis. Pode utiliz\u00e1-los tal como est\u00e3o para dar um toque de eleg\u00e2ncia aos seus pratos ou tritur\u00e1-los com um moinho de especiarias para controlar a quantidade de condimento e libertar os aromas das especiarias n\u00e3o trituradas. Seja qual for a sua escolha, ficar\u00e1 encantado com a forma como elas real\u00e7am as suas cria\u00e7\u00f5es culin\u00e1rias.<\/p>\n<p>Ofere\u00e7a \u00e0s suas papilas gustativas uma experi\u00eancia de sabor \u00fanica com o nosso Tempero \u00e0 base de manjeric\u00e3o. Redescubra a magia de cozinhar com esta mistura refinada que promete levar cada prato ao pr\u00f3ximo n\u00edvel.<\/p>\n<p style=\"text-align: center;\"><strong>Deixe-se tentar pela excel\u00eancia gastron\u00f3mica, encomende j\u00e1 o seu Sal de Manjeric\u00e3o SaltiSimo e transforme as suas refei\u00e7\u00f5es numa experi\u00eancia memor\u00e1vel.<\/strong><\/p>","protected":false},"excerpt":{"rendered":"<p>Descubra o Sal de Manjeric\u00e3o SaltiSimo para real\u00e7ar os seus pratos com facilidade. Uma fus\u00e3o ousada de sabores pronta para o levar numa viagem culin\u00e1ria.<\/p>","protected":false},"featured_media":1280,"comment_status":"open","ping_status":"closed","template":"","meta":{"jetpack_publicize_message":"Gros sel sp\u00e9cial p\u00e2tes","jetpack_publicize_feature_enabled":true,"jetpack_social_post_already_shared":true,"jetpack_social_options":{"image_generator_settings":{"template":"highway","default_image_id":0,"font":"","enabled":false},"version":2}},"product_brand":[],"product_cat":[54,17],"product_tag":[24],"class_list":{"0":"post-1264","1":"product","2":"type-product","3":"status-publish","4":"has-post-thumbnail","6":"product_cat-gros-sel-aromatique","7":"product_cat-sel-aromatique-du-portugal","8":"product_tag-gros-sel","10":"first","11":"instock","12":"taxable","13":"shipping-taxable","14":"purchasable","15":"product-type-simple"},"bundled_by":["3584"],"bundle_stock_status":"instock","bundle_stock_quantity":null,"bundle_virtual":false,"bundle_layout":"","bundle_add_to_cart_form_location":"","bundle_editable_in_cart":false,"bundle_sold_individually_context":"","bundle_item_grouping":"","bundle_min_size":"","bundle_max_size":"","bundle_price":[],"bundled_items":[],"bundle_sell_ids":[],"jetpack_publicize_connections":[],"jetpack_sharing_enabled":true,"_links":{"self":[{"href":"https:\/\/saltisimo.com\/pt\/wp-json\/wp\/v2\/product\/1264","targetHints":{"allow":["GET"]}}],"collection":[{"href":"https:\/\/saltisimo.com\/pt\/wp-json\/wp\/v2\/product"}],"about":[{"href":"https:\/\/saltisimo.com\/pt\/wp-json\/wp\/v2\/types\/product"}],"replies":[{"embeddable":true,"href":"https:\/\/saltisimo.com\/pt\/wp-json\/wp\/v2\/comments?post=1264"}],"wp:featuredmedia":[{"embeddable":true,"href":"https:\/\/saltisimo.com\/pt\/wp-json\/wp\/v2\/media\/1280"}],"wp:attachment":[{"href":"https:\/\/saltisimo.com\/pt\/wp-json\/wp\/v2\/media?parent=1264"}],"wp:term":[{"taxonomy":"product_brand","embeddable":true,"href":"https:\/\/saltisimo.com\/pt\/wp-json\/wp\/v2\/product_brand?post=1264"},{"taxonomy":"product_cat","embeddable":true,"href":"https:\/\/saltisimo.com\/pt\/wp-json\/wp\/v2\/product_cat?post=1264"},{"taxonomy":"product_tag","embeddable":true,"href":"https:\/\/saltisimo.com\/pt\/wp-json\/wp\/v2\/product_tag?post=1264"}],"curies":[{"name":"wp","href":"https:\/\/api.w.org\/{rel}","templated":true}]}}