{"id":1274,"date":"2021-01-20T10:23:03","date_gmt":"2021-01-20T10:23:03","guid":{"rendered":"https:\/\/saltisimo.com\/?post_type=product&#038;p=1274"},"modified":"2025-09-22T15:30:16","modified_gmt":"2025-09-22T14:30:16","slug":"sal-grosso-especial-especial-bechamel","status":"publish","type":"product","link":"https:\/\/saltisimo.com\/pt\/produto\/sal-grosso-especial-especial-bechamel\/","title":{"rendered":"Sal de cravo"},"content":{"rendered":"<h2><strong>Sal de cravo, o<\/strong>o ingrediente secreto dos seus molhos e pratos<\/h2>\n<p>Procura um ingrediente excecional para real\u00e7ar os seus molhos e pratos? N\u00e3o procure mais! SaltiSimo \u00e9 a resposta \u00e0s suas maiores expectativas em termos de sabor e qualidade.<\/p>\n<h3><strong>Uma fus\u00e3o de eleva\u00e7\u00e3o e especiarias refinadas<\/strong>:<\/h3>\n<p>O nosso tempero alto \u00e9 uma obra de arte culin\u00e1ria, combinando a robustez do ouro branco de Aveiro com o sabor nobre das violetas, pimenta branca, alho desidratado e um subtil toque de cravinho. Estes cinco ingredientes formam uma poderosa alian\u00e7a, pronta a potenciar os seus molhos e pratos. Deixe-se encantar pela harmonia de especiarias refinadas que se revela em cada gr\u00e3o deste condimento de exce\u00e7\u00e3o.<\/p>\n<h3><strong>Facilite os seus cozinhados com os nossos condimentos aromatizados<\/strong>:<\/h3>\n<p>Longe v\u00e3o os dias em que tinha de procurar na sua cozinha uma infinidade de condimentos. O nosso tempero elevado foi concebido para simplificar a sua experi\u00eancia culin\u00e1ria. Por vezes, basta uma colherada do nosso condimento para o transportar atrav\u00e9s de sabores e especiarias.<\/p>\n<h3><strong>Conservar a frescura e a riqueza dos sabores<\/strong>:<\/h3>\n<p>Estamos empenhados em manter a elevada qualidade dos nossos condimentos. Cada produto \u00e9 entregue em embalagens hermeticamente fechadas para garantir frescura e um sabor rico. Para uma conserva\u00e7\u00e3o \u00f3ptima, recomendamos que transfira os nossos condimentos para um recipiente opaco.<\/p>\n<h3><strong>Utiliza\u00e7\u00e3o vers\u00e1til<\/strong>:<\/h3>\n<p>Os produtos SaltiSimo oferecem uma versatilidade excecional. Pode utiliz\u00e1-los tal como est\u00e3o para dar um toque de eleg\u00e2ncia aos seus pratos ou tritur\u00e1-los com um moinho de especiarias para controlar a quantidade de condimento e libertar os aromas das especiarias n\u00e3o trituradas. Seja qual for a sua escolha, ficar\u00e1 encantado com a forma como real\u00e7am as suas cria\u00e7\u00f5es culin\u00e1rias.<\/p>\n<p>Ofere\u00e7a ao seu paladar uma experi\u00eancia de sabor \u00fanica com o nosso tempero com alto teor de cravinho. Redescubra a magia de cozinhar com esta mistura refinada que promete levar cada prato ao pr\u00f3ximo n\u00edvel.<\/p>\n<p style=\"text-align: center;\"><strong>Deixe-se tentar pela excel\u00eancia culin\u00e1ria, encomende j\u00e1 o seu sal SaltiSimo e transforme as suas refei\u00e7\u00f5es numa experi\u00eancia memor\u00e1vel.<\/strong><\/p>","protected":false},"excerpt":{"rendered":"<p>Sal com cravinho, o ingrediente secreto dos seus pratos, uma fus\u00e3o subtil de especiarias refinadas para real\u00e7ar as suas cria\u00e7\u00f5es culin\u00e1rias.<\/p>","protected":false},"featured_media":1279,"comment_status":"open","ping_status":"closed","template":"","meta":{"jetpack_publicize_message":"Gros sel sp\u00e9cial b\u00e9chamel","jetpack_publicize_feature_enabled":true,"jetpack_social_post_already_shared":true,"jetpack_social_options":{"image_generator_settings":{"template":"highway","default_image_id":0,"font":"","enabled":false},"version":2}},"product_brand":[],"product_cat":[17,54],"product_tag":[24],"class_list":{"0":"post-1274","1":"product","2":"type-product","3":"status-publish","4":"has-post-thumbnail","6":"product_cat-sel-aromatique-du-portugal","7":"product_cat-gros-sel-aromatique","8":"product_tag-gros-sel","10":"first","11":"instock","12":"taxable","13":"shipping-taxable","14":"purchasable","15":"product-type-simple"},"bundled_by":["3584"],"bundle_stock_status":"instock","bundle_stock_quantity":null,"bundle_virtual":false,"bundle_layout":"","bundle_add_to_cart_form_location":"","bundle_editable_in_cart":false,"bundle_sold_individually_context":"","bundle_item_grouping":"","bundle_min_size":"","bundle_max_size":"","bundle_price":[],"bundled_items":[],"bundle_sell_ids":[],"jetpack_publicize_connections":[],"jetpack_sharing_enabled":true,"_links":{"self":[{"href":"https:\/\/saltisimo.com\/pt\/wp-json\/wp\/v2\/product\/1274","targetHints":{"allow":["GET"]}}],"collection":[{"href":"https:\/\/saltisimo.com\/pt\/wp-json\/wp\/v2\/product"}],"about":[{"href":"https:\/\/saltisimo.com\/pt\/wp-json\/wp\/v2\/types\/product"}],"replies":[{"embeddable":true,"href":"https:\/\/saltisimo.com\/pt\/wp-json\/wp\/v2\/comments?post=1274"}],"wp:featuredmedia":[{"embeddable":true,"href":"https:\/\/saltisimo.com\/pt\/wp-json\/wp\/v2\/media\/1279"}],"wp:attachment":[{"href":"https:\/\/saltisimo.com\/pt\/wp-json\/wp\/v2\/media?parent=1274"}],"wp:term":[{"taxonomy":"product_brand","embeddable":true,"href":"https:\/\/saltisimo.com\/pt\/wp-json\/wp\/v2\/product_brand?post=1274"},{"taxonomy":"product_cat","embeddable":true,"href":"https:\/\/saltisimo.com\/pt\/wp-json\/wp\/v2\/product_cat?post=1274"},{"taxonomy":"product_tag","embeddable":true,"href":"https:\/\/saltisimo.com\/pt\/wp-json\/wp\/v2\/product_tag?post=1274"}],"curies":[{"name":"wp","href":"https:\/\/api.w.org\/{rel}","templated":true}]}}