{"id":1401,"date":"2021-02-16T11:10:52","date_gmt":"2021-02-16T11:10:52","guid":{"rendered":"https:\/\/saltisimo.com\/?post_type=product&#038;p=1401"},"modified":"2025-06-10T08:33:35","modified_gmt":"2025-06-10T07:33:35","slug":"folhas-dolivier","status":"publish","type":"product","link":"https:\/\/saltisimo.com\/pt\/produto\/folhas-dolivier\/","title":{"rendered":"Folhas de oliveira"},"content":{"rendered":"<h2>Folhas de oliveira<\/h2>\n<div data-pm-slice=\"1 1 []\" data-en-clipboard=\"true\">A oliveira (<i>Olea europaea<\/i>) \u00e9 uma \u00e1rvore de fruto pertencente \u00e0 fam\u00edlia das Ole\u00e1ceas. Distingue-se pelos seus numerosos ramos. Tem folhas verdes acinzentadas e frutos de caro\u00e7o dos quais se extrai o azeite.<\/div>\n<h3>Colher e secar<\/h3>\n<div>As nossas folhas de oliveira s\u00e3o cultivadas naturalmente no Sul de Fran\u00e7a. <span style=\"color: #333333;\"><a style=\"color: #333333;\" href=\"https:\/\/portobeautiful.com\" target=\"_blank\" rel=\"noopener nofollow\">Portugal<\/a><\/span>As nossas \u00e1rvores n\u00e3o s\u00e3o tratadas com pesticidas ou outros produtos nocivos para a sa\u00fade. As nossas folhas s\u00e3o colhidas \u00e0 m\u00e3o. Depois, s\u00e3o lavadas em \u00e1gua corrente e secas naturalmente, sem recurso a qualquer processo industrial.<\/div>\n<h3>Os benef\u00edcios das folhas de oliveira<\/h3>\n<div>\u00c9 habitualmente utilizado para tratar duas doen\u00e7as: a diabetes e a hipertens\u00e3o. Cont\u00e9m mol\u00e9culas capazes de reduzir os transportadores do mau colesterol (LDL) e de aumentar o n\u00edvel dos transportadores do bom colesterol (HDL). Previne igualmente a aterosclerose e as doen\u00e7as coron\u00e1rias.<\/div>\n<div>A azeitona reduz os problemas associados \u00e0 tens\u00e3o arterial elevada. Estes problemas incluem tonturas, zumbidos nos ouvidos e dores de cabe\u00e7a. As suas propriedades hipoglicemiantes tornam-na adequada para utiliza\u00e7\u00e3o na diabetes de tipo 2.<\/div>\n<div><\/div>\n<div>As folhas de oliveira s\u00e3o utilizadas pelas suas propriedades diur\u00e9ticas (aumentam a excre\u00e7\u00e3o urin\u00e1ria) e antioxidantes. De acordo com a Ag\u00eancia Europeia de Medicamentos (EMA). A oliveira \u00e9 reconhecida pela sua utiliza\u00e7\u00e3o tradicional para eliminar a \u00e1gua dos rins em casos de reten\u00e7\u00e3o ligeira de \u00e1gua. Ap\u00f3s elimina\u00e7\u00e3o de uma causa m\u00e9dica subjacente.<\/div>\n<h3>M\u00e9todo de armazenamento<\/h3>\n<p>Os <a href=\"https:\/\/saltisimo.com\/pt\/produto\/pacote-de-sal-para-fast-food\/\">Os nossos produtos<\/a> s\u00e3o entregues num pacote herm\u00e9tico, aconselhamos a sua transfer\u00eancia para um recipiente opaco, a fim de preservar os sabores da melhor forma.<\/p>\n<h3>Utiliza\u00e7\u00e3o<\/h3>\n<div><strong>Como uma infus\u00e3o:<\/strong> 20 folhas secas para 30 cl de \u00e1gua. Ferver durante 30 segundos e deixar em infus\u00e3o durante 10 minutos. Coar. Beber pelo menos 3 ch\u00e1venas por dia, \u00e0s refei\u00e7\u00f5es.<\/div>\n<div><\/div>\n<div><strong>Em ch\u00e1:<\/strong> Coloque um punhado de folhas de oliveira em 1 litro de \u00e1gua fria e deixe ferver. Depois de ferver, tapar a panela com uma tampa e deixar em infus\u00e3o durante cerca de 10 minutos.<\/div>\n<div><\/div>\n<div><strong>Na vossa cozinha:<\/strong> Pode incorporar as folhas directamente nos seus molhos ou pratos, como faria com <a href=\"https:\/\/saltisimo.com\/pt\/produto\/folhas-de-louro-molho\/\">folhas de louro<\/a>.<\/div>\n<div><\/div>","protected":false},"excerpt":{"rendered":"<p>As nossas folhas s\u00e3o cultivadas naturalmente, e as nossas \u00e1rvores n\u00e3o s\u00e3o tratadas com pesticidas ou qualquer outro produto nocivo para a sa\u00fade. As nossas folhas s\u00e3o colhidas \u00e0 m\u00e3o, depois lavadas em \u00e1gua corrente limpa e secas naturalmente sem recurso a qualquer processo industrial.<\/p>","protected":false},"featured_media":1423,"comment_status":"open","ping_status":"closed","template":"","meta":{"jetpack_publicize_message":"Feuilles d'olivier","jetpack_publicize_feature_enabled":true,"jetpack_social_post_already_shared":true,"jetpack_social_options":{"image_generator_settings":{"template":"highway","default_image_id":0,"font":"","enabled":false},"version":2}},"product_brand":[],"product_cat":[96],"product_tag":[97,98],"class_list":{"0":"post-1401","1":"product","2":"type-product","3":"status-publish","4":"has-post-thumbnail","6":"product_cat-bien-etre-nature","7":"product_tag-bien-etre-et-nature","8":"product_tag-feuille-dolivier","10":"first","11":"instock","12":"taxable","13":"shipping-taxable","14":"purchasable","15":"product-type-simple"},"bundled_by":[],"bundle_stock_status":"instock","bundle_stock_quantity":null,"bundle_virtual":false,"bundle_layout":"","bundle_add_to_cart_form_location":"","bundle_editable_in_cart":false,"bundle_sold_individually_context":"","bundle_item_grouping":"","bundle_min_size":"","bundle_max_size":"","bundle_price":[],"bundled_items":[],"bundle_sell_ids":[],"jetpack_publicize_connections":[],"jetpack_sharing_enabled":true,"_links":{"self":[{"href":"https:\/\/saltisimo.com\/pt\/wp-json\/wp\/v2\/product\/1401","targetHints":{"allow":["GET"]}}],"collection":[{"href":"https:\/\/saltisimo.com\/pt\/wp-json\/wp\/v2\/product"}],"about":[{"href":"https:\/\/saltisimo.com\/pt\/wp-json\/wp\/v2\/types\/product"}],"replies":[{"embeddable":true,"href":"https:\/\/saltisimo.com\/pt\/wp-json\/wp\/v2\/comments?post=1401"}],"wp:featuredmedia":[{"embeddable":true,"href":"https:\/\/saltisimo.com\/pt\/wp-json\/wp\/v2\/media\/1423"}],"wp:attachment":[{"href":"https:\/\/saltisimo.com\/pt\/wp-json\/wp\/v2\/media?parent=1401"}],"wp:term":[{"taxonomy":"product_brand","embeddable":true,"href":"https:\/\/saltisimo.com\/pt\/wp-json\/wp\/v2\/product_brand?post=1401"},{"taxonomy":"product_cat","embeddable":true,"href":"https:\/\/saltisimo.com\/pt\/wp-json\/wp\/v2\/product_cat?post=1401"},{"taxonomy":"product_tag","embeddable":true,"href":"https:\/\/saltisimo.com\/pt\/wp-json\/wp\/v2\/product_tag?post=1401"}],"curies":[{"name":"wp","href":"https:\/\/api.w.org\/{rel}","templated":true}]}}