{"id":155,"date":"2020-09-28T12:19:20","date_gmt":"2020-09-28T11:19:20","guid":{"rendered":"https:\/\/saltisimo.com\/?post_type=product&#038;p=155"},"modified":"2025-09-22T15:47:44","modified_gmt":"2025-09-22T14:47:44","slug":"sal-grosso-para-grelhar-de-aveiro","status":"publish","type":"product","link":"https:\/\/saltisimo.com\/pt\/produto\/sal-grosso-para-grelhar-de-aveiro\/","title":{"rendered":"Sel de grelhado"},"content":{"rendered":"<h2><strong>Sel de grelhado<\/strong>uma ousada fus\u00e3o de aromas<\/h2>\n<p>Procura um ingrediente excecional para real\u00e7ar os seus pratos grelhados? Ent\u00e3o n\u00e3o procure mais! O nosso tempero para grelhados \u00e9 a resposta \u00e0s suas expectativas mais exigentes em termos de sabor e qualidade.<\/p>\n<h3><strong>Uma mistura de eleva\u00e7\u00e3o e requinte<\/strong>:<\/h3>\n<p>O nosso tempero para grelhar \u00e9 uma cria\u00e7\u00e3o culin\u00e1ria que combina o poder do mineral de Aveiro com a nobreza da violeta, combinada com ervas de Provence, pimenta branca forte e uma sele\u00e7\u00e3o requintada de especiarias e ervas arom\u00e1ticas. Esta combina\u00e7\u00e3o forma uma alian\u00e7a incompar\u00e1vel, pronta a sublimar cada dentada da sua carne grelhada. Deixe-se levar pela harmonia de sabores que dan\u00e7am em cada gr\u00e3o deste condimento excecional.<\/p>\n<h3><strong>Facilite os seus cozinhados com os nossos condimentos aromatizados<\/strong>:<\/h3>\n<p>Longe v\u00e3o os dias em que tinha de procurar na sua cozinha uma infinidade de condimentos. O nosso tempero para grelhar foi concebido para simplificar a sua experi\u00eancia culin\u00e1ria. Por vezes, basta uma colherada do nosso tempero para o levar numa viagem pelos sabores e especiarias.<\/p>\n<h3><strong>Conservar a frescura e a riqueza dos sabores<\/strong>:<\/h3>\n<p>Estamos empenhados em manter a qualidade superior dos nossos temperos para grelhados. Cada produto \u00e9 entregue em embalagens hermeticamente fechadas para garantir frescura e um sabor rico. Para uma conserva\u00e7\u00e3o \u00f3ptima, recomendamos que transfira o nosso tempero para um recipiente opaco.<\/p>\n<h3><strong>Utiliza\u00e7\u00e3o vers\u00e1til para os seus grelhadores<\/strong>:<\/h3>\n<p>Os produtos SaltiSimo podem ser utilizados de v\u00e1rias formas. Pode utiliz\u00e1-los tal como est\u00e3o para dar um toque de eleg\u00e2ncia aos seus grelhados, ou tritur\u00e1-los com um moinho de especiarias para controlar a quantidade de condimento e libertar os aromas das especiarias n\u00e3o trituradas. Seja qual for a sua escolha, ficar\u00e1 encantado com a forma como real\u00e7am os seus pratos grelhados.<\/p>\n<p>Ofere\u00e7a \u00e0s suas papilas gustativas uma experi\u00eancia de sabor \u00fanica com o nosso tempero para grelhados. Redescubra a magia de grelhar com esta mistura refinada que promete levar cada churrasco ao pr\u00f3ximo n\u00edvel.<\/p>\n<p>Deixe-se tentar pela excel\u00eancia culin\u00e1ria, encomende j\u00e1 o seu sal para grelhar e transforme as suas refei\u00e7\u00f5es numa experi\u00eancia memor\u00e1vel.<\/p>","protected":false},"excerpt":{"rendered":"<p>Descubra o nosso tempero para grelhar, uma fus\u00e3o ousada de sabores para real\u00e7ar os seus pratos grelhados num piscar de olhos. Um condimento irresist\u00edvel para um churrasco de sucesso.<\/p>","protected":false},"featured_media":2277,"comment_status":"open","ping_status":"closed","template":"","meta":{"jetpack_publicize_message":"","jetpack_publicize_feature_enabled":true,"jetpack_social_post_already_shared":false,"jetpack_social_options":{"image_generator_settings":{"template":"highway","default_image_id":0,"font":"","enabled":false},"version":2}},"product_brand":[],"product_cat":[17,54],"product_tag":[42,24],"class_list":{"0":"post-155","1":"product","2":"type-product","3":"status-publish","4":"has-post-thumbnail","6":"product_cat-sel-aromatique-du-portugal","7":"product_cat-gros-sel-aromatique","8":"product_tag-grillade","9":"product_tag-gros-sel","11":"first","12":"instock","13":"taxable","14":"shipping-taxable","15":"purchasable","16":"product-type-simple"},"bundled_by":[],"bundle_stock_status":"instock","bundle_stock_quantity":null,"bundle_virtual":false,"bundle_layout":"","bundle_add_to_cart_form_location":"","bundle_editable_in_cart":false,"bundle_sold_individually_context":"","bundle_item_grouping":"","bundle_min_size":"","bundle_max_size":"","bundle_price":[],"bundled_items":[],"bundle_sell_ids":[],"jetpack_publicize_connections":[],"jetpack_sharing_enabled":true,"_links":{"self":[{"href":"https:\/\/saltisimo.com\/pt\/wp-json\/wp\/v2\/product\/155","targetHints":{"allow":["GET"]}}],"collection":[{"href":"https:\/\/saltisimo.com\/pt\/wp-json\/wp\/v2\/product"}],"about":[{"href":"https:\/\/saltisimo.com\/pt\/wp-json\/wp\/v2\/types\/product"}],"replies":[{"embeddable":true,"href":"https:\/\/saltisimo.com\/pt\/wp-json\/wp\/v2\/comments?post=155"}],"wp:featuredmedia":[{"embeddable":true,"href":"https:\/\/saltisimo.com\/pt\/wp-json\/wp\/v2\/media\/2277"}],"wp:attachment":[{"href":"https:\/\/saltisimo.com\/pt\/wp-json\/wp\/v2\/media?parent=155"}],"wp:term":[{"taxonomy":"product_brand","embeddable":true,"href":"https:\/\/saltisimo.com\/pt\/wp-json\/wp\/v2\/product_brand?post=155"},{"taxonomy":"product_cat","embeddable":true,"href":"https:\/\/saltisimo.com\/pt\/wp-json\/wp\/v2\/product_cat?post=155"},{"taxonomy":"product_tag","embeddable":true,"href":"https:\/\/saltisimo.com\/pt\/wp-json\/wp\/v2\/product_tag?post=155"}],"curies":[{"name":"wp","href":"https:\/\/api.w.org\/{rel}","templated":true}]}}