{"id":163,"date":"2020-09-28T12:26:32","date_gmt":"2020-09-28T11:26:32","guid":{"rendered":"https:\/\/saltisimo.com\/?post_type=product&#038;p=163"},"modified":"2024-05-02T13:54:57","modified_gmt":"2024-05-02T12:54:57","slug":"sal-grosso-dos-lagos-de-aveiro","status":"publish","type":"product","link":"https:\/\/saltisimo.com\/pt\/produit\/gros-sel-des-marais-daveiro\/","title":{"rendered":"Sal marinho"},"content":{"rendered":"<h2><strong>Sal das marismas de Aveiro<\/strong>uma combina\u00e7\u00e3o poderosa para real\u00e7ar os seus pratos<\/h2>\n<p>Procura um ingrediente excecional para melhorar as suas cria\u00e7\u00f5es culin\u00e1rias? N\u00e3o procure mais! O nosso sal marinho \u00e9 a resposta \u00e0s suas maiores expectativas em termos de sabor e qualidade.<\/p>\n<h3><strong>Uma mistura de eleva\u00e7\u00e3o e requinte<\/strong>:<\/h3>\n<p>O nosso tempero de p\u00e2ntano combina o car\u00e1cter poderoso do nosso ouro branco de Aveiro com o sabor nobre das violetas, combinado com estrag\u00e3o, pimenta branca e outras especiarias e ervas arom\u00e1ticas. Esta combina\u00e7\u00e3o excecional ir\u00e1 real\u00e7ar todos os pratos.<\/p>\n<h3><strong>Cozinhar \u00e9 f\u00e1cil com os nossos condimentos aromatizados<\/strong>:<\/h3>\n<p>Longe v\u00e3o os dias em que tinha de procurar na sua cozinha uma multiplicidade de condimentos. O nosso tempero para p\u00e2ntano foi concebido para simplificar a sua experi\u00eancia culin\u00e1ria. Por vezes, basta uma colherada do nosso condimento para o transportar atrav\u00e9s de sabores e especiarias.<\/p>\n<h3><strong>Conserva\u00e7\u00e3o da frescura<\/strong>:<\/h3>\n<p>Os nossos produtos s\u00e3o entregues em embalagens hermeticamente fechadas. Recomendamos que os transfira para um recipiente opaco para preservar os aromas e as especiarias.<\/p>\n<h3><strong>Utiliza\u00e7\u00e3o vers\u00e1til<\/strong>:<\/h3>\n<p>O nosso condimento pode ser utilizado tal e qual ou num moedor de especiarias. O moinho permite-lhe regular o consumo do seu condimento, libertando os aromas das especiarias n\u00e3o trituradas. Seja qual for a sua prefer\u00eancia, ficar\u00e1 encantado com a forma como este condimento melhora as suas cria\u00e7\u00f5es culin\u00e1rias.<\/p>\n<p style=\"text-align: center;\"><strong>Deixe-se tentar pela excel\u00eancia gastron\u00f3mica, encomende j\u00e1 o seu produto SaltiSimo e transforme as suas refei\u00e7\u00f5es numa experi\u00eancia memor\u00e1vel.<\/strong><\/p>","protected":false},"excerpt":{"rendered":"<p>Descubra o sal marinho, uma poderosa fus\u00e3o de especiarias para real\u00e7ar os seus pratos num piscar de olhos.<\/p>","protected":false},"featured_media":685,"comment_status":"open","ping_status":"closed","template":"","meta":{"jetpack_publicize_message":"","jetpack_publicize_feature_enabled":true,"jetpack_social_post_already_shared":false,"jetpack_social_options":{"image_generator_settings":{"template":"highway","default_image_id":0,"font":"","enabled":false},"version":2}},"product_brand":[],"product_cat":[17,54],"product_tag":[46,24],"class_list":{"0":"post-163","1":"product","2":"type-product","3":"status-publish","4":"has-post-thumbnail","6":"product_cat-sel-aromatique-du-portugal","7":"product_cat-gros-sel-aromatique","8":"product_tag-estragon","9":"product_tag-gros-sel","11":"first","12":"instock","13":"taxable","14":"shipping-taxable","15":"purchasable","16":"product-type-simple"},"bundled_by":[],"bundle_stock_status":"instock","bundle_stock_quantity":null,"bundle_virtual":false,"bundle_layout":"","bundle_add_to_cart_form_location":"","bundle_editable_in_cart":false,"bundle_sold_individually_context":"","bundle_item_grouping":"","bundle_min_size":"","bundle_max_size":"","bundle_price":[],"bundled_items":[],"bundle_sell_ids":[],"jetpack_publicize_connections":[],"jetpack_sharing_enabled":true,"_links":{"self":[{"href":"https:\/\/saltisimo.com\/pt\/wp-json\/wp\/v2\/product\/163","targetHints":{"allow":["GET"]}}],"collection":[{"href":"https:\/\/saltisimo.com\/pt\/wp-json\/wp\/v2\/product"}],"about":[{"href":"https:\/\/saltisimo.com\/pt\/wp-json\/wp\/v2\/types\/product"}],"replies":[{"embeddable":true,"href":"https:\/\/saltisimo.com\/pt\/wp-json\/wp\/v2\/comments?post=163"}],"wp:featuredmedia":[{"embeddable":true,"href":"https:\/\/saltisimo.com\/pt\/wp-json\/wp\/v2\/media\/685"}],"wp:attachment":[{"href":"https:\/\/saltisimo.com\/pt\/wp-json\/wp\/v2\/media?parent=163"}],"wp:term":[{"taxonomy":"product_brand","embeddable":true,"href":"https:\/\/saltisimo.com\/pt\/wp-json\/wp\/v2\/product_brand?post=163"},{"taxonomy":"product_cat","embeddable":true,"href":"https:\/\/saltisimo.com\/pt\/wp-json\/wp\/v2\/product_cat?post=163"},{"taxonomy":"product_tag","embeddable":true,"href":"https:\/\/saltisimo.com\/pt\/wp-json\/wp\/v2\/product_tag?post=163"}],"curies":[{"name":"wp","href":"https:\/\/api.w.org\/{rel}","templated":true}]}}