{"id":167,"date":"2020-09-28T12:32:00","date_gmt":"2020-09-28T11:32:00","guid":{"rendered":"https:\/\/saltisimo.com\/?post_type=product&#038;p=167"},"modified":"2025-09-22T15:44:54","modified_gmt":"2025-09-22T14:44:54","slug":"sal-grosso-tex-mex-daveiro","status":"publish","type":"product","link":"https:\/\/saltisimo.com\/pt\/produto\/sal-grosso-tex-mex-daveiro\/","title":{"rendered":"Sal Tex-Mex"},"content":{"rendered":"<h2><strong>Sal Tex-Mex de Aveiro, u<\/strong>sinfonia de aromas para real\u00e7ar os seus pratos<\/h2>\n<p>Est\u00e1 \u00e0 procura de um ingrediente invulgar para elevar as suas cria\u00e7\u00f5es culin\u00e1rias? N\u00e3o procure mais! O nosso Sal Tex-Mex de Aveiro \u00e9 a resposta \u00e0s suas maiores expectativas em termos de sabor e qualidade.<\/p>\n<h3><strong>Uma mistura de eleva\u00e7\u00e3o e autenticidade<\/strong>:<\/h3>\n<p>O nosso condimento \u00e9 um casamento entre o ouro branco de Aveiro, conhecido pelo seu car\u00e1cter poderoso, e a nobreza da violeta. Esta base \u00e9 habilmente combinada com paprica picante, pimenta branca subtil e uma sele\u00e7\u00e3o cuidada de especiarias e ervas arom\u00e1ticas. Esta fus\u00e3o cria uma combina\u00e7\u00e3o de sabores poderosa e vencedora, pronta para real\u00e7ar qualquer prato.<\/p>\n<h3><strong>Facilite os seus cozinhados com os nossos condimentos aromatizados<\/strong>:<\/h3>\n<p>Esque\u00e7a os dias em que tinha de andar a vasculhar a sua cozinha \u00e0 procura de uma infinidade de condimentos. O nosso produto foi especialmente concebido para simplificar a sua experi\u00eancia culin\u00e1ria. Por vezes, basta uma colherada do nosso condimento para o levar numa viagem atrav\u00e9s de uma paleta de sabores e especiarias.<\/p>\n<h3><strong>Preservar a frescura e a intensidade dos aromas<\/strong>:<\/h3>\n<p>Comprometemo-nos a manter a qualidade superior do nosso condimento. Cada produto \u00e9 cuidadosamente embalado num recipiente herm\u00e9tico para garantir a frescura e a intensidade dos seus sabores. Para uma conserva\u00e7\u00e3o \u00f3ptima, recomendamos que transfira o nosso condimento para um recipiente opaco.<\/p>\n<h3><strong>Utiliza\u00e7\u00e3o vers\u00e1til para real\u00e7ar o melhor dos seus pratos<\/strong>:<\/h3>\n<p>Os produtos SaltiSimo s\u00e3o extremamente vers\u00e1teis. Pode utiliz\u00e1-los tal como est\u00e3o para dar um toque de eleg\u00e2ncia aos seus pratos ou tritur\u00e1-los com um moinho de especiarias para controlar a quantidade de condimento e libertar os aromas das especiarias n\u00e3o trituradas. Seja qual for a sua escolha, ficar\u00e1 encantado com a forma como real\u00e7a as suas cria\u00e7\u00f5es culin\u00e1rias.<\/p>\n<p style=\"text-align: center;\"><strong>Deixe-se tentar pela excel\u00eancia gastron\u00f3mica, encomende j\u00e1 o seu sal SaltiSimo e transforme as suas refei\u00e7\u00f5es numa experi\u00eancia memor\u00e1vel.<\/strong><\/p>","protected":false},"excerpt":{"rendered":"<p>Descubra o nosso Sal Tex-Mex, uma fus\u00e3o ousada de sabores para real\u00e7ar os seus pratos com facilidade.<\/p>","protected":false},"featured_media":682,"comment_status":"open","ping_status":"closed","template":"","meta":{"jetpack_publicize_message":"","jetpack_publicize_feature_enabled":true,"jetpack_social_post_already_shared":false,"jetpack_social_options":{"image_generator_settings":{"template":"highway","default_image_id":0,"font":"","enabled":false},"version":2}},"product_brand":[],"product_cat":[17,54],"product_tag":[24,41,40],"class_list":{"0":"post-167","1":"product","2":"type-product","3":"status-publish","4":"has-post-thumbnail","6":"product_cat-sel-aromatique-du-portugal","7":"product_cat-gros-sel-aromatique","8":"product_tag-gros-sel","9":"product_tag-paprika","10":"product_tag-tex-mex","12":"first","13":"instock","14":"taxable","15":"shipping-taxable","16":"purchasable","17":"product-type-simple"},"bundled_by":["3584"],"bundle_stock_status":"instock","bundle_stock_quantity":null,"bundle_virtual":false,"bundle_layout":"","bundle_add_to_cart_form_location":"","bundle_editable_in_cart":false,"bundle_sold_individually_context":"","bundle_item_grouping":"","bundle_min_size":"","bundle_max_size":"","bundle_price":[],"bundled_items":[],"bundle_sell_ids":[],"jetpack_publicize_connections":[],"jetpack_sharing_enabled":true,"_links":{"self":[{"href":"https:\/\/saltisimo.com\/pt\/wp-json\/wp\/v2\/product\/167","targetHints":{"allow":["GET"]}}],"collection":[{"href":"https:\/\/saltisimo.com\/pt\/wp-json\/wp\/v2\/product"}],"about":[{"href":"https:\/\/saltisimo.com\/pt\/wp-json\/wp\/v2\/types\/product"}],"replies":[{"embeddable":true,"href":"https:\/\/saltisimo.com\/pt\/wp-json\/wp\/v2\/comments?post=167"}],"wp:featuredmedia":[{"embeddable":true,"href":"https:\/\/saltisimo.com\/pt\/wp-json\/wp\/v2\/media\/682"}],"wp:attachment":[{"href":"https:\/\/saltisimo.com\/pt\/wp-json\/wp\/v2\/media?parent=167"}],"wp:term":[{"taxonomy":"product_brand","embeddable":true,"href":"https:\/\/saltisimo.com\/pt\/wp-json\/wp\/v2\/product_brand?post=167"},{"taxonomy":"product_cat","embeddable":true,"href":"https:\/\/saltisimo.com\/pt\/wp-json\/wp\/v2\/product_cat?post=167"},{"taxonomy":"product_tag","embeddable":true,"href":"https:\/\/saltisimo.com\/pt\/wp-json\/wp\/v2\/product_tag?post=167"}],"curies":[{"name":"wp","href":"https:\/\/api.w.org\/{rel}","templated":true}]}}