{"id":256,"date":"2021-10-20T15:08:12","date_gmt":"2021-10-20T14:08:12","guid":{"rendered":"https:\/\/saltisimo.com\/?post_type=product&#038;p=256"},"modified":"2026-01-28T15:04:40","modified_gmt":"2026-01-28T15:04:40","slug":"sal-de-natal-daveiro-grande","status":"publish","type":"product","link":"https:\/\/saltisimo.com\/pt\/produto\/sal-de-natal-daveiro-grande\/","title":{"rendered":"Sal de Natal"},"content":{"rendered":"<h2>Sal de Natal, uma elegante fus\u00e3o de eleva\u00e7\u00e3o e sabores festivos<\/h2>\n<p>Procura um ingrediente excecional para melhorar as suas festividades culin\u00e1rias? N\u00e3o procure mais! O nosso sal de Natal \u00e9 a resposta \u00e0s suas maiores expectativas em termos de sabor e qualidade.<\/p>\n<h3>Uma mistura de eleva\u00e7\u00e3o e especiarias festivas:<\/h3>\n<p>O nosso sal de Natal \u00e9 uma obra de arte culin\u00e1ria que combina a robustez do ouro branco de Aveiro com o nobre sabor das violetas, acompanhado pelo calor da canela, a do\u00e7ura da laranja cristalizada e um requintado sortido de ervas arom\u00e1ticas festivas. Esta fus\u00e3o de sabores cria uma combina\u00e7\u00e3o excecional que valorizar\u00e1 cada um dos seus pratos festivos. Deixe-se levar pela harmonia das especiarias festivas que dan\u00e7am em cada gr\u00e3o deste condimento excecional.<\/p>\n<h3>Facilite as suas festividades culin\u00e1rias com os nossos condimentos aromatizados:<\/h3>\n<p>Longe v\u00e3o os dias em que tinha de procurar na sua cozinha uma multiplicidade de condimentos. O nosso tempero de Natal foi concebido para simplificar a sua experi\u00eancia culin\u00e1ria festiva. Por vezes, basta uma colherada do nosso tempero para o levar numa viagem pelos sabores e especiarias festivos.<\/p>\n<h3><strong>Conservar a frescura e a riqueza dos sabores<\/strong>:<\/h3>\n<p>Estamos determinados a manter a qualidade superior dos nossos condimentos. Cada produto \u00e9 entregue em embalagens hermeticamente fechadas para garantir a frescura e a riqueza dos seus sabores festivos. Para uma conserva\u00e7\u00e3o \u00f3ptima, recomendamos que transfira o nosso tempero para um recipiente opaco.<\/p>\n<h2><strong>Utiliza\u00e7\u00e3o vers\u00e1til para as suas festividades<\/strong>:<\/h2>\n<p>O nosso tempero pode ser utilizado de v\u00e1rias formas. Pode utiliz\u00e1-lo para dar um toque de eleg\u00e2ncia aos seus pratos festivos ou mo\u00ea-lo com um moinho de especiarias para regular a quantidade de condimento e libertar os aromas festivos. Seja qual for a sua escolha, ficar\u00e1 encantado com a forma como enriquece as suas festividades culin\u00e1rias.<\/p>\n<p>Ofere\u00e7a ao seu paladar uma experi\u00eancia de sabor \u00fanica com o nosso tempero de Natal. Redescubra a magia das festividades culin\u00e1rias com esta mistura refinada que promete levar todos os pratos de Natal para o pr\u00f3ximo n\u00edvel.<\/p>\n<p style=\"text-align: center;\"><strong>Deixe-se tentar pela excel\u00eancia culin\u00e1ria festiva, encomende j\u00e1 o seu tempero de Natal e transforme as suas festividades numa experi\u00eancia memor\u00e1vel.<\/strong><\/p>\n<p>&nbsp;<\/p>","protected":false},"excerpt":{"rendered":"<p>Uma elegante fus\u00e3o de sabores festivos. Realce as suas festividades culin\u00e1rias com o nosso tempero excecional, que combina o ouro branco de Aveiro com violeta, canela, laranja cristalizada e ervas arom\u00e1ticas festivas. Uma experi\u00eancia de sabor \u00fanica e simples.<\/p>","protected":false},"featured_media":3599,"comment_status":"open","ping_status":"closed","template":"","meta":{"jetpack_publicize_message":"","jetpack_publicize_feature_enabled":true,"jetpack_social_post_already_shared":false,"jetpack_social_options":{"image_generator_settings":{"template":"highway","default_image_id":0,"font":"","enabled":false},"version":2}},"product_brand":[],"product_cat":[57],"product_tag":[24,43],"class_list":{"0":"post-256","1":"product","2":"type-product","3":"status-publish","4":"has-post-thumbnail","6":"product_cat-editions-limitees","7":"product_tag-gros-sel","8":"product_tag-orange","10":"first","11":"outofstock","12":"taxable","13":"shipping-taxable","14":"purchasable","15":"product-type-simple"},"bundled_by":[],"bundle_stock_status":"outofstock","bundle_stock_quantity":null,"bundle_virtual":false,"bundle_layout":"","bundle_add_to_cart_form_location":"","bundle_editable_in_cart":false,"bundle_sold_individually_context":"","bundle_item_grouping":"","bundle_min_size":"","bundle_max_size":"","bundle_price":[],"bundled_items":[],"bundle_sell_ids":[],"jetpack_publicize_connections":[],"jetpack_sharing_enabled":true,"_links":{"self":[{"href":"https:\/\/saltisimo.com\/pt\/wp-json\/wp\/v2\/product\/256","targetHints":{"allow":["GET"]}}],"collection":[{"href":"https:\/\/saltisimo.com\/pt\/wp-json\/wp\/v2\/product"}],"about":[{"href":"https:\/\/saltisimo.com\/pt\/wp-json\/wp\/v2\/types\/product"}],"replies":[{"embeddable":true,"href":"https:\/\/saltisimo.com\/pt\/wp-json\/wp\/v2\/comments?post=256"}],"wp:featuredmedia":[{"embeddable":true,"href":"https:\/\/saltisimo.com\/pt\/wp-json\/wp\/v2\/media\/3599"}],"wp:attachment":[{"href":"https:\/\/saltisimo.com\/pt\/wp-json\/wp\/v2\/media?parent=256"}],"wp:term":[{"taxonomy":"product_brand","embeddable":true,"href":"https:\/\/saltisimo.com\/pt\/wp-json\/wp\/v2\/product_brand?post=256"},{"taxonomy":"product_cat","embeddable":true,"href":"https:\/\/saltisimo.com\/pt\/wp-json\/wp\/v2\/product_cat?post=256"},{"taxonomy":"product_tag","embeddable":true,"href":"https:\/\/saltisimo.com\/pt\/wp-json\/wp\/v2\/product_tag?post=256"}],"curies":[{"name":"wp","href":"https:\/\/api.w.org\/{rel}","templated":true}]}}