{"id":3203,"date":"2024-05-22T13:20:05","date_gmt":"2024-05-22T12:20:05","guid":{"rendered":"https:\/\/saltisimo.com\/?post_type=product&#038;p=3203"},"modified":"2024-10-04T13:48:07","modified_gmt":"2024-10-04T12:48:07","slug":"maco-de-folhas-de-oliveira-aromatica","status":"publish","type":"product","link":"https:\/\/saltisimo.com\/pt\/produto\/maco-de-folhas-de-oliveira-aromatica\/","title":{"rendered":"Duo arom\u00e1tico - Louro e oliveira"},"content":{"rendered":"<h2>Pacote duo arom\u00e1tico - Louro e folhas de oliveira<\/h2>\n<p data-sourcepos=\"9:1-9:241\">Mergulhe num antigo ritual de bem-estar com o nosso duo arom\u00e1tico. Este duo de folhas de louro e de oliveira, s\u00edmbolos de purifica\u00e7\u00e3o e de prote\u00e7\u00e3o, convida-o a criar uma atmosfera calmante e revitalizante em sua casa.<\/p>\n<p data-sourcepos=\"11:1-11:195\"><strong>Folhas de loureiro :<\/strong> Reconhecidas pelas suas propriedades purificadoras e pelo seu perfume encantador, as nossas folhas de louro cuidadosamente seleccionadas ir\u00e3o transport\u00e1-lo para um casulo de tranquilidade.<\/p>\n<p data-sourcepos=\"13:1-13:96\"><strong>Folhas de oliveira :<\/strong> S\u00edmbolos de paz e longevidade, as nossas folhas de oliveira colhidas \u00e0 m\u00e3o s\u00e3o um verdadeiro tesouro da natureza, trazendo um toque de serenidade \u00e0 sua vida quotidiana.<\/p>\n<h3 data-sourcepos=\"15:1-15:33\"><strong>Porqu\u00ea escolher a nossa dupla?<\/strong><\/h3>\n<ul data-sourcepos=\"17:1-20:24\">\n<li data-sourcepos=\"17:1-17:138\"><strong>Cultivo natural :<\/strong> As nossas \u00e1rvores crescem sem pesticidas ou produtos qu\u00edmicos, respeitando o ambiente e a sua sa\u00fade.<\/li>\n<li data-sourcepos=\"18:1-18:152\"><strong>Escolhido a dedo :<\/strong> As nossas folhas s\u00e3o cuidadosamente colhidas, depois lavadas em \u00e1gua limpa e secas naturalmente para preservar todas as suas virtudes.<\/li>\n<li data-sourcepos=\"19:1-19:128\"><strong>Qualidade artesanal :<\/strong> Preferimos o acondicionamento manual para garantir a frescura e a qualidade dos nossos produtos.<\/li>\n<li data-sourcepos=\"20:1-20:24\"><strong>Benef\u00edcios ancestrais :<\/strong> Redescubra os poderes ancestrais destas plantas sagradas para harmonizar o seu corpo e a sua mente.<\/li>\n<\/ul>\n<h3 data-sourcepos=\"22:1-22:28\"><strong>Modo de utiliza\u00e7\u00e3o :<\/strong><\/h3>\n<p data-sourcepos=\"24:1-24:41\">D\u00ea asas \u00e0 sua criatividade!<\/p>\n<ul data-sourcepos=\"26:1-29:0\">\n<li data-sourcepos=\"26:1-26:98\"><strong>Diffusez<\/strong> algumas folhas numa tigela de \u00e1gua quente para desfrutar do seu aroma calmante.<\/li>\n<li data-sourcepos=\"27:1-27:83\"><strong>Criar<\/strong> saquetas perfumadas para guardar nas suas gavetas ou debaixo da almofada.<\/li>\n<li data-sourcepos=\"28:1-29:0\"><strong>Adicionar<\/strong> as folhas para os seus rituais de medita\u00e7\u00e3o ou de relaxamento.<\/li>\n<\/ul>\n<h3 data-sourcepos=\"30:1-30:22\"><strong>O nosso compromisso:<\/strong><\/h3>\n<p data-sourcepos=\"32:1-32:79\"><a href=\"https:\/\/saltisimo.com\/pt\/quem-e-saltisimo\/\">Saltisimo<\/a> est\u00e1 empenhada em oferecer-lhe produtos naturais da mais alta qualidade, produzidos por m\u00e9todos agr\u00edcolas respeitadores do ambiente.<\/p>\n<p data-sourcepos=\"34:1-34:17\">","protected":false},"excerpt":{"rendered":"<p>Este duo de folhas de louro e de oliveira, s\u00edmbolos de purifica\u00e7\u00e3o e de prote\u00e7\u00e3o, convida-o a criar uma atmosfera relaxante em sua casa. Colhidas \u00e0 m\u00e3o e cultivadas naturalmente, estas folhas oferecem-lhe os seus benef\u00edcios ancestrais para harmonizar o seu corpo e a sua mente. Desfrute dos seus aromas encantadores em vapor, em saquetas perfumadas ou durante os seus rituais de relaxamento.<\/p>","protected":false},"featured_media":3204,"comment_status":"open","ping_status":"closed","template":"","meta":{"jetpack_publicize_message":"Duo aromatique - Feuilles de laurier & olivier","jetpack_publicize_feature_enabled":true,"jetpack_social_post_already_shared":true,"jetpack_social_options":{"image_generator_settings":{"template":"highway","default_image_id":0,"font":"","enabled":false},"version":2}},"product_brand":[],"product_cat":[96],"product_tag":[98,99],"class_list":{"0":"post-3203","1":"product","2":"type-product","3":"status-publish","4":"has-post-thumbnail","6":"product_cat-bien-etre-nature","7":"product_tag-feuille-dolivier","8":"product_tag-laurier-sauce","10":"first","11":"instock","12":"taxable","13":"shipping-taxable","14":"purchasable","15":"product-type-woosb"},"bundled_by":[],"bundle_stock_status":"instock","bundle_stock_quantity":null,"bundle_virtual":false,"bundle_layout":"","bundle_add_to_cart_form_location":"","bundle_editable_in_cart":false,"bundle_sold_individually_context":"","bundle_item_grouping":"","bundle_min_size":"","bundle_max_size":"","bundle_price":[],"bundled_items":[],"bundle_sell_ids":[],"jetpack_publicize_connections":[],"jetpack_sharing_enabled":true,"_links":{"self":[{"href":"https:\/\/saltisimo.com\/pt\/wp-json\/wp\/v2\/product\/3203","targetHints":{"allow":["GET"]}}],"collection":[{"href":"https:\/\/saltisimo.com\/pt\/wp-json\/wp\/v2\/product"}],"about":[{"href":"https:\/\/saltisimo.com\/pt\/wp-json\/wp\/v2\/types\/product"}],"replies":[{"embeddable":true,"href":"https:\/\/saltisimo.com\/pt\/wp-json\/wp\/v2\/comments?post=3203"}],"wp:featuredmedia":[{"embeddable":true,"href":"https:\/\/saltisimo.com\/pt\/wp-json\/wp\/v2\/media\/3204"}],"wp:attachment":[{"href":"https:\/\/saltisimo.com\/pt\/wp-json\/wp\/v2\/media?parent=3203"}],"wp:term":[{"taxonomy":"product_brand","embeddable":true,"href":"https:\/\/saltisimo.com\/pt\/wp-json\/wp\/v2\/product_brand?post=3203"},{"taxonomy":"product_cat","embeddable":true,"href":"https:\/\/saltisimo.com\/pt\/wp-json\/wp\/v2\/product_cat?post=3203"},{"taxonomy":"product_tag","embeddable":true,"href":"https:\/\/saltisimo.com\/pt\/wp-json\/wp\/v2\/product_tag?post=3203"}],"curies":[{"name":"wp","href":"https:\/\/api.w.org\/{rel}","templated":true}]}}