{"id":3205,"date":"2024-05-20T13:02:27","date_gmt":"2024-05-20T12:02:27","guid":{"rendered":"https:\/\/saltisimo.com\/?post_type=product&#038;p=3205"},"modified":"2024-10-04T13:48:09","modified_gmt":"2024-10-04T12:48:09","slug":"trio-de-sal-marinho-sal-grosso-espuma-de-flores-2","status":"publish","type":"product","link":"https:\/\/saltisimo.com\/pt\/produto\/trio-de-sal-marinho-sal-grosso-espuma-de-flores-2\/","title":{"rendered":"Trio de sal marinho - Sal grosso, Flor e Espuma"},"content":{"rendered":"<h2>Trio de sal marinho gourmet - Sal grosso, Flor de Sal e \u00c9cume de Sal<\/h2>\n<p data-sourcepos=\"9:1-9:237\">Transforme os seus pratos em cria\u00e7\u00f5es culin\u00e1rias com o nosso <strong>trio de sal marinho gourmet<\/strong>. Este conjunto de caixas re\u00fane tr\u00eas tesouros dos p\u00e2ntanos salgados: o <a href=\"https:\/\/saltisimo.com\/pt\/produto\/sal-grosso-daveiro\/\">sal grosso<\/a>flor de sal e<a href=\"https:\/\/saltisimo.com\/pt\/produto\/espuma-de-sal-daveiro\/\">espuma de sal<\/a>cada uma com a sua textura e intensidade \u00fanicas.<\/p>\n<p data-sourcepos=\"11:1-11:168\"><strong>Sal grosso :<\/strong> Indispens\u00e1vel na cozinha, o nosso sal grosso colhido \u00e0 m\u00e3o confere um sabor arrojado e uma textura estaladi\u00e7a aos seus pratos cozinhados, carnes grelhadas e legumes.<\/p>\n<p data-sourcepos=\"13:1-13:103\"><strong>Flor de sal :<\/strong> Delicada e preciosa, a nossa flor de sal \u00e9 colhida \u00e0 superf\u00edcie das salinas. Os seus cristais fundentes libertam uma explos\u00e3o de sabores marinhos, ideais para real\u00e7ar a sua carne, peixe e sobremesas.<\/p>\n<p data-sourcepos=\"15:1-15:212\"><strong>Escuma de sal :<\/strong> Rara e leve, a nossa espuma de sal forma-se naturalmente ao sabor do vento e das ondas. A sua textura arejada e o seu sabor subtil fazem dela um condimento excecional para os seus pratos mais requintados.<\/p>\n<h3 data-sourcepos=\"17:1-17:33\"><strong>Porqu\u00ea escolher o nosso trio?<\/strong><\/h3>\n<ul data-sourcepos=\"19:1-20:31\">\n<li data-sourcepos=\"19:1-19:152\"><strong>Feito \u00e0 m\u00e3o :<\/strong> Os nossos sais prov\u00eam de salinas tradicionais, onde o saber-fazer ancestral foi transmitido de gera\u00e7\u00e3o em gera\u00e7\u00e3o.<\/li>\n<li data-sourcepos=\"20:1-20:31\"><strong>Escolhido a dedo :<\/strong> Cada gr\u00e3o de sal \u00e9 colhido \u00e0 m\u00e3o com paix\u00e3o e respeito pela natureza.<\/li>\n<li data-sourcepos=\"21:1-21:141\"><strong>Pureza natural :<\/strong> Os nossos sais n\u00e3o s\u00e3o submetidos a qualquer tratamento qu\u00edmico, pelo que conservam toda a sua riqueza em minerais e oligoelementos.<\/li>\n<li data-sourcepos=\"22:1-23:0\"><strong>Sabores aut\u00eanticos :<\/strong> Descubra a ess\u00eancia do mar em cada pitada de sal.<\/li>\n<\/ul>\n<h3 data-sourcepos=\"24:1-24:28\"><strong>Modo de utiliza\u00e7\u00e3o :<\/strong><\/h3>\n<ul data-sourcepos=\"26:1-27:93\">\n<li data-sourcepos=\"26:1-26:83\"><strong>Sal grosso :<\/strong> Utilize-o para cozinhar massa, arroz, legumes e carne.<\/li>\n<li data-sourcepos=\"27:1-27:93\"><strong>Flor de sal :<\/strong> Polvilhe como toque final nos seus pratos para real\u00e7ar os seus sabores.<\/li>\n<li data-sourcepos=\"28:1-29:0\"><strong>Escuma de sal :<\/strong> Polvilhar delicadamente sobre peixes, mariscos, carpaccios e sobremesas.<\/li>\n<\/ul>\n<h3 data-sourcepos=\"30:1-30:22\"><strong>O nosso compromisso:<\/strong><\/h3>\n<p data-sourcepos=\"32:1-32:127\">A Saltisimo compromete-se a oferecer-lhe produtos excepcionais, fabricados com t\u00e9cnicas artesanais tradicionais e respeitando o ambiente.<\/p>\n<p data-sourcepos=\"34:1-34:77\"><strong>Descubra as m\u00faltiplas facetas do sal marinho com o nosso Trio Gourmand!<\/strong><\/p>","protected":false},"excerpt":{"rendered":"<p>Realce os seus pratos com o nosso Trio Gourmand de Sel de Mer: sal grosso, flor de sal e sal de meerschaum, colhidos \u00e0 m\u00e3o nas salinas tradicionais. Uma explos\u00e3o de sabores marinhos para uma cozinha gourmet!<\/p>","protected":false},"featured_media":3207,"comment_status":"open","ping_status":"closed","template":"","meta":{"jetpack_publicize_message":"","jetpack_publicize_feature_enabled":true,"jetpack_social_post_already_shared":true,"jetpack_social_options":{"image_generator_settings":{"template":"highway","default_image_id":0,"font":"","enabled":false},"version":2}},"product_brand":[],"product_cat":[19],"product_tag":[48,37,24],"class_list":{"0":"post-3205","1":"product","2":"type-product","3":"status-publish","4":"has-post-thumbnail","6":"product_cat-sel-nature-du-portugal","7":"product_tag-ecume","8":"product_tag-fleur-de-sel","9":"product_tag-gros-sel","11":"first","12":"instock","13":"taxable","14":"shipping-taxable","15":"purchasable","16":"product-type-woosb"},"bundled_by":[],"bundle_stock_status":"instock","bundle_stock_quantity":null,"bundle_virtual":false,"bundle_layout":"","bundle_add_to_cart_form_location":"","bundle_editable_in_cart":false,"bundle_sold_individually_context":"","bundle_item_grouping":"","bundle_min_size":"","bundle_max_size":"","bundle_price":[],"bundled_items":[],"bundle_sell_ids":[],"jetpack_publicize_connections":[],"jetpack_sharing_enabled":true,"_links":{"self":[{"href":"https:\/\/saltisimo.com\/pt\/wp-json\/wp\/v2\/product\/3205","targetHints":{"allow":["GET"]}}],"collection":[{"href":"https:\/\/saltisimo.com\/pt\/wp-json\/wp\/v2\/product"}],"about":[{"href":"https:\/\/saltisimo.com\/pt\/wp-json\/wp\/v2\/types\/product"}],"replies":[{"embeddable":true,"href":"https:\/\/saltisimo.com\/pt\/wp-json\/wp\/v2\/comments?post=3205"}],"wp:featuredmedia":[{"embeddable":true,"href":"https:\/\/saltisimo.com\/pt\/wp-json\/wp\/v2\/media\/3207"}],"wp:attachment":[{"href":"https:\/\/saltisimo.com\/pt\/wp-json\/wp\/v2\/media?parent=3205"}],"wp:term":[{"taxonomy":"product_brand","embeddable":true,"href":"https:\/\/saltisimo.com\/pt\/wp-json\/wp\/v2\/product_brand?post=3205"},{"taxonomy":"product_cat","embeddable":true,"href":"https:\/\/saltisimo.com\/pt\/wp-json\/wp\/v2\/product_cat?post=3205"},{"taxonomy":"product_tag","embeddable":true,"href":"https:\/\/saltisimo.com\/pt\/wp-json\/wp\/v2\/product_tag?post=3205"}],"curies":[{"name":"wp","href":"https:\/\/api.w.org\/{rel}","templated":true}]}}