{"id":402,"date":"2020-10-07T22:44:45","date_gmt":"2020-10-07T21:44:45","guid":{"rendered":"https:\/\/saltisimo.com\/?post_type=product&#038;p=402"},"modified":"2025-09-22T15:34:57","modified_gmt":"2025-09-22T14:34:57","slug":"flor-de-sel-com-curry","status":"publish","type":"product","link":"https:\/\/saltisimo.com\/pt\/produto\/flor-de-sel-com-curry\/","title":{"rendered":"Flor de sel com curry"},"content":{"rendered":"<h2><strong>Flor de sal com caril, u<\/strong>poderosa combina\u00e7\u00e3o de aromas<\/h2>\n<p>Procura um ingrediente excecional para melhorar as suas cria\u00e7\u00f5es culin\u00e1rias? N\u00e3o procure mais! A nossa flor de sal com caril \u00e9 a resposta \u00e0s suas maiores expectativas em termos de sabor e qualidade.<\/p>\n<h3><strong>Uma mistura de eleva\u00e7\u00e3o e arom\u00e1tica<\/strong>:<\/h3>\n<p>O nosso tempero alto \u00e9 um casamento da flor de sal de Aveiro, com o seu car\u00e1cter poderoso e o seu nobre sabor violeta, com uma mistura requintada de caril, coco e outras especiarias e ervas arom\u00e1ticas. Esta fus\u00e3o cria uma alian\u00e7a excecional, pronta a sublimar cada um dos seus pratos.<\/p>\n<h3><strong>Facilite os seus cozinhados com os nossos condimentos aromatizados<\/strong>:<\/h3>\n<p>Longe v\u00e3o os dias em que tinha de procurar na sua cozinha uma infinidade de condimentos. O nosso tempero elevado foi concebido para simplificar a sua experi\u00eancia culin\u00e1ria. Por vezes, basta uma colherada do nosso tempero para o levar numa viagem pelos sabores e especiarias.<\/p>\n<h3><strong>Conservar a frescura e a intensidade dos sabores<\/strong>:<\/h3>\n<p>Estamos determinados a manter a elevada qualidade dos nossos condimentos. Cada produto \u00e9 entregue em embalagens hermeticamente fechadas para garantir a frescura e a intensidade do sabor. Para uma conserva\u00e7\u00e3o \u00f3ptima, recomendamos que transfira os nossos condimentos para um recipiente opaco.<\/p>\n<h3><strong>Utiliza\u00e7\u00e3o vers\u00e1til<\/strong>:<\/h3>\n<p>Os produtos SaltiSimo s\u00e3o extremamente vers\u00e1teis. Pode utiliz\u00e1-los tal como est\u00e3o para dar um toque de eleg\u00e2ncia aos seus pratos ou tritur\u00e1-los com um moinho de especiarias para controlar a quantidade de condimento e libertar os aromas das especiarias n\u00e3o trituradas. Seja qual for a sua escolha, ficar\u00e1 encantado com a forma como elas real\u00e7am as suas cria\u00e7\u00f5es culin\u00e1rias.<\/p>\n<p>Ofere\u00e7a ao seu paladar uma experi\u00eancia de sabor \u00fanica com o nosso tempero para caril. Redescubra a magia de cozinhar com esta mistura refinada que promete levar cada prato ao pr\u00f3ximo n\u00edvel.<\/p>\n<p style=\"text-align: center;\"><strong>Deixe-se tentar pela excel\u00eancia gastron\u00f3mica, encomende j\u00e1 a sua Fleur de Sel au Curry e transforme as suas refei\u00e7\u00f5es numa experi\u00eancia memor\u00e1vel.<\/strong><\/p>","protected":false},"excerpt":{"rendered":"<p>Descubra a nossa Flor de Sal com Caril, uma explos\u00e3o de sabores para real\u00e7ar os seus pratos num s\u00f3 passo.<\/p>","protected":false},"featured_media":2253,"comment_status":"open","ping_status":"closed","template":"","meta":{"jetpack_publicize_message":"","jetpack_publicize_feature_enabled":true,"jetpack_social_post_already_shared":false,"jetpack_social_options":{"image_generator_settings":{"template":"highway","default_image_id":0,"font":"","enabled":false},"version":2}},"product_brand":[],"product_cat":[17,53],"product_tag":[25,37],"class_list":{"0":"post-402","1":"product","2":"type-product","3":"status-publish","4":"has-post-thumbnail","6":"product_cat-sel-aromatique-du-portugal","7":"product_cat-fleur-de-sel-aromatique","8":"product_tag-curry","9":"product_tag-fleur-de-sel","11":"first","12":"instock","13":"taxable","14":"shipping-taxable","15":"purchasable","16":"product-type-variable","17":"has-default-attributes"},"bundled_by":["3584"],"bundle_stock_status":"instock","bundle_stock_quantity":null,"bundle_virtual":false,"bundle_layout":"","bundle_add_to_cart_form_location":"","bundle_editable_in_cart":false,"bundle_sold_individually_context":"","bundle_item_grouping":"","bundle_min_size":"","bundle_max_size":"","bundle_price":[],"bundled_items":[],"bundle_sell_ids":[],"jetpack_publicize_connections":[],"jetpack_sharing_enabled":true,"_links":{"self":[{"href":"https:\/\/saltisimo.com\/pt\/wp-json\/wp\/v2\/product\/402","targetHints":{"allow":["GET"]}}],"collection":[{"href":"https:\/\/saltisimo.com\/pt\/wp-json\/wp\/v2\/product"}],"about":[{"href":"https:\/\/saltisimo.com\/pt\/wp-json\/wp\/v2\/types\/product"}],"replies":[{"embeddable":true,"href":"https:\/\/saltisimo.com\/pt\/wp-json\/wp\/v2\/comments?post=402"}],"wp:featuredmedia":[{"embeddable":true,"href":"https:\/\/saltisimo.com\/pt\/wp-json\/wp\/v2\/media\/2253"}],"wp:attachment":[{"href":"https:\/\/saltisimo.com\/pt\/wp-json\/wp\/v2\/media?parent=402"}],"wp:term":[{"taxonomy":"product_brand","embeddable":true,"href":"https:\/\/saltisimo.com\/pt\/wp-json\/wp\/v2\/product_brand?post=402"},{"taxonomy":"product_cat","embeddable":true,"href":"https:\/\/saltisimo.com\/pt\/wp-json\/wp\/v2\/product_cat?post=402"},{"taxonomy":"product_tag","embeddable":true,"href":"https:\/\/saltisimo.com\/pt\/wp-json\/wp\/v2\/product_tag?post=402"}],"curies":[{"name":"wp","href":"https:\/\/api.w.org\/{rel}","templated":true}]}}