{"id":753,"date":"2020-11-09T18:14:40","date_gmt":"2020-11-09T18:14:40","guid":{"rendered":"https:\/\/saltisimo.com\/?post_type=product&#038;p=753"},"modified":"2025-09-22T15:36:55","modified_gmt":"2025-09-22T14:36:55","slug":"flor-de-sal-com-gengibre","status":"publish","type":"product","link":"https:\/\/saltisimo.com\/pt\/produto\/flor-de-sal-com-gengibre\/","title":{"rendered":"Flor de sal com gengibre"},"content":{"rendered":"<h2><strong>Flor de sal com gengibre<\/strong>uma combina\u00e7\u00e3o poderosa para real\u00e7ar os seus pratos<\/h2>\n<p>Procura um ingrediente excecional para real\u00e7ar os seus pratos? Ent\u00e3o n\u00e3o procure mais! O nosso sal de gengibre \u00e9 a resposta \u00e0s suas expectativas mais exigentes em termos de sabor e qualidade.<\/p>\n<h3><strong>Uma mistura de eleva\u00e7\u00e3o e car\u00e1cter<\/strong>:<\/h3>\n<p>O nosso produto \u00e9 uma obra-prima culin\u00e1ria que combina a delicadeza da flor de sal com o car\u00e1cter poderoso do gengibre e do cardamomo. Esta combina\u00e7\u00e3o de sabores forma uma alian\u00e7a poderosa, pronta a valorizar todos os pratos que preparar. Deixe-se levar pela harmonia entre o gengibre e o cardamomo, uma dan\u00e7a de sabores em cada gr\u00e3o deste condimento excecional.<\/p>\n<h3><strong>Facilite os seus cozinhados com os nossos condimentos aromatizados<\/strong>:<\/h3>\n<p>Longe v\u00e3o os dias em que tinha de andar a vasculhar a sua cozinha \u00e0 procura de v\u00e1rios condimentos. O nosso produto foi concebido para simplificar a sua experi\u00eancia culin\u00e1ria. Por vezes, basta uma colherada do nosso condimento para o transportar atrav\u00e9s de sabores e especiarias.<\/p>\n<h3><strong>Preservar a frescura e a intensidade dos aromas<\/strong>:<\/h3>\n<p>Comprometemo-nos a manter a qualidade superior do nosso sal de gengibre. Cada produto \u00e9 entregue em embalagens hermeticamente fechadas para garantir a sua frescura e o seu sabor intenso. Para uma conserva\u00e7\u00e3o \u00f3ptima, recomendamos que transfira o nosso condimento para um recipiente opaco.<\/p>\n<h3><strong>Utiliza\u00e7\u00e3o vers\u00e1til<\/strong>:<\/h3>\n<p>Os nossos produtos podem ser utilizados tal e qual para dar um toque de eleg\u00e2ncia aos seus pratos, ou mo\u00eddos com um moinho de especiarias para controlar a quantidade de condimento e libertar os aromas das especiarias n\u00e3o trituradas. Seja qual for a sua escolha, ficar\u00e1 encantado com a forma como real\u00e7a as suas cria\u00e7\u00f5es culin\u00e1rias.<\/p>\n<p style=\"text-align: center;\"><strong>Deixe-se tentar pela excel\u00eancia culin\u00e1ria, encomende j\u00e1 os nossos produtos e transforme as suas refei\u00e7\u00f5es numa experi\u00eancia memor\u00e1vel.<\/strong><\/p>","protected":false},"excerpt":{"rendered":"<p>Descubra a nossa Flor de sal com gengibre, uma fus\u00e3o audaciosa para real\u00e7ar os seus pratos num instante.<\/p>","protected":false},"featured_media":2254,"comment_status":"open","ping_status":"closed","template":"","meta":{"jetpack_publicize_message":"Fleur de sel au gingembre","jetpack_publicize_feature_enabled":true,"jetpack_social_post_already_shared":true,"jetpack_social_options":{"image_generator_settings":{"template":"highway","default_image_id":0,"font":"","enabled":false},"version":2}},"product_brand":[],"product_cat":[53],"product_tag":[37,58],"class_list":{"0":"post-753","1":"product","2":"type-product","3":"status-publish","4":"has-post-thumbnail","6":"product_cat-fleur-de-sel-aromatique","7":"product_tag-fleur-de-sel","8":"product_tag-gingembre","10":"first","11":"instock","12":"taxable","13":"shipping-taxable","14":"purchasable","15":"product-type-variable","16":"has-default-attributes"},"bundled_by":["3584"],"bundle_stock_status":"instock","bundle_stock_quantity":null,"bundle_virtual":false,"bundle_layout":"","bundle_add_to_cart_form_location":"","bundle_editable_in_cart":false,"bundle_sold_individually_context":"","bundle_item_grouping":"","bundle_min_size":"","bundle_max_size":"","bundle_price":[],"bundled_items":[],"bundle_sell_ids":[],"jetpack_publicize_connections":[],"jetpack_sharing_enabled":true,"_links":{"self":[{"href":"https:\/\/saltisimo.com\/pt\/wp-json\/wp\/v2\/product\/753","targetHints":{"allow":["GET"]}}],"collection":[{"href":"https:\/\/saltisimo.com\/pt\/wp-json\/wp\/v2\/product"}],"about":[{"href":"https:\/\/saltisimo.com\/pt\/wp-json\/wp\/v2\/types\/product"}],"replies":[{"embeddable":true,"href":"https:\/\/saltisimo.com\/pt\/wp-json\/wp\/v2\/comments?post=753"}],"wp:featuredmedia":[{"embeddable":true,"href":"https:\/\/saltisimo.com\/pt\/wp-json\/wp\/v2\/media\/2254"}],"wp:attachment":[{"href":"https:\/\/saltisimo.com\/pt\/wp-json\/wp\/v2\/media?parent=753"}],"wp:term":[{"taxonomy":"product_brand","embeddable":true,"href":"https:\/\/saltisimo.com\/pt\/wp-json\/wp\/v2\/product_brand?post=753"},{"taxonomy":"product_cat","embeddable":true,"href":"https:\/\/saltisimo.com\/pt\/wp-json\/wp\/v2\/product_cat?post=753"},{"taxonomy":"product_tag","embeddable":true,"href":"https:\/\/saltisimo.com\/pt\/wp-json\/wp\/v2\/product_tag?post=753"}],"curies":[{"name":"wp","href":"https:\/\/api.w.org\/{rel}","templated":true}]}}